{"id":886,"date":"2025-10-05T14:07:33","date_gmt":"2025-10-05T14:07:33","guid":{"rendered":"https:\/\/colomboarchitecture.com\/?page_id=886"},"modified":"2025-11-15T10:18:13","modified_gmt":"2025-11-15T10:18:13","slug":"casa-h-bruxelles","status":"publish","type":"page","link":"https:\/\/colomboarchitecture.com\/es\/casa-h-bruxelles\/","title":{"rendered":"Casa H, Bruxelles"},"content":{"rendered":"<div data-elementor-type=\"wp-page\" data-elementor-id=\"886\" class=\"elementor elementor-886\" data-elementor-post-type=\"page\">\n\t\t\t\t<div class=\"elementor-element elementor-element-9a9d110 e-con-full e-flex e-con e-parent\" data-id=\"9a9d110\" data-element_type=\"container\" data-settings=\"{&quot;background_background&quot;:&quot;classic&quot;}\">\n\t\t\t\t<div class=\"elementor-element elementor-element-d262f63 elementor-widget elementor-widget-spacer\" data-id=\"d262f63\" data-element_type=\"widget\" data-widget_type=\"spacer.default\">\n\t\t\t\t\t\t\t<div class=\"elementor-spacer\">\n\t\t\t<div class=\"elementor-spacer-inner\"><\/div>\n\t\t<\/div>\n\t\t\t\t\t\t<\/div>\n\t\t\t\t<\/div>\n\t\t<div class=\"elementor-element elementor-element-546147b e-con-full e-flex e-con e-parent\" data-id=\"546147b\" data-element_type=\"container\">\n\t\t<div class=\"elementor-element elementor-element-44e2889 e-con-full e-flex e-con e-child\" data-id=\"44e2889\" data-element_type=\"container\">\n\t\t\t\t<div class=\"elementor-element elementor-element-4c1374b elementor-widget elementor-widget-heading\" data-id=\"4c1374b\" data-element_type=\"widget\" data-widget_type=\"heading.default\">\n\t\t\t\t\t<h1 class=\"elementor-heading-title elementor-size-default\">Casa H\n<\/h1>\t\t\t\t<\/div>\n\t\t\t\t<div class=\"elementor-element elementor-element-6f2e96c elementor-widget elementor-widget-text-editor\" data-id=\"6f2e96c\" data-element_type=\"widget\" data-widget_type=\"text-editor.default\">\n\t\t\t\t\t\t\t\t\t<p>Brussels, Belgium<br \/>2011<\/p>\t\t\t\t\t\t\t\t<\/div>\n\t\t\t\t<\/div>\n\t\t<div class=\"elementor-element elementor-element-7ed9e33 e-con-full e-flex e-con e-child\" data-id=\"7ed9e33\" data-element_type=\"container\">\n\t\t\t\t<div class=\"elementor-element elementor-element-4a028c4 elementor-widget elementor-widget-text-editor\" data-id=\"4a028c4\" data-element_type=\"widget\" data-widget_type=\"text-editor.default\">\n\t\t\t\t\t\t\t\t\t<p><strong>CATEGOR\u00cdA<\/strong><\/p><p>COMMERCIAL \/ COMPLETE RENOVATION<\/p><p><strong>EQUIPO<\/strong><\/p><p>COLOMBO ARCHITECTURE<\/p><p><strong>SUPERFICIE<\/strong><\/p><p>98m2<\/p><p><strong>ESTADO<\/strong><\/p><p>COMPLETADO<\/p>\t\t\t\t\t\t\t\t<\/div>\n\t\t\t\t<\/div>\n\t\t<div class=\"elementor-element elementor-element-5d8185a e-con-full e-flex e-con e-child\" data-id=\"5d8185a\" data-element_type=\"container\">\n\t\t\t\t<div class=\"elementor-element elementor-element-363c8a3 elementor-widget elementor-widget-text-editor\" data-id=\"363c8a3\" data-element_type=\"widget\" data-widget_type=\"text-editor.default\">\n\t\t\t\t\t\t\t\t\t<p>Este apartamento, concebido para un joven profesional, ocupa una planta del \u201cEdificio W De Koninck\u201d (1968), uno de los \u00faltimos proyectos del gran arquitecto belga modernista y constructivista Louis Herman De Koninck, con vistas a la Avenue Louise, en el centro de Bruselas. Se tuvo en cuenta el car\u00e1cter y la historia del edificio, ya que el deseo tanto del cliente como de los arquitectos era recuperar la racionalidad del concepto original, que se hab\u00eda perdido al transformarse en oficinas.<\/p><p>La prioridad principal fue aprovechar la luminosidad de los enormes ventanales de modo que ninguna parte de la planta, considerablemente alargada, quedara sin luz natural. Para lograrlo, se utilizaron como cerramientos particiones acristaladas con distintos niveles de opacidad. Para el control de la luz y preservar la intimidad se emplearon cortinas de diferentes espesores.<\/p>\t\t\t\t\t\t\t\t<\/div>\n\t\t\t\t<\/div>\n\t\t\t\t<\/div>\n\t\t<div class=\"elementor-element elementor-element-ed1c59f e-con-full e-flex e-con e-parent\" data-id=\"ed1c59f\" data-element_type=\"container\">\n\t\t<div class=\"elementor-element elementor-element-9e09b81 e-con-full e-flex e-con e-child\" data-id=\"9e09b81\" data-element_type=\"container\">\n\t\t\t\t<div class=\"elementor-element elementor-element-d24fa80 elementor-widget elementor-widget-image\" data-id=\"d24fa80\" data-element_type=\"widget\" data-widget_type=\"image.default\">\n\t\t\t\t\t\t\t\t\t\t\t\t\t\t\t<img fetchpriority=\"high\" decoding=\"async\" width=\"1766\" height=\"1179\" src=\"https:\/\/colomboarchitecture.com\/wp-content\/uploads\/2025\/09\/47FlordeLliri-11037.jpg\" class=\"attachment-full size-full wp-image-639\" alt=\"\" srcset=\"https:\/\/colomboarchitecture.com\/wp-content\/uploads\/2025\/09\/47FlordeLliri-11037.jpg 1766w, https:\/\/colomboarchitecture.com\/wp-content\/uploads\/2025\/09\/47FlordeLliri-11037-300x200.jpg 300w, https:\/\/colomboarchitecture.com\/wp-content\/uploads\/2025\/09\/47FlordeLliri-11037-1024x684.jpg 1024w, https:\/\/colomboarchitecture.com\/wp-content\/uploads\/2025\/09\/47FlordeLliri-11037-768x513.jpg 768w, https:\/\/colomboarchitecture.com\/wp-content\/uploads\/2025\/09\/47FlordeLliri-11037-1536x1025.jpg 1536w\" sizes=\"(max-width: 1766px) 100vw, 1766px\" \/>\t\t\t\t\t\t\t\t\t\t\t\t\t\t\t<\/div>\n\t\t\t\t<\/div>\n\t\t\t\t<\/div>\n\t\t<div class=\"elementor-element elementor-element-cb4eb63 e-con-full e-flex e-con e-parent\" data-id=\"cb4eb63\" data-element_type=\"container\">\n\t\t<div class=\"elementor-element elementor-element-705d171 e-con-full e-flex e-con e-child\" data-id=\"705d171\" data-element_type=\"container\">\n\t\t\t\t<div class=\"elementor-element elementor-element-57edec8 elementor-widget elementor-widget-image\" data-id=\"57edec8\" data-element_type=\"widget\" data-widget_type=\"image.default\">\n\t\t\t\t\t\t\t\t\t\t\t\t\t\t\t<img decoding=\"async\" width=\"2500\" height=\"1229\" src=\"https:\/\/colomboarchitecture.com\/wp-content\/uploads\/2025\/10\/PLANTA.png\" class=\"attachment-full size-full wp-image-890\" alt=\"\" srcset=\"https:\/\/colomboarchitecture.com\/wp-content\/uploads\/2025\/10\/PLANTA.png 2500w, https:\/\/colomboarchitecture.com\/wp-content\/uploads\/2025\/10\/PLANTA-300x147.png 300w, https:\/\/colomboarchitecture.com\/wp-content\/uploads\/2025\/10\/PLANTA-1024x503.png 1024w, https:\/\/colomboarchitecture.com\/wp-content\/uploads\/2025\/10\/PLANTA-768x378.png 768w, https:\/\/colomboarchitecture.com\/wp-content\/uploads\/2025\/10\/PLANTA-1536x755.png 1536w, https:\/\/colomboarchitecture.com\/wp-content\/uploads\/2025\/10\/PLANTA-2048x1007.png 2048w\" sizes=\"(max-width: 2500px) 100vw, 2500px\" \/>\t\t\t\t\t\t\t\t\t\t\t\t\t\t\t<\/div>\n\t\t\t\t<div class=\"elementor-element elementor-element-34aedc1 elementor-widget elementor-widget-text-editor\" data-id=\"34aedc1\" data-element_type=\"widget\" data-widget_type=\"text-editor.default\">\n\t\t\t\t\t\t\t\t\t<p class=\"translation-block\">La <strong>pieza clave<\/strong> del proyecto \u2014y la \u00fanica partici\u00f3n a\u00f1adida\u2014 es un grueso <strong>mueble de almacenamiento a medida<\/strong> que divide la entrada de la zona de estar, convirtiendo el vest\u00edbulo en un vestidor camuflado. Este almacenamiento empotrado, dise\u00f1ado a medida, busca subrayar las proporciones monumentales de los espacios recuperados.<\/p><p class=\"\">La carpinter\u00eda de suelo a techo, en azul profundo y con car\u00e1cter de boiserie, se dise\u00f1\u00f3 para responder a la petici\u00f3n de la clienta de disponer de almacenaje para ropa, accesorios y equipamiento deportivo, adem\u00e1s de otros enseres del hogar.<\/p><p class=\"\">El ritmo de sus paneles lacados oculta un acceso directo al dormitorio desde la entrada principal a trav\u00e9s de una doble puerta, como una entrada secreta que mantiene la habitaci\u00f3n privada e independiente.<\/p>\t\t\t\t\t\t\t\t<\/div>\n\t\t\t\t<div class=\"elementor-element elementor-element-b305745 elementor-widget elementor-widget-image\" data-id=\"b305745\" data-element_type=\"widget\" data-widget_type=\"image.default\">\n\t\t\t\t\t\t\t\t\t\t\t\t\t\t\t<img decoding=\"async\" width=\"2500\" height=\"1688\" src=\"https:\/\/colomboarchitecture.com\/wp-content\/uploads\/2025\/10\/Casa-H-scheme.jpg\" class=\"attachment-full size-full wp-image-891\" alt=\"\" srcset=\"https:\/\/colomboarchitecture.com\/wp-content\/uploads\/2025\/10\/Casa-H-scheme.jpg 2500w, https:\/\/colomboarchitecture.com\/wp-content\/uploads\/2025\/10\/Casa-H-scheme-300x203.jpg 300w, https:\/\/colomboarchitecture.com\/wp-content\/uploads\/2025\/10\/Casa-H-scheme-1024x691.jpg 1024w, https:\/\/colomboarchitecture.com\/wp-content\/uploads\/2025\/10\/Casa-H-scheme-768x519.jpg 768w, https:\/\/colomboarchitecture.com\/wp-content\/uploads\/2025\/10\/Casa-H-scheme-1536x1037.jpg 1536w, https:\/\/colomboarchitecture.com\/wp-content\/uploads\/2025\/10\/Casa-H-scheme-2048x1383.jpg 2048w\" sizes=\"(max-width: 2500px) 100vw, 2500px\" \/>\t\t\t\t\t\t\t\t\t\t\t\t\t\t\t<\/div>\n\t\t\t\t<\/div>\n\t\t<div class=\"elementor-element elementor-element-a846917 e-con-full e-flex e-con e-child\" data-id=\"a846917\" data-element_type=\"container\">\n\t\t\t\t<div class=\"elementor-element elementor-element-dd8f488 elementor-widget elementor-widget-image\" data-id=\"dd8f488\" data-element_type=\"widget\" data-widget_type=\"image.default\">\n\t\t\t\t\t\t\t\t\t\t\t\t\t\t\t<img loading=\"lazy\" decoding=\"async\" width=\"1707\" height=\"2560\" src=\"https:\/\/colomboarchitecture.com\/wp-content\/uploads\/2025\/10\/5-1-scaled.jpg\" class=\"attachment-full size-full wp-image-892\" alt=\"\" srcset=\"https:\/\/colomboarchitecture.com\/wp-content\/uploads\/2025\/10\/5-1-scaled.jpg 1707w, https:\/\/colomboarchitecture.com\/wp-content\/uploads\/2025\/10\/5-1-200x300.jpg 200w, https:\/\/colomboarchitecture.com\/wp-content\/uploads\/2025\/10\/5-1-683x1024.jpg 683w, https:\/\/colomboarchitecture.com\/wp-content\/uploads\/2025\/10\/5-1-768x1152.jpg 768w, https:\/\/colomboarchitecture.com\/wp-content\/uploads\/2025\/10\/5-1-1024x1536.jpg 1024w, https:\/\/colomboarchitecture.com\/wp-content\/uploads\/2025\/10\/5-1-1365x2048.jpg 1365w\" sizes=\"(max-width: 1707px) 100vw, 1707px\" \/>\t\t\t\t\t\t\t\t\t\t\t\t\t\t\t<\/div>\n\t\t\t\t<\/div>\n\t\t\t\t<\/div>\n\t\t<div class=\"elementor-element elementor-element-303ee9b e-con-full e-flex e-con e-parent\" data-id=\"303ee9b\" data-element_type=\"container\">\n\t\t<div class=\"elementor-element elementor-element-5c69efb e-con-full e-flex e-con e-child\" data-id=\"5c69efb\" data-element_type=\"container\">\n\t\t\t\t<div class=\"elementor-element elementor-element-075454d elementor-widget elementor-widget-image\" data-id=\"075454d\" data-element_type=\"widget\" data-widget_type=\"image.default\">\n\t\t\t\t\t\t\t\t\t\t\t\t\t\t\t<img loading=\"lazy\" decoding=\"async\" width=\"2500\" height=\"1667\" src=\"https:\/\/colomboarchitecture.com\/wp-content\/uploads\/2025\/10\/03_BIS.jpg\" class=\"attachment-full size-full wp-image-893\" alt=\"\" srcset=\"https:\/\/colomboarchitecture.com\/wp-content\/uploads\/2025\/10\/03_BIS.jpg 2500w, https:\/\/colomboarchitecture.com\/wp-content\/uploads\/2025\/10\/03_BIS-300x200.jpg 300w, https:\/\/colomboarchitecture.com\/wp-content\/uploads\/2025\/10\/03_BIS-1024x683.jpg 1024w, https:\/\/colomboarchitecture.com\/wp-content\/uploads\/2025\/10\/03_BIS-768x512.jpg 768w, https:\/\/colomboarchitecture.com\/wp-content\/uploads\/2025\/10\/03_BIS-1536x1024.jpg 1536w, https:\/\/colomboarchitecture.com\/wp-content\/uploads\/2025\/10\/03_BIS-2048x1366.jpg 2048w\" sizes=\"(max-width: 2500px) 100vw, 2500px\" \/>\t\t\t\t\t\t\t\t\t\t\t\t\t\t\t<\/div>\n\t\t\t\t<\/div>\n\t\t\t\t<\/div>\n\t\t<div class=\"elementor-element elementor-element-0c1f027 e-con-full e-flex e-con e-parent\" data-id=\"0c1f027\" data-element_type=\"container\">\n\t\t<div class=\"elementor-element elementor-element-cd9661b e-con-full e-flex e-con e-child\" data-id=\"cd9661b\" data-element_type=\"container\">\n\t\t\t\t<div class=\"elementor-element elementor-element-15c94da elementor-widget elementor-widget-image\" data-id=\"15c94da\" data-element_type=\"widget\" data-widget_type=\"image.default\">\n\t\t\t\t\t\t\t\t\t\t\t\t\t\t\t<img loading=\"lazy\" decoding=\"async\" width=\"1707\" height=\"2560\" src=\"https:\/\/colomboarchitecture.com\/wp-content\/uploads\/2025\/10\/04-scaled.jpg\" class=\"attachment-full size-full wp-image-894\" alt=\"\" srcset=\"https:\/\/colomboarchitecture.com\/wp-content\/uploads\/2025\/10\/04-scaled.jpg 1707w, https:\/\/colomboarchitecture.com\/wp-content\/uploads\/2025\/10\/04-200x300.jpg 200w, https:\/\/colomboarchitecture.com\/wp-content\/uploads\/2025\/10\/04-683x1024.jpg 683w, https:\/\/colomboarchitecture.com\/wp-content\/uploads\/2025\/10\/04-768x1152.jpg 768w, https:\/\/colomboarchitecture.com\/wp-content\/uploads\/2025\/10\/04-1024x1536.jpg 1024w, https:\/\/colomboarchitecture.com\/wp-content\/uploads\/2025\/10\/04-1365x2048.jpg 1365w\" sizes=\"(max-width: 1707px) 100vw, 1707px\" \/>\t\t\t\t\t\t\t\t\t\t\t\t\t\t\t<\/div>\n\t\t\t\t<\/div>\n\t\t<div class=\"elementor-element elementor-element-b891cec e-con-full e-flex e-con e-child\" data-id=\"b891cec\" data-element_type=\"container\">\n\t\t\t\t<div class=\"elementor-element elementor-element-ea49968 elementor-widget elementor-widget-image\" data-id=\"ea49968\" data-element_type=\"widget\" data-widget_type=\"image.default\">\n\t\t\t\t\t\t\t\t\t\t\t\t\t\t\t<img loading=\"lazy\" decoding=\"async\" width=\"1707\" height=\"2560\" src=\"https:\/\/colomboarchitecture.com\/wp-content\/uploads\/2025\/10\/05-scaled.jpg\" class=\"attachment-full size-full wp-image-895\" alt=\"\" srcset=\"https:\/\/colomboarchitecture.com\/wp-content\/uploads\/2025\/10\/05-scaled.jpg 1707w, https:\/\/colomboarchitecture.com\/wp-content\/uploads\/2025\/10\/05-200x300.jpg 200w, https:\/\/colomboarchitecture.com\/wp-content\/uploads\/2025\/10\/05-683x1024.jpg 683w, https:\/\/colomboarchitecture.com\/wp-content\/uploads\/2025\/10\/05-768x1152.jpg 768w, https:\/\/colomboarchitecture.com\/wp-content\/uploads\/2025\/10\/05-1024x1536.jpg 1024w, https:\/\/colomboarchitecture.com\/wp-content\/uploads\/2025\/10\/05-1365x2048.jpg 1365w\" sizes=\"(max-width: 1707px) 100vw, 1707px\" \/>\t\t\t\t\t\t\t\t\t\t\t\t\t\t\t<\/div>\n\t\t\t\t<\/div>\n\t\t\t\t<\/div>\n\t\t<div class=\"elementor-element elementor-element-4e8fdd8 e-con-full e-flex e-con e-parent\" data-id=\"4e8fdd8\" data-element_type=\"container\">\n\t\t<div class=\"elementor-element elementor-element-5818b89 e-con-full e-flex e-con e-child\" data-id=\"5818b89\" data-element_type=\"container\">\n\t\t<div class=\"elementor-element elementor-element-5c7af69 e-con-full e-flex e-con e-child\" data-id=\"5c7af69\" data-element_type=\"container\">\n\t\t\t\t<div class=\"elementor-element elementor-element-9f93393 elementor-widget elementor-widget-image\" data-id=\"9f93393\" data-element_type=\"widget\" data-widget_type=\"image.default\">\n\t\t\t\t\t\t\t\t\t\t\t\t\t\t\t<img loading=\"lazy\" decoding=\"async\" width=\"683\" height=\"1024\" src=\"https:\/\/colomboarchitecture.com\/wp-content\/uploads\/2025\/10\/06-683x1024.jpg\" class=\"attachment-large size-large wp-image-896\" alt=\"\" srcset=\"https:\/\/colomboarchitecture.com\/wp-content\/uploads\/2025\/10\/06-683x1024.jpg 683w, https:\/\/colomboarchitecture.com\/wp-content\/uploads\/2025\/10\/06-200x300.jpg 200w, https:\/\/colomboarchitecture.com\/wp-content\/uploads\/2025\/10\/06-768x1152.jpg 768w, https:\/\/colomboarchitecture.com\/wp-content\/uploads\/2025\/10\/06-1024x1536.jpg 1024w, https:\/\/colomboarchitecture.com\/wp-content\/uploads\/2025\/10\/06-1365x2048.jpg 1365w, https:\/\/colomboarchitecture.com\/wp-content\/uploads\/2025\/10\/06-scaled.jpg 1707w\" sizes=\"(max-width: 683px) 100vw, 683px\" \/>\t\t\t\t\t\t\t\t\t\t\t\t\t\t\t<\/div>\n\t\t\t\t<\/div>\n\t\t<div class=\"elementor-element elementor-element-a9d4f8d e-con-full e-flex e-con e-child\" data-id=\"a9d4f8d\" data-element_type=\"container\" data-settings=\"{&quot;background_background&quot;:&quot;classic&quot;}\">\n\t\t\t\t<div class=\"elementor-element elementor-element-518d5cc elementor-widget elementor-widget-text-editor\" data-id=\"518d5cc\" data-element_type=\"widget\" data-widget_type=\"text-editor.default\">\n\t\t\t\t\t\t\t\t\t<p><em>\u00abCaSA no solo me ayud\u00f3 a hacer realidad mi sue\u00f1o; lo hizo mucho mejor de lo que pod\u00eda imaginar, haciendo compatibles mis ideas con las limitaciones de mi presupuesto y transformando un espacio de oficinas en un piso minimalista completamente nuevo, con esp\u00edritu loft.\u00bb<\/em><\/p>\t\t\t\t\t\t\t\t<\/div>\n\t\t\t\t<div class=\"elementor-element elementor-element-097eebe elementor-widget elementor-widget-text-editor\" data-id=\"097eebe\" data-element_type=\"widget\" data-widget_type=\"text-editor.default\">\n\t\t\t\t\t\t\t\t\t<p><em>\u2014 Hernan R\u00edos<\/em><\/p>\t\t\t\t\t\t\t\t<\/div>\n\t\t\t\t<\/div>\n\t\t\t\t<\/div>\n\t\t\t\t<\/div>\n\t\t<div class=\"elementor-element elementor-element-6444f08 e-con-full e-flex e-con e-parent\" data-id=\"6444f08\" data-element_type=\"container\">\n\t\t<div class=\"elementor-element elementor-element-e0710c5 e-con-full e-flex e-con e-child\" data-id=\"e0710c5\" data-element_type=\"container\">\n\t\t\t\t<div class=\"elementor-element elementor-element-1ffc793 elementor-widget elementor-widget-image\" data-id=\"1ffc793\" data-element_type=\"widget\" data-widget_type=\"image.default\">\n\t\t\t\t\t\t\t\t\t\t\t\t\t\t\t<img loading=\"lazy\" decoding=\"async\" width=\"2500\" height=\"1667\" src=\"https:\/\/colomboarchitecture.com\/wp-content\/uploads\/2025\/10\/08.jpg\" class=\"attachment-full size-full wp-image-897\" alt=\"\" srcset=\"https:\/\/colomboarchitecture.com\/wp-content\/uploads\/2025\/10\/08.jpg 2500w, https:\/\/colomboarchitecture.com\/wp-content\/uploads\/2025\/10\/08-300x200.jpg 300w, https:\/\/colomboarchitecture.com\/wp-content\/uploads\/2025\/10\/08-1024x683.jpg 1024w, https:\/\/colomboarchitecture.com\/wp-content\/uploads\/2025\/10\/08-768x512.jpg 768w, https:\/\/colomboarchitecture.com\/wp-content\/uploads\/2025\/10\/08-1536x1024.jpg 1536w, https:\/\/colomboarchitecture.com\/wp-content\/uploads\/2025\/10\/08-2048x1366.jpg 2048w\" sizes=\"(max-width: 2500px) 100vw, 2500px\" \/>\t\t\t\t\t\t\t\t\t\t\t\t\t\t\t<\/div>\n\t\t\t\t<div class=\"elementor-element elementor-element-b063f54 elementor-widget elementor-widget-image\" data-id=\"b063f54\" data-element_type=\"widget\" data-widget_type=\"image.default\">\n\t\t\t\t\t\t\t\t\t\t\t\t\t\t\t<img loading=\"lazy\" decoding=\"async\" width=\"2500\" height=\"1666\" src=\"https:\/\/colomboarchitecture.com\/wp-content\/uploads\/2025\/10\/09.jpg\" class=\"attachment-full size-full wp-image-900\" alt=\"\" srcset=\"https:\/\/colomboarchitecture.com\/wp-content\/uploads\/2025\/10\/09.jpg 2500w, https:\/\/colomboarchitecture.com\/wp-content\/uploads\/2025\/10\/09-300x200.jpg 300w, https:\/\/colomboarchitecture.com\/wp-content\/uploads\/2025\/10\/09-1024x682.jpg 1024w, https:\/\/colomboarchitecture.com\/wp-content\/uploads\/2025\/10\/09-768x512.jpg 768w, https:\/\/colomboarchitecture.com\/wp-content\/uploads\/2025\/10\/09-1536x1024.jpg 1536w, https:\/\/colomboarchitecture.com\/wp-content\/uploads\/2025\/10\/09-2048x1365.jpg 2048w\" sizes=\"(max-width: 2500px) 100vw, 2500px\" \/>\t\t\t\t\t\t\t\t\t\t\t\t\t\t\t<\/div>\n\t\t\t\t<\/div>\n\t\t<div class=\"elementor-element elementor-element-462c699 e-con-full e-flex e-con e-child\" data-id=\"462c699\" data-element_type=\"container\">\n\t\t\t\t<div class=\"elementor-element elementor-element-4a4e036 elementor-widget elementor-widget-image\" data-id=\"4a4e036\" data-element_type=\"widget\" data-widget_type=\"image.default\">\n\t\t\t\t\t\t\t\t\t\t\t\t\t\t\t<img loading=\"lazy\" decoding=\"async\" width=\"2500\" height=\"1667\" src=\"https:\/\/colomboarchitecture.com\/wp-content\/uploads\/2025\/10\/07.jpg\" class=\"attachment-full size-full wp-image-899\" alt=\"\" srcset=\"https:\/\/colomboarchitecture.com\/wp-content\/uploads\/2025\/10\/07.jpg 2500w, https:\/\/colomboarchitecture.com\/wp-content\/uploads\/2025\/10\/07-300x200.jpg 300w, https:\/\/colomboarchitecture.com\/wp-content\/uploads\/2025\/10\/07-1024x683.jpg 1024w, https:\/\/colomboarchitecture.com\/wp-content\/uploads\/2025\/10\/07-768x512.jpg 768w, https:\/\/colomboarchitecture.com\/wp-content\/uploads\/2025\/10\/07-1536x1024.jpg 1536w, https:\/\/colomboarchitecture.com\/wp-content\/uploads\/2025\/10\/07-2048x1366.jpg 2048w\" sizes=\"(max-width: 2500px) 100vw, 2500px\" \/>\t\t\t\t\t\t\t\t\t\t\t\t\t\t\t<\/div>\n\t\t\t\t<div class=\"elementor-element elementor-element-a57121e elementor-widget elementor-widget-image\" data-id=\"a57121e\" data-element_type=\"widget\" data-widget_type=\"image.default\">\n\t\t\t\t\t\t\t\t\t\t\t\t\t\t\t<img loading=\"lazy\" decoding=\"async\" width=\"2500\" height=\"1566\" src=\"https:\/\/colomboarchitecture.com\/wp-content\/uploads\/2025\/10\/10-1.jpg\" class=\"attachment-full size-full wp-image-901\" alt=\"\" srcset=\"https:\/\/colomboarchitecture.com\/wp-content\/uploads\/2025\/10\/10-1.jpg 2500w, https:\/\/colomboarchitecture.com\/wp-content\/uploads\/2025\/10\/10-1-300x188.jpg 300w, https:\/\/colomboarchitecture.com\/wp-content\/uploads\/2025\/10\/10-1-1024x641.jpg 1024w, https:\/\/colomboarchitecture.com\/wp-content\/uploads\/2025\/10\/10-1-768x481.jpg 768w, https:\/\/colomboarchitecture.com\/wp-content\/uploads\/2025\/10\/10-1-1536x962.jpg 1536w, https:\/\/colomboarchitecture.com\/wp-content\/uploads\/2025\/10\/10-1-2048x1283.jpg 2048w\" sizes=\"(max-width: 2500px) 100vw, 2500px\" \/>\t\t\t\t\t\t\t\t\t\t\t\t\t\t\t<\/div>\n\t\t\t\t<\/div>\n\t\t\t\t<\/div>\n\t\t<div class=\"elementor-element elementor-element-40a42f6 e-con-full e-flex e-con e-parent\" data-id=\"40a42f6\" data-element_type=\"container\">\n\t\t<div class=\"elementor-element elementor-element-9d2cb50 e-con-full e-flex e-con e-child\" data-id=\"9d2cb50\" data-element_type=\"container\">\n\t\t\t\t<div class=\"elementor-element elementor-element-df51ce0 elementor-widget elementor-widget-image\" data-id=\"df51ce0\" data-element_type=\"widget\" data-widget_type=\"image.default\">\n\t\t\t\t\t\t\t\t\t\t\t\t\t\t\t<img loading=\"lazy\" decoding=\"async\" width=\"2500\" height=\"1640\" src=\"https:\/\/colomboarchitecture.com\/wp-content\/uploads\/2025\/10\/11ULTIMA.jpg\" class=\"attachment-full size-full wp-image-902\" alt=\"\" srcset=\"https:\/\/colomboarchitecture.com\/wp-content\/uploads\/2025\/10\/11ULTIMA.jpg 2500w, https:\/\/colomboarchitecture.com\/wp-content\/uploads\/2025\/10\/11ULTIMA-300x197.jpg 300w, https:\/\/colomboarchitecture.com\/wp-content\/uploads\/2025\/10\/11ULTIMA-1024x672.jpg 1024w, https:\/\/colomboarchitecture.com\/wp-content\/uploads\/2025\/10\/11ULTIMA-768x504.jpg 768w, https:\/\/colomboarchitecture.com\/wp-content\/uploads\/2025\/10\/11ULTIMA-1536x1008.jpg 1536w, https:\/\/colomboarchitecture.com\/wp-content\/uploads\/2025\/10\/11ULTIMA-2048x1343.jpg 2048w\" sizes=\"(max-width: 2500px) 100vw, 2500px\" \/>\t\t\t\t\t\t\t\t\t\t\t\t\t\t\t<\/div>\n\t\t\t\t<\/div>\n\t\t\t\t<\/div>\n\t\t<div class=\"elementor-element elementor-element-a4adad5 e-con-full e-flex e-con e-parent\" data-id=\"a4adad5\" data-element_type=\"container\">\n\t\t<div class=\"elementor-element elementor-element-d3c0031 e-con-full e-flex e-con e-child\" data-id=\"d3c0031\" data-element_type=\"container\">\n\t\t\t\t<div class=\"elementor-element elementor-element-3b1b427 elementor-widget elementor-widget-text-editor\" data-id=\"3b1b427\" data-element_type=\"widget\" data-widget_type=\"text-editor.default\">\n\t\t\t\t\t\t\t\t\t<h4 class=\"translation-block\">Si deseas m\u00e1s informaci\u00f3n sobre este proyecto o hablar sobre una posible colaboraci\u00f3n con nosotros, ponte en contacto en <span style=\"text-decoration: underline\"><a href=\"mailto:info@colomboarchitecture.com?\" target=\"\">info@colomboarchitecture.com<\/a><\/span><\/h4>\t\t\t\t\t\t\t\t<\/div>\n\t\t\t\t<\/div>\n\t\t\t\t<\/div>\n\t\t\t\t<\/div>","protected":false},"excerpt":{"rendered":"<p>Casa H Brussels, Belgium2011 CATEGORY COMMERCIAL \/ COMPLETE RENOVATION TEAM COLOMBO ARCHITECTURE SURFACE 98m2 STATUS COMPLETED This apartment, conceived for a young professional, occupies one floor of the &#8216;W De Koninck&#8217;s Building&#8217; (1968), one of the last projects of great Belgian modernist and constructivist architect Louis Herman De Koninck, overlooking Avenue Louise in Brussels city [&hellip;]<\/p>","protected":false},"author":1,"featured_media":0,"parent":0,"menu_order":0,"comment_status":"closed","ping_status":"closed","template":"","meta":{"footnotes":""},"class_list":["post-886","page","type-page","status-publish","hentry"],"_links":{"self":[{"href":"https:\/\/colomboarchitecture.com\/es\/wp-json\/wp\/v2\/pages\/886","targetHints":{"allow":["GET"]}}],"collection":[{"href":"https:\/\/colomboarchitecture.com\/es\/wp-json\/wp\/v2\/pages"}],"about":[{"href":"https:\/\/colomboarchitecture.com\/es\/wp-json\/wp\/v2\/types\/page"}],"author":[{"embeddable":true,"href":"https:\/\/colomboarchitecture.com\/es\/wp-json\/wp\/v2\/users\/1"}],"replies":[{"embeddable":true,"href":"https:\/\/colomboarchitecture.com\/es\/wp-json\/wp\/v2\/comments?post=886"}],"version-history":[{"count":13,"href":"https:\/\/colomboarchitecture.com\/es\/wp-json\/wp\/v2\/pages\/886\/revisions"}],"predecessor-version":[{"id":1186,"href":"https:\/\/colomboarchitecture.com\/es\/wp-json\/wp\/v2\/pages\/886\/revisions\/1186"}],"wp:attachment":[{"href":"https:\/\/colomboarchitecture.com\/es\/wp-json\/wp\/v2\/media?parent=886"}],"curies":[{"name":"wp","href":"https:\/\/api.w.org\/{rel}","templated":true}]}}