{"id":809,"date":"2025-10-05T13:17:16","date_gmt":"2025-10-05T13:17:16","guid":{"rendered":"https:\/\/colomboarchitecture.com\/?page_id=809"},"modified":"2026-03-11T14:14:47","modified_gmt":"2026-03-11T14:14:47","slug":"the-white-retreat-sitges","status":"publish","type":"page","link":"https:\/\/colomboarchitecture.com\/es\/the-white-retreat-sitges\/","title":{"rendered":"The White Retreat, Sitges"},"content":{"rendered":"<div data-elementor-type=\"wp-page\" data-elementor-id=\"809\" class=\"elementor elementor-809\" data-elementor-post-type=\"page\">\n\t\t\t\t<div class=\"elementor-element elementor-element-9a9d110 e-con-full e-flex e-con e-parent\" data-id=\"9a9d110\" data-element_type=\"container\" data-settings=\"{&quot;background_background&quot;:&quot;classic&quot;}\">\n\t\t\t\t<div class=\"elementor-element elementor-element-d262f63 elementor-widget elementor-widget-spacer\" data-id=\"d262f63\" data-element_type=\"widget\" data-widget_type=\"spacer.default\">\n\t\t\t\t\t\t\t<div class=\"elementor-spacer\">\n\t\t\t<div class=\"elementor-spacer-inner\"><\/div>\n\t\t<\/div>\n\t\t\t\t\t\t<\/div>\n\t\t\t\t<\/div>\n\t\t<div class=\"elementor-element elementor-element-546147b e-con-full e-flex e-con e-parent\" data-id=\"546147b\" data-element_type=\"container\">\n\t\t<div class=\"elementor-element elementor-element-44e2889 e-con-full e-flex e-con e-child\" data-id=\"44e2889\" data-element_type=\"container\">\n\t\t\t\t<div class=\"elementor-element elementor-element-4c1374b elementor-widget elementor-widget-heading\" data-id=\"4c1374b\" data-element_type=\"widget\" data-widget_type=\"heading.default\">\n\t\t\t\t\t<h1 class=\"elementor-heading-title elementor-size-default\">The White Retreat\n<\/h1>\t\t\t\t<\/div>\n\t\t\t\t<div class=\"elementor-element elementor-element-6f2e96c elementor-widget elementor-widget-text-editor\" data-id=\"6f2e96c\" data-element_type=\"widget\" data-widget_type=\"text-editor.default\">\n\t\t\t\t\t\t\t\t\t<p>Sitges, Spain<br \/>2013<\/p>\t\t\t\t\t\t\t\t<\/div>\n\t\t\t\t<\/div>\n\t\t<div class=\"elementor-element elementor-element-7ed9e33 e-con-full e-flex e-con e-child\" data-id=\"7ed9e33\" data-element_type=\"container\">\n\t\t\t\t<div class=\"elementor-element elementor-element-4a028c4 elementor-widget elementor-widget-text-editor\" data-id=\"4a028c4\" data-element_type=\"widget\" data-widget_type=\"text-editor.default\">\n\t\t\t\t\t\t\t\t\t<p><strong>CATEGOR\u00cdA<\/strong><\/p><p>RESIDENCIAL \/ RENOVACI\u00d3N COMPLETA<\/p><p><strong>EQUIPO<\/strong><\/p><p>Colombo Architecture<\/p><p><strong>SUPERFICIE<\/strong><\/p><p>36m2 + 11m2 terrace<\/p><p><strong>ESTADO<\/strong><\/p><p>COMPLETADO<\/p><p><strong>FOTOGRAF\u00cdA<\/strong><\/p><p class=\"sqsrte-small\"><a href=\"http:\/\/www.robertoruiz.eu\/\">ROBERTO RUIZ<\/a><\/p>\t\t\t\t\t\t\t\t<\/div>\n\t\t\t\t<\/div>\n\t\t<div class=\"elementor-element elementor-element-5d8185a e-con-full e-flex e-con e-child\" data-id=\"5d8185a\" data-element_type=\"container\">\n\t\t\t\t<div class=\"elementor-element elementor-element-363c8a3 elementor-widget elementor-widget-text-editor\" data-id=\"363c8a3\" data-element_type=\"widget\" data-widget_type=\"text-editor.default\">\n\t\t\t\t\t\t\t\t\t<p class=\"\">La reforma de este apartamento de 36 metros cuadrados part\u00eda de un <strong>encargo muy definido.<\/strong>El cliente, un historiador del arte y comisario franc\u00e9s, profesor en la Universidad de la Sorbona, acudi\u00f3 a nosotros con ideas muy claras para su peque\u00f1a propiedad. El apartamento, situado a pocos pasos de la playa en la localidad costera de <strong>Sitges,<\/strong> es completamente introvertido y se abre \u00fanicamente a un patio interior. La falta de vistas se compensa con silencio y luz.\u00a0<\/p><p class=\"translation-block\">El cliente imaginaba un espacio sereno, abierto y esencial, amueblado con unos pocos objetos cuidadosamente seleccionados: obras de arte contempor\u00e1neo, algunos libros y sus discos. En suma, un lugar tranquilo para la introspecci\u00f3n, inundado de luz. Un presupuesto extremadamente ajustado exig\u00eda soluciones simples y econ\u00f3micas.<\/p><p class=\"translation-block\">El espacio se concibe a trav\u00e9s de tres bloques distintos: el bloque de ba\u00f1o\/cocina, el de estar\/dormitorio y el tercero, exterior, la terraza. Los dos \u00faltimos son extremadamente permeables y solo se separan por un gran ventanal y unas lamas largas y sobredimensionadas en el lado del dormitorio, ambos elementos existentes que se conservaron. \n\nEsta gran apertura conecta una peque\u00f1a terraza, unificada con el interior mediante el uso de un pavimento continuo de resina blanca y una sombrilla blanca que aporta privacidad al tiempo que tamiza la luz natural. Interior y exterior se enlazan como un \u00fanico espacio continuo de estar.\n\nLa mesa Quaderna (Superstudio, 1970), una pieza que el cliente deseaba incorporar desde el inicio del proyecto, inspir\u00f3 las baldosas que revisten el bloque de ba\u00f1o\/cocina. Las piezas blancas mate de 3x3 cm reproducen la ret\u00edcula de la mesa y son la \u00fanica textura permitida en todo el proyecto. Este bloque se conecta con la zona de estar\/dormitorio mediante una abertura que revela el alicatado, que a su vez disimula la puerta corredera que conduce al aseo. La misma textura se utiliza tambi\u00e9n en el interior del mueble de cocina, creando una secuencia espacial continua que aparece al abrir su puerta horizontal tipo libro.<\/p><p class=\"\">El rinc\u00f3n de cocina es discreto y queda oculto tras puertas blancas.<\/p>\t\t\t\t\t\t\t\t<\/div>\n\t\t\t\t<\/div>\n\t\t\t\t<\/div>\n\t\t<div class=\"elementor-element elementor-element-ed1c59f e-con-full e-flex e-con e-parent\" data-id=\"ed1c59f\" data-element_type=\"container\">\n\t\t<div class=\"elementor-element elementor-element-9e09b81 e-con-full e-flex e-con e-child\" data-id=\"9e09b81\" data-element_type=\"container\">\n\t\t\t\t<div class=\"elementor-element elementor-element-d24fa80 elementor-widget elementor-widget-image\" data-id=\"d24fa80\" data-element_type=\"widget\" data-widget_type=\"image.default\">\n\t\t\t\t\t\t\t\t\t\t\t\t\t\t\t<img fetchpriority=\"high\" decoding=\"async\" width=\"2500\" height=\"951\" src=\"https:\/\/colomboarchitecture.com\/wp-content\/uploads\/2025\/10\/DSC_9251.jpg\" class=\"attachment-full size-full wp-image-811\" alt=\"\" srcset=\"https:\/\/colomboarchitecture.com\/wp-content\/uploads\/2025\/10\/DSC_9251.jpg 2500w, https:\/\/colomboarchitecture.com\/wp-content\/uploads\/2025\/10\/DSC_9251-300x114.jpg 300w, https:\/\/colomboarchitecture.com\/wp-content\/uploads\/2025\/10\/DSC_9251-1024x390.jpg 1024w, https:\/\/colomboarchitecture.com\/wp-content\/uploads\/2025\/10\/DSC_9251-768x292.jpg 768w, https:\/\/colomboarchitecture.com\/wp-content\/uploads\/2025\/10\/DSC_9251-1536x584.jpg 1536w, https:\/\/colomboarchitecture.com\/wp-content\/uploads\/2025\/10\/DSC_9251-2048x779.jpg 2048w\" sizes=\"(max-width: 2500px) 100vw, 2500px\" \/>\t\t\t\t\t\t\t\t\t\t\t\t\t\t\t<\/div>\n\t\t\t\t<\/div>\n\t\t\t\t<\/div>\n\t\t<div class=\"elementor-element elementor-element-cb4eb63 e-con-full e-flex e-con e-parent\" data-id=\"cb4eb63\" data-element_type=\"container\">\n\t\t<div class=\"elementor-element elementor-element-705d171 e-con-full e-flex e-con e-child\" data-id=\"705d171\" data-element_type=\"container\">\n\t\t\t\t<div class=\"elementor-element elementor-element-57edec8 elementor-widget elementor-widget-image\" data-id=\"57edec8\" data-element_type=\"widget\" data-widget_type=\"image.default\">\n\t\t\t\t\t\t\t\t\t\t\t\t\t\t\t<img decoding=\"async\" width=\"1217\" height=\"1000\" src=\"https:\/\/colomboarchitecture.com\/wp-content\/uploads\/2025\/10\/1-isometry_sitges-bano.gif\" class=\"attachment-full size-full wp-image-813\" alt=\"\" \/>\t\t\t\t\t\t\t\t\t\t\t\t\t\t\t<\/div>\n\t\t\t\t<div class=\"elementor-element elementor-element-34aedc1 elementor-widget elementor-widget-text-editor\" data-id=\"34aedc1\" data-element_type=\"widget\" data-widget_type=\"text-editor.default\">\n\t\t\t\t\t\t\t\t\t<p class=\"translation-block\">La <strong>pieza clave<\/strong> del proyecto \u2014y la \u00fanica partici\u00f3n a\u00f1adida\u2014 es un grueso <strong>mueble de almacenamiento a medida<\/strong> que divide la entrada de la zona de estar, convirtiendo el vest\u00edbulo en un vestidor camuflado. Este almacenamiento empotrado, dise\u00f1ado a medida, busca subrayar las proporciones monumentales de los espacios recuperados.<\/p><p class=\"\">La carpinter\u00eda de suelo a techo, en azul profundo y con car\u00e1cter de boiserie, se dise\u00f1\u00f3 para responder a la petici\u00f3n de la clienta de disponer de almacenaje para ropa, accesorios y equipamiento deportivo, adem\u00e1s de otros enseres del hogar.<\/p><p class=\"\">El ritmo de sus paneles lacados oculta un acceso directo al dormitorio desde la entrada principal a trav\u00e9s de una doble puerta, como una entrada secreta que mantiene la habitaci\u00f3n privada e independiente.<\/p>\t\t\t\t\t\t\t\t<\/div>\n\t\t\t\t<\/div>\n\t\t<div class=\"elementor-element elementor-element-a846917 e-con-full e-flex e-con e-child\" data-id=\"a846917\" data-element_type=\"container\">\n\t\t\t\t<div class=\"elementor-element elementor-element-dd8f488 elementor-widget elementor-widget-image\" data-id=\"dd8f488\" data-element_type=\"widget\" data-widget_type=\"image.default\">\n\t\t\t\t\t\t\t\t\t\t\t\t\t\t\t<img decoding=\"async\" width=\"1703\" height=\"2560\" src=\"https:\/\/colomboarchitecture.com\/wp-content\/uploads\/2025\/10\/DSC_9195-scaled.jpg\" class=\"attachment-full size-full wp-image-814\" alt=\"\" srcset=\"https:\/\/colomboarchitecture.com\/wp-content\/uploads\/2025\/10\/DSC_9195-scaled.jpg 1703w, https:\/\/colomboarchitecture.com\/wp-content\/uploads\/2025\/10\/DSC_9195-200x300.jpg 200w, https:\/\/colomboarchitecture.com\/wp-content\/uploads\/2025\/10\/DSC_9195-681x1024.jpg 681w, https:\/\/colomboarchitecture.com\/wp-content\/uploads\/2025\/10\/DSC_9195-768x1154.jpg 768w, https:\/\/colomboarchitecture.com\/wp-content\/uploads\/2025\/10\/DSC_9195-1022x1536.jpg 1022w, https:\/\/colomboarchitecture.com\/wp-content\/uploads\/2025\/10\/DSC_9195-1363x2048.jpg 1363w\" sizes=\"(max-width: 1703px) 100vw, 1703px\" \/>\t\t\t\t\t\t\t\t\t\t\t\t\t\t\t<\/div>\n\t\t\t\t<\/div>\n\t\t\t\t<\/div>\n\t\t<div class=\"elementor-element elementor-element-4db8f9b e-con-full e-flex e-con e-parent\" data-id=\"4db8f9b\" data-element_type=\"container\">\n\t\t<div class=\"elementor-element elementor-element-a1785e4 e-con-full e-flex e-con e-child\" data-id=\"a1785e4\" data-element_type=\"container\">\n\t\t\t\t<div class=\"elementor-element elementor-element-8c9b4cc elementor-widget elementor-widget-image\" data-id=\"8c9b4cc\" data-element_type=\"widget\" data-widget_type=\"image.default\">\n\t\t\t\t\t\t\t\t\t\t\t\t\t\t\t<img loading=\"lazy\" decoding=\"async\" width=\"1703\" height=\"2560\" src=\"https:\/\/colomboarchitecture.com\/wp-content\/uploads\/2025\/10\/DSC_9347-scaled.jpg\" class=\"attachment-full size-full wp-image-815\" alt=\"\" srcset=\"https:\/\/colomboarchitecture.com\/wp-content\/uploads\/2025\/10\/DSC_9347-scaled.jpg 1703w, https:\/\/colomboarchitecture.com\/wp-content\/uploads\/2025\/10\/DSC_9347-200x300.jpg 200w, https:\/\/colomboarchitecture.com\/wp-content\/uploads\/2025\/10\/DSC_9347-681x1024.jpg 681w, https:\/\/colomboarchitecture.com\/wp-content\/uploads\/2025\/10\/DSC_9347-768x1154.jpg 768w, https:\/\/colomboarchitecture.com\/wp-content\/uploads\/2025\/10\/DSC_9347-1022x1536.jpg 1022w, https:\/\/colomboarchitecture.com\/wp-content\/uploads\/2025\/10\/DSC_9347-1363x2048.jpg 1363w\" sizes=\"(max-width: 1703px) 100vw, 1703px\" \/>\t\t\t\t\t\t\t\t\t\t\t\t\t\t\t<\/div>\n\t\t\t\t<div class=\"elementor-element elementor-element-77d8fc4 elementor-widget elementor-widget-image\" data-id=\"77d8fc4\" data-element_type=\"widget\" data-widget_type=\"image.default\">\n\t\t\t\t\t\t\t\t\t\t\t\t\t\t\t<img loading=\"lazy\" decoding=\"async\" width=\"1703\" height=\"2560\" src=\"https:\/\/colomboarchitecture.com\/wp-content\/uploads\/2025\/10\/DSC_9475-1-scaled.jpg\" class=\"attachment-full size-full wp-image-817\" alt=\"\" srcset=\"https:\/\/colomboarchitecture.com\/wp-content\/uploads\/2025\/10\/DSC_9475-1-scaled.jpg 1703w, https:\/\/colomboarchitecture.com\/wp-content\/uploads\/2025\/10\/DSC_9475-1-200x300.jpg 200w, https:\/\/colomboarchitecture.com\/wp-content\/uploads\/2025\/10\/DSC_9475-1-681x1024.jpg 681w, https:\/\/colomboarchitecture.com\/wp-content\/uploads\/2025\/10\/DSC_9475-1-768x1154.jpg 768w, https:\/\/colomboarchitecture.com\/wp-content\/uploads\/2025\/10\/DSC_9475-1-1022x1536.jpg 1022w, https:\/\/colomboarchitecture.com\/wp-content\/uploads\/2025\/10\/DSC_9475-1-1363x2048.jpg 1363w\" sizes=\"(max-width: 1703px) 100vw, 1703px\" \/>\t\t\t\t\t\t\t\t\t\t\t\t\t\t\t<\/div>\n\t\t\t\t<div class=\"elementor-element elementor-element-f34dac9 elementor-widget elementor-widget-image\" data-id=\"f34dac9\" data-element_type=\"widget\" data-widget_type=\"image.default\">\n\t\t\t\t\t\t\t\t\t\t\t\t\t\t\t<img loading=\"lazy\" decoding=\"async\" width=\"1703\" height=\"2560\" src=\"https:\/\/colomboarchitecture.com\/wp-content\/uploads\/2025\/10\/DSC_9475-1-1-scaled.jpg\" class=\"attachment-full size-full wp-image-819\" alt=\"\" srcset=\"https:\/\/colomboarchitecture.com\/wp-content\/uploads\/2025\/10\/DSC_9475-1-1-scaled.jpg 1703w, https:\/\/colomboarchitecture.com\/wp-content\/uploads\/2025\/10\/DSC_9475-1-1-200x300.jpg 200w, https:\/\/colomboarchitecture.com\/wp-content\/uploads\/2025\/10\/DSC_9475-1-1-681x1024.jpg 681w, https:\/\/colomboarchitecture.com\/wp-content\/uploads\/2025\/10\/DSC_9475-1-1-768x1154.jpg 768w, https:\/\/colomboarchitecture.com\/wp-content\/uploads\/2025\/10\/DSC_9475-1-1-1022x1536.jpg 1022w, https:\/\/colomboarchitecture.com\/wp-content\/uploads\/2025\/10\/DSC_9475-1-1-1363x2048.jpg 1363w\" sizes=\"(max-width: 1703px) 100vw, 1703px\" \/>\t\t\t\t\t\t\t\t\t\t\t\t\t\t\t<\/div>\n\t\t\t\t<\/div>\n\t\t<div class=\"elementor-element elementor-element-c2d363d e-con-full elementor-hidden-tablet elementor-hidden-mobile e-flex e-con e-child\" data-id=\"c2d363d\" data-element_type=\"container\">\n\t\t\t\t<div class=\"elementor-element elementor-element-40d49c1 elementor-widget elementor-widget-image\" data-id=\"40d49c1\" data-element_type=\"widget\" data-widget_type=\"image.default\">\n\t\t\t\t\t\t\t\t\t\t\t\t\t\t\t<img loading=\"lazy\" decoding=\"async\" width=\"1703\" height=\"2560\" src=\"https:\/\/colomboarchitecture.com\/wp-content\/uploads\/2025\/10\/DSC_9466-scaled.jpg\" class=\"attachment-full size-full wp-image-816\" alt=\"\" srcset=\"https:\/\/colomboarchitecture.com\/wp-content\/uploads\/2025\/10\/DSC_9466-scaled.jpg 1703w, https:\/\/colomboarchitecture.com\/wp-content\/uploads\/2025\/10\/DSC_9466-200x300.jpg 200w, https:\/\/colomboarchitecture.com\/wp-content\/uploads\/2025\/10\/DSC_9466-681x1024.jpg 681w, https:\/\/colomboarchitecture.com\/wp-content\/uploads\/2025\/10\/DSC_9466-768x1154.jpg 768w, https:\/\/colomboarchitecture.com\/wp-content\/uploads\/2025\/10\/DSC_9466-1022x1536.jpg 1022w, https:\/\/colomboarchitecture.com\/wp-content\/uploads\/2025\/10\/DSC_9466-1363x2048.jpg 1363w\" sizes=\"(max-width: 1703px) 100vw, 1703px\" \/>\t\t\t\t\t\t\t\t\t\t\t\t\t\t\t<\/div>\n\t\t\t\t<div class=\"elementor-element elementor-element-6a64ae7 elementor-widget elementor-widget-image\" data-id=\"6a64ae7\" data-element_type=\"widget\" data-widget_type=\"image.default\">\n\t\t\t\t\t\t\t\t\t\t\t\t\t\t\t<img loading=\"lazy\" decoding=\"async\" width=\"1703\" height=\"2560\" src=\"https:\/\/colomboarchitecture.com\/wp-content\/uploads\/2025\/10\/DSC_9561-1-scaled.jpg\" class=\"attachment-full size-full wp-image-818\" alt=\"\" srcset=\"https:\/\/colomboarchitecture.com\/wp-content\/uploads\/2025\/10\/DSC_9561-1-scaled.jpg 1703w, https:\/\/colomboarchitecture.com\/wp-content\/uploads\/2025\/10\/DSC_9561-1-200x300.jpg 200w, https:\/\/colomboarchitecture.com\/wp-content\/uploads\/2025\/10\/DSC_9561-1-681x1024.jpg 681w, https:\/\/colomboarchitecture.com\/wp-content\/uploads\/2025\/10\/DSC_9561-1-768x1154.jpg 768w, https:\/\/colomboarchitecture.com\/wp-content\/uploads\/2025\/10\/DSC_9561-1-1022x1536.jpg 1022w, https:\/\/colomboarchitecture.com\/wp-content\/uploads\/2025\/10\/DSC_9561-1-1363x2048.jpg 1363w\" sizes=\"(max-width: 1703px) 100vw, 1703px\" \/>\t\t\t\t\t\t\t\t\t\t\t\t\t\t\t<\/div>\n\t\t\t\t<div class=\"elementor-element elementor-element-4e5d0a9 elementor-widget elementor-widget-image\" data-id=\"4e5d0a9\" data-element_type=\"widget\" data-widget_type=\"image.default\">\n\t\t\t\t\t\t\t\t\t\t\t\t\t\t\t<img loading=\"lazy\" decoding=\"async\" width=\"1703\" height=\"2560\" src=\"https:\/\/colomboarchitecture.com\/wp-content\/uploads\/2025\/10\/DSC_9475-1-2-scaled.jpg\" class=\"attachment-full size-full wp-image-820\" alt=\"\" srcset=\"https:\/\/colomboarchitecture.com\/wp-content\/uploads\/2025\/10\/DSC_9475-1-2-scaled.jpg 1703w, https:\/\/colomboarchitecture.com\/wp-content\/uploads\/2025\/10\/DSC_9475-1-2-200x300.jpg 200w, https:\/\/colomboarchitecture.com\/wp-content\/uploads\/2025\/10\/DSC_9475-1-2-681x1024.jpg 681w, https:\/\/colomboarchitecture.com\/wp-content\/uploads\/2025\/10\/DSC_9475-1-2-768x1154.jpg 768w, https:\/\/colomboarchitecture.com\/wp-content\/uploads\/2025\/10\/DSC_9475-1-2-1022x1536.jpg 1022w, https:\/\/colomboarchitecture.com\/wp-content\/uploads\/2025\/10\/DSC_9475-1-2-1363x2048.jpg 1363w\" sizes=\"(max-width: 1703px) 100vw, 1703px\" \/>\t\t\t\t\t\t\t\t\t\t\t\t\t\t\t<\/div>\n\t\t\t\t<\/div>\n\t\t\t\t<\/div>\n\t\t<div class=\"elementor-element elementor-element-4e8fdd8 e-con-full e-flex e-con e-parent\" data-id=\"4e8fdd8\" data-element_type=\"container\">\n\t\t<div class=\"elementor-element elementor-element-5818b89 e-con-full e-flex e-con e-child\" data-id=\"5818b89\" data-element_type=\"container\">\n\t\t<div class=\"elementor-element elementor-element-5c7af69 e-con-full e-flex e-con e-child\" data-id=\"5c7af69\" data-element_type=\"container\">\n\t\t\t\t<div class=\"elementor-element elementor-element-9f93393 elementor-widget elementor-widget-image\" data-id=\"9f93393\" data-element_type=\"widget\" data-widget_type=\"image.default\">\n\t\t\t\t\t\t\t\t\t\t\t\t\t\t\t<img loading=\"lazy\" decoding=\"async\" width=\"800\" height=\"532\" src=\"https:\/\/colomboarchitecture.com\/wp-content\/uploads\/2025\/10\/DSC_9313-SLIDE-1024x681.gif\" class=\"attachment-large size-large wp-image-821\" alt=\"\" srcset=\"https:\/\/colomboarchitecture.com\/wp-content\/uploads\/2025\/10\/DSC_9313-SLIDE-1024x681.gif 1024w, https:\/\/colomboarchitecture.com\/wp-content\/uploads\/2025\/10\/DSC_9313-SLIDE-300x200.gif 300w, https:\/\/colomboarchitecture.com\/wp-content\/uploads\/2025\/10\/DSC_9313-SLIDE-768x511.gif 768w\" sizes=\"(max-width: 800px) 100vw, 800px\" \/>\t\t\t\t\t\t\t\t\t\t\t\t\t\t\t<\/div>\n\t\t\t\t<\/div>\n\t\t<div class=\"elementor-element elementor-element-a9d4f8d e-con-full e-flex e-con e-child\" data-id=\"a9d4f8d\" data-element_type=\"container\" data-settings=\"{&quot;background_background&quot;:&quot;classic&quot;}\">\n\t\t\t\t<div class=\"elementor-element elementor-element-518d5cc elementor-widget elementor-widget-text-editor\" data-id=\"518d5cc\" data-element_type=\"widget\" data-widget_type=\"text-editor.default\">\n\t\t\t\t\t\t\t\t\t<p><em>\u201cIt\u2019s the weekend retreat I was looking for: white, simple, clean. Perfect.<\/em>\u201d<\/p>\t\t\t\t\t\t\t\t<\/div>\n\t\t\t\t<div class=\"elementor-element elementor-element-097eebe elementor-widget elementor-widget-text-editor\" data-id=\"097eebe\" data-element_type=\"widget\" data-widget_type=\"text-editor.default\">\n\t\t\t\t\t\t\t\t\t<p>\u2014 Pascal Rousseau<\/p>\t\t\t\t\t\t\t\t<\/div>\n\t\t\t\t<\/div>\n\t\t\t\t<\/div>\n\t\t\t\t<\/div>\n\t\t<div class=\"elementor-element elementor-element-a4adad5 e-con-full e-flex e-con e-parent\" data-id=\"a4adad5\" data-element_type=\"container\">\n\t\t<div class=\"elementor-element elementor-element-d3c0031 e-con-full e-flex e-con e-child\" data-id=\"d3c0031\" data-element_type=\"container\">\n\t\t\t\t<div class=\"elementor-element elementor-element-cfb5053 elementor-widget elementor-widget-image\" data-id=\"cfb5053\" data-element_type=\"widget\" data-widget_type=\"image.default\">\n\t\t\t\t\t\t\t\t\t\t\t\t\t\t\t<img loading=\"lazy\" decoding=\"async\" width=\"800\" height=\"533\" src=\"https:\/\/colomboarchitecture.com\/wp-content\/uploads\/2025\/10\/DSC_9859ULTIMA-1024x682.jpg\" class=\"attachment-large size-large wp-image-822\" alt=\"\" srcset=\"https:\/\/colomboarchitecture.com\/wp-content\/uploads\/2025\/10\/DSC_9859ULTIMA-1024x682.jpg 1024w, https:\/\/colomboarchitecture.com\/wp-content\/uploads\/2025\/10\/DSC_9859ULTIMA-300x200.jpg 300w, https:\/\/colomboarchitecture.com\/wp-content\/uploads\/2025\/10\/DSC_9859ULTIMA-768x511.jpg 768w, https:\/\/colomboarchitecture.com\/wp-content\/uploads\/2025\/10\/DSC_9859ULTIMA-1536x1022.jpg 1536w, https:\/\/colomboarchitecture.com\/wp-content\/uploads\/2025\/10\/DSC_9859ULTIMA-2048x1363.jpg 2048w\" sizes=\"(max-width: 800px) 100vw, 800px\" \/>\t\t\t\t\t\t\t\t\t\t\t\t\t\t\t<\/div>\n\t\t\t\t<div class=\"elementor-element elementor-element-3b1b427 elementor-widget elementor-widget-text-editor\" data-id=\"3b1b427\" data-element_type=\"widget\" data-widget_type=\"text-editor.default\">\n\t\t\t\t\t\t\t\t\t<h4 class=\"translation-block\">Si deseas m\u00e1s informaci\u00f3n sobre este proyecto o hablar sobre una posible colaboraci\u00f3n con nosotros, ponte en contacto en <span style=\"text-decoration: underline\"><a href=\"mailto:info@colomboarchitecture.com?\" target=\"\">info@colomboarchitecture.com<\/a><\/span><\/h4>\t\t\t\t\t\t\t\t<\/div>\n\t\t\t\t<\/div>\n\t\t\t\t<\/div>\n\t\t\t\t<\/div>","protected":false},"excerpt":{"rendered":"<p>The White Retreat Sitges, Spain2013 CATEGORY RESIDENTIAL \/ COMPLETE RENOVATION TEAM Colombo Architecture SURFACE 36m2 + 11m2 terrace STATUS COMPLETED PHOTOGRAPHY ROBERTO RUIZ The renovation of this 36 square meters apartment came with a defined brief. The client, a French Art historian and curator, professor at the Sorbonne University, came to us with very clear [&hellip;]<\/p>","protected":false},"author":1,"featured_media":0,"parent":0,"menu_order":0,"comment_status":"closed","ping_status":"closed","template":"","meta":{"footnotes":""},"class_list":["post-809","page","type-page","status-publish","hentry"],"_links":{"self":[{"href":"https:\/\/colomboarchitecture.com\/es\/wp-json\/wp\/v2\/pages\/809","targetHints":{"allow":["GET"]}}],"collection":[{"href":"https:\/\/colomboarchitecture.com\/es\/wp-json\/wp\/v2\/pages"}],"about":[{"href":"https:\/\/colomboarchitecture.com\/es\/wp-json\/wp\/v2\/types\/page"}],"author":[{"embeddable":true,"href":"https:\/\/colomboarchitecture.com\/es\/wp-json\/wp\/v2\/users\/1"}],"replies":[{"embeddable":true,"href":"https:\/\/colomboarchitecture.com\/es\/wp-json\/wp\/v2\/comments?post=809"}],"version-history":[{"count":7,"href":"https:\/\/colomboarchitecture.com\/es\/wp-json\/wp\/v2\/pages\/809\/revisions"}],"predecessor-version":[{"id":1534,"href":"https:\/\/colomboarchitecture.com\/es\/wp-json\/wp\/v2\/pages\/809\/revisions\/1534"}],"wp:attachment":[{"href":"https:\/\/colomboarchitecture.com\/es\/wp-json\/wp\/v2\/media?parent=809"}],"curies":[{"name":"wp","href":"https:\/\/api.w.org\/{rel}","templated":true}]}}