{"id":329,"date":"2025-09-15T10:19:06","date_gmt":"2025-09-15T10:19:06","guid":{"rendered":"https:\/\/colomboarchitecture.com\/?page_id=329"},"modified":"2025-11-15T11:02:50","modified_gmt":"2025-11-15T11:02:50","slug":"photo-production-press-publication-services","status":"publish","type":"page","link":"https:\/\/colomboarchitecture.com\/es\/photo-production-press-publication-services\/","title":{"rendered":"Photo Production &#038; Press Publication Services"},"content":{"rendered":"<div data-elementor-type=\"wp-page\" data-elementor-id=\"329\" class=\"elementor elementor-329\" data-elementor-post-type=\"page\">\n\t\t\t\t<div class=\"elementor-element elementor-element-2e1c007 e-con-full e-flex e-con e-parent\" data-id=\"2e1c007\" data-element_type=\"container\">\n\t\t<div class=\"elementor-element elementor-element-6167281 e-con-full e-flex e-con e-child\" data-id=\"6167281\" data-element_type=\"container\">\n\t\t\t\t<div class=\"elementor-element elementor-element-96be012 elementor-widget elementor-widget-image\" data-id=\"96be012\" data-element_type=\"widget\" data-widget_type=\"image.default\">\n\t\t\t\t\t\t\t\t\t\t\t\t\t\t\t<img fetchpriority=\"high\" decoding=\"async\" width=\"2500\" height=\"1875\" src=\"https:\/\/colomboarchitecture.com\/wp-content\/uploads\/2025\/09\/IMG_6513.jpeg\" class=\"attachment-full size-full wp-image-331\" alt=\"\" srcset=\"https:\/\/colomboarchitecture.com\/wp-content\/uploads\/2025\/09\/IMG_6513.jpeg 2500w, https:\/\/colomboarchitecture.com\/wp-content\/uploads\/2025\/09\/IMG_6513-300x225.jpeg 300w, https:\/\/colomboarchitecture.com\/wp-content\/uploads\/2025\/09\/IMG_6513-1024x768.jpeg 1024w, https:\/\/colomboarchitecture.com\/wp-content\/uploads\/2025\/09\/IMG_6513-768x576.jpeg 768w, https:\/\/colomboarchitecture.com\/wp-content\/uploads\/2025\/09\/IMG_6513-1536x1152.jpeg 1536w, https:\/\/colomboarchitecture.com\/wp-content\/uploads\/2025\/09\/IMG_6513-2048x1536.jpeg 2048w\" sizes=\"(max-width: 2500px) 100vw, 2500px\" \/>\t\t\t\t\t\t\t\t\t\t\t\t\t\t\t<\/div>\n\t\t\t\t<\/div>\n\t\t<div class=\"elementor-element elementor-element-4473a6f e-con-full e-flex e-con e-child\" data-id=\"4473a6f\" data-element_type=\"container\">\n\t\t\t\t<div class=\"elementor-element elementor-element-0a9480c elementor-widget elementor-widget-heading\" data-id=\"0a9480c\" data-element_type=\"widget\" data-widget_type=\"heading.default\">\n\t\t\t\t\t<h1 class=\"elementor-heading-title elementor-size-default\">Servicios de producci\u00f3n fotogr\u00e1fica y publicaci\u00f3n en prensa\n<\/h1>\t\t\t\t<\/div>\n\t\t\t\t<div class=\"elementor-element elementor-element-6443a05 elementor-widget elementor-widget-text-editor\" data-id=\"6443a05\" data-element_type=\"widget\" data-widget_type=\"text-editor.default\">\n\t\t\t\t\t\t\t\t\t<p>En Colombo Architecture creemos que cada proyecto merece brillar. Aportamos valor a las propiedades y, por ello, queremos mostrar el resultado con fotograf\u00eda profesional y difusi\u00f3n en medios.<\/p>\t\t\t\t\t\t\t\t<\/div>\n\t\t\t\t<div class=\"elementor-element elementor-element-0b3bb1a elementor-widget elementor-widget-heading\" data-id=\"0b3bb1a\" data-element_type=\"widget\" data-widget_type=\"heading.default\">\n\t\t\t\t\t<h2 class=\"elementor-heading-title elementor-size-default\">Producci\u00f3n fotogr\u00e1fica\n<\/h2>\t\t\t\t<\/div>\n\t\t\t\t<div class=\"elementor-element elementor-element-6ce082e elementor-widget elementor-widget-text-editor\" data-id=\"6ce082e\" data-element_type=\"widget\" data-widget_type=\"text-editor.default\">\n\t\t\t\t\t\t\t\t\t<p>Tanto si el proyecto es comercial como residencial, nos encargamos de todo el proceso de producci\u00f3n fotogr\u00e1fica. Preparamos el estilismo, organizamos la puesta en escena y supervisamos la postproducci\u00f3n para asegurar que cada detalle se capture con la m\u00e1xima calidad. Nuestras sesiones destacan las singularidades de tu propiedad y la presentan en su mejor luz.<\/p>\t\t\t\t\t\t\t\t<\/div>\n\t\t\t\t<div class=\"elementor-element elementor-element-0328859 elementor-widget elementor-widget-heading\" data-id=\"0328859\" data-element_type=\"widget\" data-widget_type=\"heading.default\">\n\t\t\t\t\t<h2 class=\"elementor-heading-title elementor-size-default\">Publicaci\u00f3n en prensa\n<\/h2>\t\t\t\t<\/div>\n\t\t\t\t<div class=\"elementor-element elementor-element-05be1b3 elementor-widget elementor-widget-text-editor\" data-id=\"05be1b3\" data-element_type=\"widget\" data-widget_type=\"text-editor.default\">\n\t\t\t\t\t\t\t\t\t<p>Tras obtener im\u00e1genes impactantes, nuestro equipo elabora un press kit completo con descripciones del proyecto, planos, dibujos y fotograf\u00edas. Despu\u00e9s, lo distribuimos a nuestra amplia red de contactos en prensa. Esta difusi\u00f3n no solo incrementa el valor de la propiedad, sino que tambi\u00e9n impulsa los proyectos comerciales a escala global.<\/p>\t\t\t\t\t\t\t\t<\/div>\n\t\t\t\t<\/div>\n\t\t\t\t<\/div>\n\t\t<div class=\"elementor-element elementor-element-2f1c05b e-con-full e-flex e-con e-parent\" data-id=\"2f1c05b\" data-element_type=\"container\">\n\t\t<div class=\"elementor-element elementor-element-82ae56a e-con-full e-flex e-con e-child\" data-id=\"82ae56a\" data-element_type=\"container\">\n\t\t\t\t<div class=\"elementor-element elementor-element-00f83f7 elementor-widget elementor-widget-heading\" data-id=\"00f83f7\" data-element_type=\"widget\" data-widget_type=\"heading.default\">\n\t\t\t\t\t<h2 class=\"elementor-heading-title elementor-size-default\">Colombo Architecture\n<\/h2>\t\t\t\t<\/div>\n\t\t\t\t<div class=\"elementor-element elementor-element-3bb85ff elementor-widget elementor-widget-text-editor\" data-id=\"3bb85ff\" data-element_type=\"widget\" data-widget_type=\"text-editor.default\">\n\t\t\t\t\t\t\t\t\t<p>Como estudio internacional de arquitectura, concebimos y transformamos propiedades, revelando su potencial oculto. Nos encargamos de todo el proceso: desde la conceptualizaci\u00f3n y la supervisi\u00f3n del proyecto hasta el amueblamiento final y la decoraci\u00f3n del hogar. Para reforzar a\u00fan m\u00e1s el valor y la visibilidad de tu propiedad, ofrecemos servicios integrales de producci\u00f3n fotogr\u00e1fica y publicaci\u00f3n en prensa.<\/p>\t\t\t\t\t\t\t\t<\/div>\n\t\t\t\t<div class=\"elementor-element elementor-element-8f7db14 elementor-widget elementor-widget-heading\" data-id=\"8f7db14\" data-element_type=\"widget\" data-widget_type=\"heading.default\">\n\t\t\t\t\t<h2 class=\"elementor-heading-title elementor-size-default\">Transformando espacios juntos\n<\/h2>\t\t\t\t<\/div>\n\t\t\t\t<div class=\"elementor-element elementor-element-8513497 elementor-widget elementor-widget-text-editor\" data-id=\"8513497\" data-element_type=\"widget\" data-widget_type=\"text-editor.default\">\n\t\t\t\t\t\t\t\t\t<p>En Colombo Architecture entendemos el poder del relato visual. Al combinar nuestra experiencia en arquitectura y dise\u00f1o de interiores con fotograf\u00eda profesional y difusi\u00f3n en medios, llevamos tu propiedad a un nuevo nivel.<\/p><p>D\u00e9janos ayudarte a mostrar al mundo el verdadero potencial de tu proyecto.<\/p>\t\t\t\t\t\t\t\t<\/div>\n\t\t\t\t<\/div>\n\t\t<div class=\"elementor-element elementor-element-6b62e4a e-con-full e-flex e-con e-child\" data-id=\"6b62e4a\" data-element_type=\"container\">\n\t\t\t\t<div class=\"elementor-element elementor-element-2532a0e elementor-widget elementor-widget-image\" data-id=\"2532a0e\" data-element_type=\"widget\" data-widget_type=\"image.default\">\n\t\t\t\t\t\t\t\t\t\t\t\t\t\t\t<img decoding=\"async\" width=\"1600\" height=\"1200\" src=\"https:\/\/colomboarchitecture.com\/wp-content\/uploads\/2025\/09\/3f4760fb-ee7c-4579-983b-8065e54d37d1.jpg\" class=\"attachment-full size-full wp-image-332\" alt=\"\" srcset=\"https:\/\/colomboarchitecture.com\/wp-content\/uploads\/2025\/09\/3f4760fb-ee7c-4579-983b-8065e54d37d1.jpg 1600w, https:\/\/colomboarchitecture.com\/wp-content\/uploads\/2025\/09\/3f4760fb-ee7c-4579-983b-8065e54d37d1-300x225.jpg 300w, https:\/\/colomboarchitecture.com\/wp-content\/uploads\/2025\/09\/3f4760fb-ee7c-4579-983b-8065e54d37d1-1024x768.jpg 1024w, https:\/\/colomboarchitecture.com\/wp-content\/uploads\/2025\/09\/3f4760fb-ee7c-4579-983b-8065e54d37d1-768x576.jpg 768w, https:\/\/colomboarchitecture.com\/wp-content\/uploads\/2025\/09\/3f4760fb-ee7c-4579-983b-8065e54d37d1-1536x1152.jpg 1536w\" sizes=\"(max-width: 1600px) 100vw, 1600px\" \/>\t\t\t\t\t\t\t\t\t\t\t\t\t\t\t<\/div>\n\t\t\t\t<\/div>\n\t\t\t\t<\/div>\n\t\t<div class=\"elementor-element elementor-element-adebccb e-con-full e-flex e-con e-parent\" data-id=\"adebccb\" data-element_type=\"container\">\n\t\t<div class=\"elementor-element elementor-element-b237603 e-con-full e-flex e-con e-child\" data-id=\"b237603\" data-element_type=\"container\">\n\t\t\t\t<div class=\"elementor-element elementor-element-da63792 elementor-widget elementor-widget-image\" data-id=\"da63792\" data-element_type=\"widget\" data-widget_type=\"image.default\">\n\t\t\t\t\t\t\t\t\t\t\t\t\t\t\t<img decoding=\"async\" width=\"800\" height=\"938\" src=\"https:\/\/colomboarchitecture.com\/wp-content\/uploads\/2025\/09\/IMG_3901-1-873x1024.jpg\" class=\"attachment-large size-large wp-image-333\" alt=\"\" srcset=\"https:\/\/colomboarchitecture.com\/wp-content\/uploads\/2025\/09\/IMG_3901-1-873x1024.jpg 873w, https:\/\/colomboarchitecture.com\/wp-content\/uploads\/2025\/09\/IMG_3901-1-256x300.jpg 256w, https:\/\/colomboarchitecture.com\/wp-content\/uploads\/2025\/09\/IMG_3901-1-768x901.jpg 768w, https:\/\/colomboarchitecture.com\/wp-content\/uploads\/2025\/09\/IMG_3901-1-1310x1536.jpg 1310w, https:\/\/colomboarchitecture.com\/wp-content\/uploads\/2025\/09\/IMG_3901-1-1746x2048.jpg 1746w\" sizes=\"(max-width: 800px) 100vw, 800px\" \/>\t\t\t\t\t\t\t\t\t\t\t\t\t\t\t<\/div>\n\t\t\t\t<div class=\"elementor-element elementor-element-62b1dff elementor-widget elementor-widget-text-editor\" data-id=\"62b1dff\" data-element_type=\"widget\" data-widget_type=\"text-editor.default\">\n\t\t\t\t\t\t\t\t\t<p>Portada de un libro titulada \u00abThe Complete Book of Colourful Interiors\u00bb que muestra un sal\u00f3n con paredes azules, un sof\u00e1 azul con cojines estampados, varias obras de arte en la pared y una mesa de centro de madera con libros de arte y objetos decorativos.<\/p>\t\t\t\t\t\t\t\t<\/div>\n\t\t\t\t<\/div>\n\t\t<div class=\"elementor-element elementor-element-192e3e5 e-con-full e-flex e-con e-child\" data-id=\"192e3e5\" data-element_type=\"container\">\n\t\t\t\t<div class=\"elementor-element elementor-element-6de7fca elementor-widget elementor-widget-image\" data-id=\"6de7fca\" data-element_type=\"widget\" data-widget_type=\"image.default\">\n\t\t\t\t\t\t\t\t\t\t\t\t\t\t\t<img loading=\"lazy\" decoding=\"async\" width=\"768\" height=\"1024\" src=\"https:\/\/colomboarchitecture.com\/wp-content\/uploads\/2025\/09\/IMG_3902-1-768x1024.jpg\" class=\"attachment-large size-large wp-image-334\" alt=\"\" srcset=\"https:\/\/colomboarchitecture.com\/wp-content\/uploads\/2025\/09\/IMG_3902-1-768x1024.jpg 768w, https:\/\/colomboarchitecture.com\/wp-content\/uploads\/2025\/09\/IMG_3902-1-225x300.jpg 225w, https:\/\/colomboarchitecture.com\/wp-content\/uploads\/2025\/09\/IMG_3902-1-1152x1536.jpg 1152w, https:\/\/colomboarchitecture.com\/wp-content\/uploads\/2025\/09\/IMG_3902-1-1536x2048.jpg 1536w, https:\/\/colomboarchitecture.com\/wp-content\/uploads\/2025\/09\/IMG_3902-1-scaled.jpg 1920w\" sizes=\"(max-width: 768px) 100vw, 768px\" \/>\t\t\t\t\t\t\t\t\t\t\t\t\t\t\t<\/div>\n\t\t\t\t<div class=\"elementor-element elementor-element-56d8724 elementor-widget elementor-widget-text-editor\" data-id=\"56d8724\" data-element_type=\"widget\" data-widget_type=\"text-editor.default\">\n\t\t\t\t\t\t\t\t\t<p>Libro titulado \u00abHouse of Joy\u00bb con una alfombra de ondas multicolor en un sal\u00f3n luminoso con grandes ventanales, un sill\u00f3n gris, una mesa auxiliar con flores amarillas y taburetes de colores.<\/p>\t\t\t\t\t\t\t\t<\/div>\n\t\t\t\t<\/div>\n\t\t<div class=\"elementor-element elementor-element-b891f4d e-con-full e-flex e-con e-child\" data-id=\"b891f4d\" data-element_type=\"container\">\n\t\t\t\t<div class=\"elementor-element elementor-element-9a813d4 elementor-widget elementor-widget-image\" data-id=\"9a813d4\" data-element_type=\"widget\" data-widget_type=\"image.default\">\n\t\t\t\t\t\t\t\t\t\t\t\t\t\t\t<img loading=\"lazy\" decoding=\"async\" width=\"799\" height=\"1024\" src=\"https:\/\/colomboarchitecture.com\/wp-content\/uploads\/2025\/09\/IMG_3903-1-799x1024.jpg\" class=\"attachment-large size-large wp-image-335\" alt=\"\" srcset=\"https:\/\/colomboarchitecture.com\/wp-content\/uploads\/2025\/09\/IMG_3903-1-799x1024.jpg 799w, https:\/\/colomboarchitecture.com\/wp-content\/uploads\/2025\/09\/IMG_3903-1-234x300.jpg 234w, https:\/\/colomboarchitecture.com\/wp-content\/uploads\/2025\/09\/IMG_3903-1-768x985.jpg 768w, https:\/\/colomboarchitecture.com\/wp-content\/uploads\/2025\/09\/IMG_3903-1-1198x1536.jpg 1198w, https:\/\/colomboarchitecture.com\/wp-content\/uploads\/2025\/09\/IMG_3903-1-1598x2048.jpg 1598w, https:\/\/colomboarchitecture.com\/wp-content\/uploads\/2025\/09\/IMG_3903-1-scaled.jpg 1997w\" sizes=\"(max-width: 799px) 100vw, 799px\" \/>\t\t\t\t\t\t\t\t\t\t\t\t\t\t\t<\/div>\n\t\t\t\t<div class=\"elementor-element elementor-element-71f32aa elementor-widget elementor-widget-text-editor\" data-id=\"71f32aa\" data-element_type=\"widget\" data-widget_type=\"text-editor.default\">\n\t\t\t\t\t\t\t\t\t<p>Portada de un libro titulado \u00abBarcelona Interiors\u00bb con una fotograf\u00eda de un interior minimalista, con un sof\u00e1 curvo blanco con cojines beige, plantas de interior verdes, una l\u00e1mpara colgante marr\u00f3n y un cuadro colorido con varias personas en la pared.<\/p>\t\t\t\t\t\t\t\t<\/div>\n\t\t\t\t<\/div>\n\t\t\t\t<\/div>\n\t\t<div class=\"elementor-element elementor-element-1085efa e-con-full e-flex e-con e-parent\" data-id=\"1085efa\" data-element_type=\"container\">\n\t\t<div class=\"elementor-element elementor-element-71ced65 e-con-full e-flex e-con e-child\" data-id=\"71ced65\" data-element_type=\"container\">\n\t\t\t\t<div class=\"elementor-element elementor-element-2958dc9 elementor-widget elementor-widget-image\" data-id=\"2958dc9\" data-element_type=\"widget\" data-widget_type=\"image.default\">\n\t\t\t\t\t\t\t\t\t\t\t\t\t\t\t<img loading=\"lazy\" decoding=\"async\" width=\"768\" height=\"1024\" src=\"https:\/\/colomboarchitecture.com\/wp-content\/uploads\/2025\/09\/PHOTO-2023-09-26-11-52-558-768x1024.jpg\" class=\"attachment-large size-large wp-image-256\" alt=\"\" srcset=\"https:\/\/colomboarchitecture.com\/wp-content\/uploads\/2025\/09\/PHOTO-2023-09-26-11-52-558-768x1024.jpg 768w, https:\/\/colomboarchitecture.com\/wp-content\/uploads\/2025\/09\/PHOTO-2023-09-26-11-52-558-225x300.jpg 225w, https:\/\/colomboarchitecture.com\/wp-content\/uploads\/2025\/09\/PHOTO-2023-09-26-11-52-558-1152x1536.jpg 1152w, https:\/\/colomboarchitecture.com\/wp-content\/uploads\/2025\/09\/PHOTO-2023-09-26-11-52-558.jpg 1536w\" sizes=\"(max-width: 768px) 100vw, 768px\" \/>\t\t\t\t\t\t\t\t\t\t\t\t\t\t\t<\/div>\n\t\t\t\t<\/div>\n\t\t<div class=\"elementor-element elementor-element-f388164 e-con-full e-flex e-con e-child\" data-id=\"f388164\" data-element_type=\"container\">\n\t\t\t\t<div class=\"elementor-element elementor-element-e104b53 elementor-widget elementor-widget-heading\" data-id=\"e104b53\" data-element_type=\"widget\" data-widget_type=\"heading.default\">\n\t\t\t\t\t<h2 class=\"elementor-heading-title elementor-size-default\">Cont\u00e1ctanos para discutir tu proyecto.\n<\/h2>\t\t\t\t<\/div>\n\t\t\t\t<div class=\"elementor-element elementor-element-1f35d61 elementor-button-align-start elementor-widget elementor-widget-form\" data-id=\"1f35d61\" data-element_type=\"widget\" data-settings=\"{&quot;step_next_label&quot;:&quot;Next&quot;,&quot;step_previous_label&quot;:&quot;Previous&quot;,&quot;button_width&quot;:&quot;100&quot;,&quot;step_type&quot;:&quot;number_text&quot;,&quot;step_icon_shape&quot;:&quot;circle&quot;}\" data-widget_type=\"form.default\">\n\t\t\t\t\t\t\t<form class=\"elementor-form\" method=\"post\" name=\"New Form\" aria-label=\"New Form\" action=\"\">\n\t\t\t<input type=\"hidden\" name=\"post_id\" value=\"329\"\/>\n\t\t\t<input type=\"hidden\" name=\"form_id\" value=\"1f35d61\"\/>\n\t\t\t<input type=\"hidden\" name=\"referer_title\" value=\"Photo Production &#038; Press Publication Services\" \/>\n\n\t\t\t\t\t\t\t<input type=\"hidden\" name=\"queried_id\" value=\"329\"\/>\n\t\t\t\n\t\t\t<div class=\"elementor-form-fields-wrapper elementor-labels-above\">\n\t\t\t\t\t\t\t\t<div class=\"elementor-field-type-email elementor-field-group elementor-column elementor-field-group-email elementor-col-100 elementor-field-required\">\n\t\t\t\t\t\t\t\t\t\t\t\t<label for=\"form-field-email\" class=\"elementor-field-label\">\n\t\t\t\t\t\t\t\tEmail (obligatorio)\t\t\t\t\t\t\t<\/label>\n\t\t\t\t\t\t\t\t\t\t\t\t\t\t<input size=\"1\" type=\"email\" name=\"form_fields[email]\" id=\"form-field-email\" class=\"elementor-field elementor-size-sm  elementor-field-textual\" required=\"required\">\n\t\t\t\t\t\t\t\t\t\t\t<\/div>\n\t\t\t\t\t\t\t\t<div class=\"elementor-field-type-textarea elementor-field-group elementor-column elementor-field-group-message elementor-col-100 elementor-field-required\">\n\t\t\t\t\t\t\t\t\t\t\t\t<label for=\"form-field-message\" class=\"elementor-field-label\">\n\t\t\t\t\t\t\t\tMensaje (obligatorio)\t\t\t\t\t\t\t<\/label>\n\t\t\t\t\t\t<textarea class=\"elementor-field-textual elementor-field  elementor-size-sm\" name=\"form_fields[message]\" id=\"form-field-message\" rows=\"4\" required=\"required\"><\/textarea>\t\t\t\t<\/div>\n\t\t\t\t\t\t\t\t<div class=\"elementor-field-group elementor-column elementor-field-type-submit elementor-col-100 e-form__buttons\">\n\t\t\t\t\t<button class=\"elementor-button elementor-size-lg\" type=\"submit\">\n\t\t\t\t\t\t<span class=\"elementor-button-content-wrapper\">\n\t\t\t\t\t\t\t\t\t\t\t\t\t\t\t\t\t\t\t\t\t\t<span class=\"elementor-button-text\">Enviar<\/span>\n\t\t\t\t\t\t\t\t\t\t\t\t\t<\/span>\n\t\t\t\t\t<\/button>\n\t\t\t\t<\/div>\n\t\t\t<\/div>\n\t\t<input type=\"hidden\" name=\"trp-form-language\" value=\"es\"\/><\/form>\n\t\t\t\t\t\t<\/div>\n\t\t\t\t<\/div>\n\t\t\t\t<\/div>\n\t\t\t\t<\/div>","protected":false},"excerpt":{"rendered":"<p>Photo Production &amp; Press Publication Services At Colombo Architecture, we believe every project deserves to shine. We add value to properties, therefore we want to showcase the result with professional photography and media exposure. Photo Production Services Whether the project is commercial or residential, we take care of the entire photo production process. We style [&hellip;]<\/p>","protected":false},"author":1,"featured_media":0,"parent":0,"menu_order":0,"comment_status":"closed","ping_status":"closed","template":"","meta":{"footnotes":""},"class_list":["post-329","page","type-page","status-publish","hentry"],"_links":{"self":[{"href":"https:\/\/colomboarchitecture.com\/es\/wp-json\/wp\/v2\/pages\/329","targetHints":{"allow":["GET"]}}],"collection":[{"href":"https:\/\/colomboarchitecture.com\/es\/wp-json\/wp\/v2\/pages"}],"about":[{"href":"https:\/\/colomboarchitecture.com\/es\/wp-json\/wp\/v2\/types\/page"}],"author":[{"embeddable":true,"href":"https:\/\/colomboarchitecture.com\/es\/wp-json\/wp\/v2\/users\/1"}],"replies":[{"embeddable":true,"href":"https:\/\/colomboarchitecture.com\/es\/wp-json\/wp\/v2\/comments?post=329"}],"version-history":[{"count":7,"href":"https:\/\/colomboarchitecture.com\/es\/wp-json\/wp\/v2\/pages\/329\/revisions"}],"predecessor-version":[{"id":1235,"href":"https:\/\/colomboarchitecture.com\/es\/wp-json\/wp\/v2\/pages\/329\/revisions\/1235"}],"wp:attachment":[{"href":"https:\/\/colomboarchitecture.com\/es\/wp-json\/wp\/v2\/media?parent=329"}],"curies":[{"name":"wp","href":"https:\/\/api.w.org\/{rel}","templated":true}]}}