{"id":319,"date":"2025-09-15T10:11:16","date_gmt":"2025-09-15T10:11:16","guid":{"rendered":"https:\/\/colomboarchitecture.com\/?page_id=319"},"modified":"2025-11-14T12:16:53","modified_gmt":"2025-11-14T12:16:53","slug":"art-curation-furniture-curation-services","status":"publish","type":"page","link":"https:\/\/colomboarchitecture.com\/es\/art-curation-furniture-curation-services\/","title":{"rendered":"Art Curation &#038; Furniture Curation Services"},"content":{"rendered":"<div data-elementor-type=\"wp-page\" data-elementor-id=\"319\" class=\"elementor elementor-319\" data-elementor-post-type=\"page\">\n\t\t\t\t<div class=\"elementor-element elementor-element-2e1c007 e-con-full e-flex e-con e-parent\" data-id=\"2e1c007\" data-element_type=\"container\">\n\t\t<div class=\"elementor-element elementor-element-6167281 e-con-full e-flex e-con e-child\" data-id=\"6167281\" data-element_type=\"container\">\n\t\t\t\t<div class=\"elementor-element elementor-element-96be012 elementor-widget elementor-widget-image\" data-id=\"96be012\" data-element_type=\"widget\" data-widget_type=\"image.default\">\n\t\t\t\t\t\t\t\t\t\t\t\t\t\t\t<img fetchpriority=\"high\" decoding=\"async\" width=\"1920\" height=\"2560\" src=\"https:\/\/colomboarchitecture.com\/wp-content\/uploads\/2025\/09\/IMG_3819-scaled.jpeg\" class=\"attachment-full size-full wp-image-321\" alt=\"\" srcset=\"https:\/\/colomboarchitecture.com\/wp-content\/uploads\/2025\/09\/IMG_3819-scaled.jpeg 1920w, https:\/\/colomboarchitecture.com\/wp-content\/uploads\/2025\/09\/IMG_3819-225x300.jpeg 225w, https:\/\/colomboarchitecture.com\/wp-content\/uploads\/2025\/09\/IMG_3819-768x1024.jpeg 768w, https:\/\/colomboarchitecture.com\/wp-content\/uploads\/2025\/09\/IMG_3819-1152x1536.jpeg 1152w, https:\/\/colomboarchitecture.com\/wp-content\/uploads\/2025\/09\/IMG_3819-1536x2048.jpeg 1536w\" sizes=\"(max-width: 1920px) 100vw, 1920px\" \/>\t\t\t\t\t\t\t\t\t\t\t\t\t\t\t<\/div>\n\t\t\t\t<\/div>\n\t\t<div class=\"elementor-element elementor-element-4473a6f e-con-full e-flex e-con e-child\" data-id=\"4473a6f\" data-element_type=\"container\">\n\t\t\t\t<div class=\"elementor-element elementor-element-0a9480c elementor-widget elementor-widget-heading\" data-id=\"0a9480c\" data-element_type=\"widget\" data-widget_type=\"heading.default\">\n\t\t\t\t\t<h1 class=\"elementor-heading-title elementor-size-default\">Servicios de curadur\u00eda de arte y selecci\u00f3n de mobiliario\n<\/h1>\t\t\t\t<\/div>\n\t\t\t\t<div class=\"elementor-element elementor-element-6443a05 elementor-widget elementor-widget-text-editor\" data-id=\"6443a05\" data-element_type=\"widget\" data-widget_type=\"text-editor.default\">\n\t\t\t\t\t\t\t\t\t<p>En Colombo Architecture creemos que los \u00faltimos detalles marcan la diferencia. Definimos los espacios a trav\u00e9s de la atenci\u00f3n al detalle, el confort y la innovaci\u00f3n. Seleccionamos piezas de mobiliario para completar y complementar el proyecto, actuando como personal shoppers y contando con contactos con las mejores tiendas y marcas.<\/p><p>Nuestro equipo se especializa en home styling, eligiendo el mobiliario que mejor acompa\u00f1a a cada proyecto. Disponemos de una red de proveedores de primer nivel, lo que garantiza que cada pieza se integre de forma natural en tu espacio y que responda a tu estilo y necesidades.<\/p><p>Adem\u00e1s del mobiliario, ofrecemos servicios de curadur\u00eda de arte, enriqueciendo los interiores con obras cuidadosamente seleccionadas. La selecci\u00f3n es personalizada, pensada para reflejar tu gusto y elevar la atm\u00f3sfera del espacio. Este trabajo curatorial puede incluir tambi\u00e9n accesorios y piezas \u00fanicas, si as\u00ed lo deseas.<\/p>\t\t\t\t\t\t\t\t<\/div>\n\t\t\t\t<\/div>\n\t\t\t\t<\/div>\n\t\t<div class=\"elementor-element elementor-element-2f1c05b e-con-full e-flex e-con e-parent\" data-id=\"2f1c05b\" data-element_type=\"container\">\n\t\t<div class=\"elementor-element elementor-element-82ae56a e-con-full e-flex e-con e-child\" data-id=\"82ae56a\" data-element_type=\"container\">\n\t\t\t\t<div class=\"elementor-element elementor-element-00f83f7 elementor-widget elementor-widget-heading\" data-id=\"00f83f7\" data-element_type=\"widget\" data-widget_type=\"heading.default\">\n\t\t\t\t\t<h2 class=\"elementor-heading-title elementor-size-default\">Colombo Architecture\n<\/h2>\t\t\t\t<\/div>\n\t\t\t\t<div class=\"elementor-element elementor-element-3bb85ff elementor-widget elementor-widget-text-editor\" data-id=\"3bb85ff\" data-element_type=\"widget\" data-widget_type=\"text-editor.default\">\n\t\t\t\t\t\t\t\t\t<p>Concebimos y transformamos propiedades, revelando su potencial oculto. Nuestro estudio se encarga de todo el proceso: desde la conceptualizaci\u00f3n y la supervisi\u00f3n del proyecto hasta la curadur\u00eda final de mobiliario y la decoraci\u00f3n del hogar.<\/p><p><em>Unimos belleza y funcionalidad, respetando siempre la integridad arquitect\u00f3nica.<\/em><\/p>\t\t\t\t\t\t\t\t<\/div>\n\t\t\t\t<div class=\"elementor-element elementor-element-8f7db14 elementor-widget elementor-widget-heading\" data-id=\"8f7db14\" data-element_type=\"widget\" data-widget_type=\"heading.default\">\n\t\t\t\t\t<h2 class=\"elementor-heading-title elementor-size-default\">Transformando espacios juntos\n<\/h2>\t\t\t\t<\/div>\n\t\t\t\t<div class=\"elementor-element elementor-element-8513497 elementor-widget elementor-widget-text-editor\" data-id=\"8513497\" data-element_type=\"widget\" data-widget_type=\"text-editor.default\">\n\t\t\t\t\t\t\t\t\t<p>En Colombo Architecture te acompa\u00f1amos durante todo el proceso de amueblamiento. Entendemos que la decoraci\u00f3n interior es un aspecto fundamental, y estamos aqu\u00ed para que sea un proceso sencillo y agradable. Al combinar nuestra experiencia en arquitectura y dise\u00f1o de interiores con nuestra pasi\u00f3n por el arte y el mobiliario, creamos espacios atemporales y, al mismo tiempo, plenamente tuyos.<\/p><p>D\u00e9janos ayudarte a dar vida a tu visi\u00f3n, a\u00f1adiendo los acabados finales perfectos a tu propiedad.<\/p>\t\t\t\t\t\t\t\t<\/div>\n\t\t\t\t<\/div>\n\t\t<div class=\"elementor-element elementor-element-6b62e4a e-con-full e-flex e-con e-child\" data-id=\"6b62e4a\" data-element_type=\"container\">\n\t\t\t\t<div class=\"elementor-element elementor-element-2532a0e elementor-widget elementor-widget-image\" data-id=\"2532a0e\" data-element_type=\"widget\" data-widget_type=\"image.default\">\n\t\t\t\t\t\t\t\t\t\t\t\t\t\t\t<img decoding=\"async\" width=\"1920\" height=\"2560\" src=\"https:\/\/colomboarchitecture.com\/wp-content\/uploads\/2025\/09\/IMG_3566-scaled.jpeg\" class=\"attachment-full size-full wp-image-322\" alt=\"\" srcset=\"https:\/\/colomboarchitecture.com\/wp-content\/uploads\/2025\/09\/IMG_3566-scaled.jpeg 1920w, https:\/\/colomboarchitecture.com\/wp-content\/uploads\/2025\/09\/IMG_3566-225x300.jpeg 225w, https:\/\/colomboarchitecture.com\/wp-content\/uploads\/2025\/09\/IMG_3566-768x1024.jpeg 768w, https:\/\/colomboarchitecture.com\/wp-content\/uploads\/2025\/09\/IMG_3566-1152x1536.jpeg 1152w, https:\/\/colomboarchitecture.com\/wp-content\/uploads\/2025\/09\/IMG_3566-1536x2048.jpeg 1536w\" sizes=\"(max-width: 1920px) 100vw, 1920px\" \/>\t\t\t\t\t\t\t\t\t\t\t\t\t\t\t<\/div>\n\t\t\t\t<\/div>\n\t\t\t\t<\/div>\n\t\t<div class=\"elementor-element elementor-element-1085efa e-con-full e-flex e-con e-parent\" data-id=\"1085efa\" data-element_type=\"container\">\n\t\t<div class=\"elementor-element elementor-element-71ced65 e-con-full e-flex e-con e-child\" data-id=\"71ced65\" data-element_type=\"container\">\n\t\t\t\t<div class=\"elementor-element elementor-element-2958dc9 elementor-widget elementor-widget-image\" data-id=\"2958dc9\" data-element_type=\"widget\" data-widget_type=\"image.default\">\n\t\t\t\t\t\t\t\t\t\t\t\t\t\t\t<img decoding=\"async\" width=\"768\" height=\"1024\" src=\"https:\/\/colomboarchitecture.com\/wp-content\/uploads\/2025\/09\/PHOTO-2023-09-26-11-52-558-768x1024.jpg\" class=\"attachment-large size-large wp-image-256\" alt=\"\" srcset=\"https:\/\/colomboarchitecture.com\/wp-content\/uploads\/2025\/09\/PHOTO-2023-09-26-11-52-558-768x1024.jpg 768w, https:\/\/colomboarchitecture.com\/wp-content\/uploads\/2025\/09\/PHOTO-2023-09-26-11-52-558-225x300.jpg 225w, https:\/\/colomboarchitecture.com\/wp-content\/uploads\/2025\/09\/PHOTO-2023-09-26-11-52-558-1152x1536.jpg 1152w, https:\/\/colomboarchitecture.com\/wp-content\/uploads\/2025\/09\/PHOTO-2023-09-26-11-52-558.jpg 1536w\" sizes=\"(max-width: 768px) 100vw, 768px\" \/>\t\t\t\t\t\t\t\t\t\t\t\t\t\t\t<\/div>\n\t\t\t\t<\/div>\n\t\t<div class=\"elementor-element elementor-element-f388164 e-con-full e-flex e-con e-child\" data-id=\"f388164\" data-element_type=\"container\">\n\t\t\t\t<div class=\"elementor-element elementor-element-e104b53 elementor-widget elementor-widget-heading\" data-id=\"e104b53\" data-element_type=\"widget\" data-widget_type=\"heading.default\">\n\t\t\t\t\t<h2 class=\"elementor-heading-title elementor-size-default\">Cont\u00e1ctanos para discutir tu proyecto.\n<\/h2>\t\t\t\t<\/div>\n\t\t\t\t<div class=\"elementor-element elementor-element-1f35d61 elementor-button-align-start elementor-widget elementor-widget-form\" data-id=\"1f35d61\" data-element_type=\"widget\" data-settings=\"{&quot;step_next_label&quot;:&quot;Next&quot;,&quot;step_previous_label&quot;:&quot;Previous&quot;,&quot;button_width&quot;:&quot;100&quot;,&quot;step_type&quot;:&quot;number_text&quot;,&quot;step_icon_shape&quot;:&quot;circle&quot;}\" data-widget_type=\"form.default\">\n\t\t\t\t\t\t\t<form class=\"elementor-form\" method=\"post\" name=\"New Form\" aria-label=\"New Form\" action=\"\">\n\t\t\t<input type=\"hidden\" name=\"post_id\" value=\"319\"\/>\n\t\t\t<input type=\"hidden\" name=\"form_id\" value=\"1f35d61\"\/>\n\t\t\t<input type=\"hidden\" name=\"referer_title\" value=\"Art Curation &#038; Furniture Curation Services\" \/>\n\n\t\t\t\t\t\t\t<input type=\"hidden\" name=\"queried_id\" value=\"319\"\/>\n\t\t\t\n\t\t\t<div class=\"elementor-form-fields-wrapper elementor-labels-above\">\n\t\t\t\t\t\t\t\t<div class=\"elementor-field-type-email elementor-field-group elementor-column elementor-field-group-email elementor-col-100 elementor-field-required\">\n\t\t\t\t\t\t\t\t\t\t\t\t<label for=\"form-field-email\" class=\"elementor-field-label\">\n\t\t\t\t\t\t\t\tEmail (obligatorio)\t\t\t\t\t\t\t<\/label>\n\t\t\t\t\t\t\t\t\t\t\t\t\t\t<input size=\"1\" type=\"email\" name=\"form_fields[email]\" id=\"form-field-email\" class=\"elementor-field elementor-size-sm  elementor-field-textual\" required=\"required\">\n\t\t\t\t\t\t\t\t\t\t\t<\/div>\n\t\t\t\t\t\t\t\t<div class=\"elementor-field-type-textarea elementor-field-group elementor-column elementor-field-group-message elementor-col-100 elementor-field-required\">\n\t\t\t\t\t\t\t\t\t\t\t\t<label for=\"form-field-message\" class=\"elementor-field-label\">\n\t\t\t\t\t\t\t\tMensaje (obligatorio)\t\t\t\t\t\t\t<\/label>\n\t\t\t\t\t\t<textarea class=\"elementor-field-textual elementor-field  elementor-size-sm\" name=\"form_fields[message]\" id=\"form-field-message\" rows=\"4\" required=\"required\"><\/textarea>\t\t\t\t<\/div>\n\t\t\t\t\t\t\t\t<div class=\"elementor-field-group elementor-column elementor-field-type-submit elementor-col-100 e-form__buttons\">\n\t\t\t\t\t<button class=\"elementor-button elementor-size-lg\" type=\"submit\">\n\t\t\t\t\t\t<span class=\"elementor-button-content-wrapper\">\n\t\t\t\t\t\t\t\t\t\t\t\t\t\t\t\t\t\t\t\t\t\t<span class=\"elementor-button-text\">Enviar<\/span>\n\t\t\t\t\t\t\t\t\t\t\t\t\t<\/span>\n\t\t\t\t\t<\/button>\n\t\t\t\t<\/div>\n\t\t\t<\/div>\n\t\t<input type=\"hidden\" name=\"trp-form-language\" value=\"es\"\/><\/form>\n\t\t\t\t\t\t<\/div>\n\t\t\t\t<\/div>\n\t\t\t\t<\/div>\n\t\t\t\t<\/div>","protected":false},"excerpt":{"rendered":"<p>Art Curation &amp; Furniture Curation Services At Colombo Architecture, we believe that the finishing touches make all the difference. We define spaces through attention to detail, comfort, and innovation. Our architecture firm selects furnishing items to complete and complement the project, acting as personal shoppers, with contacts with the best furniture stores and brands. Our [&hellip;]<\/p>","protected":false},"author":1,"featured_media":0,"parent":0,"menu_order":0,"comment_status":"closed","ping_status":"closed","template":"","meta":{"footnotes":""},"class_list":["post-319","page","type-page","status-publish","hentry"],"_links":{"self":[{"href":"https:\/\/colomboarchitecture.com\/es\/wp-json\/wp\/v2\/pages\/319","targetHints":{"allow":["GET"]}}],"collection":[{"href":"https:\/\/colomboarchitecture.com\/es\/wp-json\/wp\/v2\/pages"}],"about":[{"href":"https:\/\/colomboarchitecture.com\/es\/wp-json\/wp\/v2\/types\/page"}],"author":[{"embeddable":true,"href":"https:\/\/colomboarchitecture.com\/es\/wp-json\/wp\/v2\/users\/1"}],"replies":[{"embeddable":true,"href":"https:\/\/colomboarchitecture.com\/es\/wp-json\/wp\/v2\/comments?post=319"}],"version-history":[{"count":10,"href":"https:\/\/colomboarchitecture.com\/es\/wp-json\/wp\/v2\/pages\/319\/revisions"}],"predecessor-version":[{"id":1177,"href":"https:\/\/colomboarchitecture.com\/es\/wp-json\/wp\/v2\/pages\/319\/revisions\/1177"}],"wp:attachment":[{"href":"https:\/\/colomboarchitecture.com\/es\/wp-json\/wp\/v2\/media?parent=319"}],"curies":[{"name":"wp","href":"https:\/\/api.w.org\/{rel}","templated":true}]}}