{"id":301,"date":"2025-09-15T10:04:30","date_gmt":"2025-09-15T10:04:30","guid":{"rendered":"https:\/\/colomboarchitecture.com\/?page_id=301"},"modified":"2026-01-07T17:24:18","modified_gmt":"2026-01-07T17:24:18","slug":"construction-administration-site-supervision","status":"publish","type":"page","link":"https:\/\/colomboarchitecture.com\/es\/construction-administration-site-supervision\/","title":{"rendered":"Construction Administration &#038; Site Supervision"},"content":{"rendered":"<div data-elementor-type=\"wp-page\" data-elementor-id=\"301\" class=\"elementor elementor-301\" data-elementor-post-type=\"page\">\n\t\t\t\t<div class=\"elementor-element elementor-element-2e1c007 e-con-full e-flex e-con e-parent\" data-id=\"2e1c007\" data-element_type=\"container\">\n\t\t<div class=\"elementor-element elementor-element-6167281 e-con-full e-flex e-con e-child\" data-id=\"6167281\" data-element_type=\"container\">\n\t\t\t\t<div class=\"elementor-element elementor-element-96be012 elementor-widget elementor-widget-image\" data-id=\"96be012\" data-element_type=\"widget\" data-widget_type=\"image.default\">\n\t\t\t\t\t\t\t\t\t\t\t\t\t\t\t<img fetchpriority=\"high\" decoding=\"async\" width=\"1920\" height=\"2560\" src=\"https:\/\/colomboarchitecture.com\/wp-content\/uploads\/2025\/09\/IMG_4642-scaled.jpg\" class=\"attachment-full size-full wp-image-154\" alt=\"\" srcset=\"https:\/\/colomboarchitecture.com\/wp-content\/uploads\/2025\/09\/IMG_4642-scaled.jpg 1920w, https:\/\/colomboarchitecture.com\/wp-content\/uploads\/2025\/09\/IMG_4642-225x300.jpg 225w, https:\/\/colomboarchitecture.com\/wp-content\/uploads\/2025\/09\/IMG_4642-768x1024.jpg 768w, https:\/\/colomboarchitecture.com\/wp-content\/uploads\/2025\/09\/IMG_4642-1152x1536.jpg 1152w, https:\/\/colomboarchitecture.com\/wp-content\/uploads\/2025\/09\/IMG_4642-1536x2048.jpg 1536w\" sizes=\"(max-width: 1920px) 100vw, 1920px\" \/>\t\t\t\t\t\t\t\t\t\t\t\t\t\t\t<\/div>\n\t\t\t\t<\/div>\n\t\t<div class=\"elementor-element elementor-element-4473a6f e-con-full e-flex e-con e-child\" data-id=\"4473a6f\" data-element_type=\"container\">\n\t\t\t\t<div class=\"elementor-element elementor-element-0a9480c elementor-widget elementor-widget-heading\" data-id=\"0a9480c\" data-element_type=\"widget\" data-widget_type=\"heading.default\">\n\t\t\t\t\t<h1 class=\"elementor-heading-title elementor-size-default\">Administraci\u00f3n de obra y supervisi\u00f3n en obra \n<\/h1>\t\t\t\t<\/div>\n\t\t\t\t<div class=\"elementor-element elementor-element-6443a05 elementor-widget elementor-widget-text-editor\" data-id=\"6443a05\" data-element_type=\"widget\" data-widget_type=\"text-editor.default\">\n\t\t\t\t\t\t\t\t\t<p>En Colombo Architecture supervisamos cada fase de la construcci\u00f3n para materializar nuestros dise\u00f1os con precisi\u00f3n y atenci\u00f3n al detalle. Nuestros servicios de administraci\u00f3n y supervisi\u00f3n de obra garantizan que cada proyecto se ejecute seg\u00fan lo previsto, en plazo y dentro del presupuesto.<\/p>\t\t\t\t\t\t\t\t<\/div>\n\t\t\t\t<div class=\"elementor-element elementor-element-2d84840 elementor-widget elementor-widget-heading\" data-id=\"2d84840\" data-element_type=\"widget\" data-widget_type=\"heading.default\">\n\t\t\t\t\t<h2 class=\"elementor-heading-title elementor-size-default\">Administraci\u00f3n de obra\n<\/h2>\t\t\t\t<\/div>\n\t\t\t\t<div class=\"elementor-element elementor-element-71f2bda elementor-widget elementor-widget-text-editor\" data-id=\"71f2bda\" data-element_type=\"widget\" data-widget_type=\"text-editor.default\">\n\t\t\t\t\t\t\t\t\t<p>Nos enorgullece gestionar con solvencia la complejidad de una obra, manteniendo siempre los mejores intereses del cliente como prioridad. Colaboramos con contratistas de confianza para asegurar que la calidad, la ejecuci\u00f3n y la visi\u00f3n arquitect\u00f3nica se respeten en cada etapa. Nuestro equipo coordina todos los aspectos de la administraci\u00f3n de obra, desde la selecci\u00f3n de materiales hasta la revisi\u00f3n de la documentaci\u00f3n y entregables de los contratistas, y nos aseguramos de que cualquier ajuste se mantenga alineado con los objetivos est\u00e9ticos y funcionales del proyecto. Con un enfoque riguroso en la calidad, protegemos la inversi\u00f3n, mantenemos una comunicaci\u00f3n clara, minimizamos retrasos y evitamos desviaciones presupuestarias.<\/p>\t\t\t\t\t\t\t\t<\/div>\n\t\t\t\t<\/div>\n\t\t\t\t<\/div>\n\t\t<div class=\"elementor-element elementor-element-2f1c05b e-con-full e-flex e-con e-parent\" data-id=\"2f1c05b\" data-element_type=\"container\">\n\t\t<div class=\"elementor-element elementor-element-82ae56a e-con-full e-flex e-con e-child\" data-id=\"82ae56a\" data-element_type=\"container\">\n\t\t\t\t<div class=\"elementor-element elementor-element-00f83f7 elementor-widget elementor-widget-heading\" data-id=\"00f83f7\" data-element_type=\"widget\" data-widget_type=\"heading.default\">\n\t\t\t\t\t<h2 class=\"elementor-heading-title elementor-size-default\">Supervisi\u00f3n en obra\n<\/h2>\t\t\t\t<\/div>\n\t\t\t\t<div class=\"elementor-element elementor-element-3bb85ff elementor-widget elementor-widget-text-editor\" data-id=\"3bb85ff\" data-element_type=\"widget\" data-widget_type=\"text-editor.default\">\n\t\t\t\t\t\t\t\t\t<p>La supervisi\u00f3n en obra es clave en nuestro compromiso con la excelencia. En Colombo Architecture ofrecemos un seguimiento integral en el emplazamiento, garantizando que cada fase del proyecto cumpla con nuestros altos est\u00e1ndares. Con supervisores experimentados, cuidamos meticulosamente cada detalle \u2014desde los elementos estructurales hasta los acabados\u2014. Abordamos los retos en tiempo real, asegurando un avance fluido y fiel a la intenci\u00f3n original del dise\u00f1o. La supervisi\u00f3n en obra mantiene el proyecto bajo control, para que nuestros clientes tengan la tranquilidad de que su propiedad est\u00e1 en buenas manos y lista para materializar su visi\u00f3n con belleza e integridad constructiva.<\/p>\t\t\t\t\t\t\t\t<\/div>\n\t\t\t\t<\/div>\n\t\t<div class=\"elementor-element elementor-element-6b62e4a e-con-full e-flex e-con e-child\" data-id=\"6b62e4a\" data-element_type=\"container\">\n\t\t\t\t<div class=\"elementor-element elementor-element-2532a0e elementor-widget elementor-widget-image\" data-id=\"2532a0e\" data-element_type=\"widget\" data-widget_type=\"image.default\">\n\t\t\t\t\t\t\t\t\t\t\t\t\t\t\t<img decoding=\"async\" src=\"https:\/\/colomboarchitecture.com\/wp-content\/uploads\/2026\/01\/DSC_6113.jpg\" class=\"attachment-full size-full wp-image-1386\" alt=\"\" \/>\t\t\t\t\t\t\t\t\t\t\t\t\t\t\t<\/div>\n\t\t\t\t<\/div>\n\t\t\t\t<\/div>\n\t\t<div class=\"elementor-element elementor-element-1085efa e-con-full e-flex e-con e-parent\" data-id=\"1085efa\" data-element_type=\"container\">\n\t\t<div class=\"elementor-element elementor-element-71ced65 e-con-full e-flex e-con e-child\" data-id=\"71ced65\" data-element_type=\"container\">\n\t\t\t\t<div class=\"elementor-element elementor-element-2958dc9 elementor-widget elementor-widget-image\" data-id=\"2958dc9\" data-element_type=\"widget\" data-widget_type=\"image.default\">\n\t\t\t\t\t\t\t\t\t\t\t\t\t\t\t<img decoding=\"async\" width=\"576\" height=\"1024\" src=\"https:\/\/colomboarchitecture.com\/wp-content\/uploads\/2025\/09\/IMG_4587-1-576x1024.jpg\" class=\"attachment-large size-large wp-image-305\" alt=\"\" srcset=\"https:\/\/colomboarchitecture.com\/wp-content\/uploads\/2025\/09\/IMG_4587-1-576x1024.jpg 576w, https:\/\/colomboarchitecture.com\/wp-content\/uploads\/2025\/09\/IMG_4587-1-169x300.jpg 169w, https:\/\/colomboarchitecture.com\/wp-content\/uploads\/2025\/09\/IMG_4587-1-768x1365.jpg 768w, https:\/\/colomboarchitecture.com\/wp-content\/uploads\/2025\/09\/IMG_4587-1-864x1536.jpg 864w, https:\/\/colomboarchitecture.com\/wp-content\/uploads\/2025\/09\/IMG_4587-1-1152x2048.jpg 1152w, https:\/\/colomboarchitecture.com\/wp-content\/uploads\/2025\/09\/IMG_4587-1-scaled.jpg 1440w\" sizes=\"(max-width: 576px) 100vw, 576px\" \/>\t\t\t\t\t\t\t\t\t\t\t\t\t\t\t<\/div>\n\t\t\t\t<\/div>\n\t\t<div class=\"elementor-element elementor-element-f388164 e-con-full e-flex e-con e-child\" data-id=\"f388164\" data-element_type=\"container\">\n\t\t\t\t<div class=\"elementor-element elementor-element-e104b53 elementor-widget elementor-widget-heading\" data-id=\"e104b53\" data-element_type=\"widget\" data-widget_type=\"heading.default\">\n\t\t\t\t\t<h2 class=\"elementor-heading-title elementor-size-default\">Cont\u00e1ctanos para discutir tu proyecto.\n<\/h2>\t\t\t\t<\/div>\n\t\t\t\t<div class=\"elementor-element elementor-element-1f35d61 elementor-button-align-start elementor-widget elementor-widget-form\" data-id=\"1f35d61\" data-element_type=\"widget\" data-settings=\"{&quot;step_next_label&quot;:&quot;Next&quot;,&quot;step_previous_label&quot;:&quot;Previous&quot;,&quot;button_width&quot;:&quot;100&quot;,&quot;step_type&quot;:&quot;number_text&quot;,&quot;step_icon_shape&quot;:&quot;circle&quot;}\" data-widget_type=\"form.default\">\n\t\t\t\t\t\t\t<form class=\"elementor-form\" method=\"post\" name=\"New Form\" aria-label=\"New Form\" action=\"\">\n\t\t\t<input type=\"hidden\" name=\"post_id\" value=\"301\"\/>\n\t\t\t<input type=\"hidden\" name=\"form_id\" value=\"1f35d61\"\/>\n\t\t\t<input type=\"hidden\" name=\"referer_title\" value=\"Construction Administration &#038; Site Supervision\" \/>\n\n\t\t\t\t\t\t\t<input type=\"hidden\" name=\"queried_id\" value=\"301\"\/>\n\t\t\t\n\t\t\t<div class=\"elementor-form-fields-wrapper elementor-labels-above\">\n\t\t\t\t\t\t\t\t<div class=\"elementor-field-type-email elementor-field-group elementor-column elementor-field-group-email elementor-col-100 elementor-field-required\">\n\t\t\t\t\t\t\t\t\t\t\t\t<label for=\"form-field-email\" class=\"elementor-field-label\">\n\t\t\t\t\t\t\t\tEmail (obligatorio)\t\t\t\t\t\t\t<\/label>\n\t\t\t\t\t\t\t\t\t\t\t\t\t\t<input size=\"1\" type=\"email\" name=\"form_fields[email]\" id=\"form-field-email\" class=\"elementor-field elementor-size-sm  elementor-field-textual\" required=\"required\">\n\t\t\t\t\t\t\t\t\t\t\t<\/div>\n\t\t\t\t\t\t\t\t<div class=\"elementor-field-type-textarea elementor-field-group elementor-column elementor-field-group-message elementor-col-100 elementor-field-required\">\n\t\t\t\t\t\t\t\t\t\t\t\t<label for=\"form-field-message\" class=\"elementor-field-label\">\n\t\t\t\t\t\t\t\tMensaje (obligatorio)\t\t\t\t\t\t\t<\/label>\n\t\t\t\t\t\t<textarea class=\"elementor-field-textual elementor-field  elementor-size-sm\" name=\"form_fields[message]\" id=\"form-field-message\" rows=\"4\" required=\"required\"><\/textarea>\t\t\t\t<\/div>\n\t\t\t\t\t\t\t\t<div class=\"elementor-field-group elementor-column elementor-field-type-submit elementor-col-100 e-form__buttons\">\n\t\t\t\t\t<button class=\"elementor-button elementor-size-lg\" type=\"submit\">\n\t\t\t\t\t\t<span class=\"elementor-button-content-wrapper\">\n\t\t\t\t\t\t\t\t\t\t\t\t\t\t\t\t\t\t\t\t\t\t<span class=\"elementor-button-text\">Enviar<\/span>\n\t\t\t\t\t\t\t\t\t\t\t\t\t<\/span>\n\t\t\t\t\t<\/button>\n\t\t\t\t<\/div>\n\t\t\t<\/div>\n\t\t<input type=\"hidden\" name=\"trp-form-language\" value=\"es\"\/><\/form>\n\t\t\t\t\t\t<\/div>\n\t\t\t\t<\/div>\n\t\t\t\t<\/div>\n\t\t\t\t<\/div>","protected":false},"excerpt":{"rendered":"<p>Construction Administration &amp; Site Supervision At Colombo Architecture, we oversee each construction phase to bring our designs to life with precision and attention to detail. Our Construction and Site Supervision services ensure that every project is realised according to plan, on schedule, and within budget. Construction Administration We take pride in managing the complexities of [&hellip;]<\/p>","protected":false},"author":1,"featured_media":0,"parent":0,"menu_order":0,"comment_status":"closed","ping_status":"closed","template":"","meta":{"footnotes":""},"class_list":["post-301","page","type-page","status-publish","hentry"],"_links":{"self":[{"href":"https:\/\/colomboarchitecture.com\/es\/wp-json\/wp\/v2\/pages\/301","targetHints":{"allow":["GET"]}}],"collection":[{"href":"https:\/\/colomboarchitecture.com\/es\/wp-json\/wp\/v2\/pages"}],"about":[{"href":"https:\/\/colomboarchitecture.com\/es\/wp-json\/wp\/v2\/types\/page"}],"author":[{"embeddable":true,"href":"https:\/\/colomboarchitecture.com\/es\/wp-json\/wp\/v2\/users\/1"}],"replies":[{"embeddable":true,"href":"https:\/\/colomboarchitecture.com\/es\/wp-json\/wp\/v2\/comments?post=301"}],"version-history":[{"count":13,"href":"https:\/\/colomboarchitecture.com\/es\/wp-json\/wp\/v2\/pages\/301\/revisions"}],"predecessor-version":[{"id":1390,"href":"https:\/\/colomboarchitecture.com\/es\/wp-json\/wp\/v2\/pages\/301\/revisions\/1390"}],"wp:attachment":[{"href":"https:\/\/colomboarchitecture.com\/es\/wp-json\/wp\/v2\/media?parent=301"}],"curies":[{"name":"wp","href":"https:\/\/api.w.org\/{rel}","templated":true}]}}