{"id":294,"date":"2025-09-15T10:02:25","date_gmt":"2025-09-15T10:02:25","guid":{"rendered":"https:\/\/colomboarchitecture.com\/?page_id=294"},"modified":"2025-11-14T12:17:50","modified_gmt":"2025-11-14T12:17:50","slug":"bespoke-design-furniture-design","status":"publish","type":"page","link":"https:\/\/colomboarchitecture.com\/es\/bespoke-design-furniture-design\/","title":{"rendered":"Bespoke Design &#038; Furniture Design"},"content":{"rendered":"<div data-elementor-type=\"wp-page\" data-elementor-id=\"294\" class=\"elementor elementor-294\" data-elementor-post-type=\"page\">\n\t\t\t\t<div class=\"elementor-element elementor-element-2e1c007 e-con-full e-flex e-con e-parent\" data-id=\"2e1c007\" data-element_type=\"container\">\n\t\t<div class=\"elementor-element elementor-element-4473a6f e-con-full e-flex e-con e-child\" data-id=\"4473a6f\" data-element_type=\"container\">\n\t\t\t\t<div class=\"elementor-element elementor-element-0a9480c elementor-widget elementor-widget-heading\" data-id=\"0a9480c\" data-element_type=\"widget\" data-widget_type=\"heading.default\">\n\t\t\t\t\t<h1 class=\"elementor-heading-title elementor-size-default\">Dise\u00f1o a medida y dise\u00f1o de mobiliario\n<\/h1>\t\t\t\t<\/div>\n\t\t\t\t<div class=\"elementor-element elementor-element-6443a05 elementor-widget elementor-widget-text-editor\" data-id=\"6443a05\" data-element_type=\"widget\" data-widget_type=\"text-editor.default\">\n\t\t\t\t\t\t\t\t\t<p>En Colombo Architecture nos apasiona el dise\u00f1o de mobiliario a medida. Como estudio internacional de arquitectura y dise\u00f1o de interiores, creamos piezas excepcionales que se integran con el entorno, combinando siempre belleza y funcionalidad.<\/p>\t\t\t\t\t\t\t\t<\/div>\n\t\t\t\t<div class=\"elementor-element elementor-element-2d84840 elementor-widget elementor-widget-heading\" data-id=\"2d84840\" data-element_type=\"widget\" data-widget_type=\"heading.default\">\n\t\t\t\t\t<h2 class=\"elementor-heading-title elementor-size-default\">Colombo Architecture\n<\/h2>\t\t\t\t<\/div>\n\t\t\t\t<div class=\"elementor-element elementor-element-71f2bda elementor-widget elementor-widget-text-editor\" data-id=\"71f2bda\" data-element_type=\"widget\" data-widget_type=\"text-editor.default\">\n\t\t\t\t\t\t\t\t\t<p>Nos encargamos de todo el proceso: desde la conceptualizaci\u00f3n y la supervisi\u00f3n del proyecto hasta los \u00faltimos detalles de la decoraci\u00f3n del hogar. Dise\u00f1amos y desarrollamos piezas especiales inspiradas en las necesidades de nuestros clientes, acompa\u00f1ando y supervisando su producci\u00f3n junto a carpinteros y metalistas. Esto incluye mobiliario fijo, armarios, cocinas, ba\u00f1os, luminarias y mucho m\u00e1s, siempre con un enfoque totalmente personalizado.<\/p><p>Al ofrecer dise\u00f1o a medida, garantizamos que cada proyecto sea verdaderamente \u00fanico, reflejando estilo personal y funcionalidad. Nuestra experiencia abarca tanto el mobiliario interior como el exterior, para lograr una est\u00e9tica coherente en toda la propiedad. Creemos que el dise\u00f1o de mobiliario es esencial para la atm\u00f3sfera de un espacio, y nuestro equipo est\u00e1 dedicado a crear piezas de mobiliario y decoraci\u00f3n que complementen y potencien la arquitectura.<\/p>\t\t\t\t\t\t\t\t<\/div>\n\t\t\t\t<\/div>\n\t\t<div class=\"elementor-element elementor-element-6167281 e-con-full e-flex e-con e-child\" data-id=\"6167281\" data-element_type=\"container\">\n\t\t\t\t<div class=\"elementor-element elementor-element-96be012 elementor-widget elementor-widget-image\" data-id=\"96be012\" data-element_type=\"widget\" data-widget_type=\"image.default\">\n\t\t\t\t\t\t\t\t\t\t\t\t\t\t\t<img fetchpriority=\"high\" decoding=\"async\" width=\"1920\" height=\"2560\" src=\"https:\/\/colomboarchitecture.com\/wp-content\/uploads\/2025\/09\/IMG_6593-scaled.jpg\" class=\"attachment-full size-full wp-image-296\" alt=\"\" srcset=\"https:\/\/colomboarchitecture.com\/wp-content\/uploads\/2025\/09\/IMG_6593-scaled.jpg 1920w, https:\/\/colomboarchitecture.com\/wp-content\/uploads\/2025\/09\/IMG_6593-225x300.jpg 225w, https:\/\/colomboarchitecture.com\/wp-content\/uploads\/2025\/09\/IMG_6593-768x1024.jpg 768w, https:\/\/colomboarchitecture.com\/wp-content\/uploads\/2025\/09\/IMG_6593-1152x1536.jpg 1152w, https:\/\/colomboarchitecture.com\/wp-content\/uploads\/2025\/09\/IMG_6593-1536x2048.jpg 1536w\" sizes=\"(max-width: 1920px) 100vw, 1920px\" \/>\t\t\t\t\t\t\t\t\t\t\t\t\t\t\t<\/div>\n\t\t\t\t<\/div>\n\t\t\t\t<\/div>\n\t\t<div class=\"elementor-element elementor-element-2f1c05b e-con-full e-flex e-con e-parent\" data-id=\"2f1c05b\" data-element_type=\"container\">\n\t\t<div class=\"elementor-element elementor-element-6b62e4a e-con-full e-flex e-con e-child\" data-id=\"6b62e4a\" data-element_type=\"container\">\n\t\t\t\t<div class=\"elementor-element elementor-element-2532a0e elementor-widget elementor-widget-image\" data-id=\"2532a0e\" data-element_type=\"widget\" data-widget_type=\"image.default\">\n\t\t\t\t\t\t\t\t\t\t\t\t\t\t\t<img decoding=\"async\" width=\"2500\" height=\"1875\" src=\"https:\/\/colomboarchitecture.com\/wp-content\/uploads\/2025\/09\/PERSPCUCINA.jpg\" class=\"attachment-full size-full wp-image-297\" alt=\"\" srcset=\"https:\/\/colomboarchitecture.com\/wp-content\/uploads\/2025\/09\/PERSPCUCINA.jpg 2500w, https:\/\/colomboarchitecture.com\/wp-content\/uploads\/2025\/09\/PERSPCUCINA-300x225.jpg 300w, https:\/\/colomboarchitecture.com\/wp-content\/uploads\/2025\/09\/PERSPCUCINA-1024x768.jpg 1024w, https:\/\/colomboarchitecture.com\/wp-content\/uploads\/2025\/09\/PERSPCUCINA-768x576.jpg 768w, https:\/\/colomboarchitecture.com\/wp-content\/uploads\/2025\/09\/PERSPCUCINA-1536x1152.jpg 1536w, https:\/\/colomboarchitecture.com\/wp-content\/uploads\/2025\/09\/PERSPCUCINA-2048x1536.jpg 2048w\" sizes=\"(max-width: 2500px) 100vw, 2500px\" \/>\t\t\t\t\t\t\t\t\t\t\t\t\t\t\t<\/div>\n\t\t\t\t<\/div>\n\t\t<div class=\"elementor-element elementor-element-82ae56a e-con-full e-flex e-con e-child\" data-id=\"82ae56a\" data-element_type=\"container\">\n\t\t\t\t<div class=\"elementor-element elementor-element-00f83f7 elementor-widget elementor-widget-heading\" data-id=\"00f83f7\" data-element_type=\"widget\" data-widget_type=\"heading.default\">\n\t\t\t\t\t<h2 class=\"elementor-heading-title elementor-size-default\">Transformando espacios juntos\n<\/h2>\t\t\t\t<\/div>\n\t\t\t\t<div class=\"elementor-element elementor-element-3bb85ff elementor-widget elementor-widget-text-editor\" data-id=\"3bb85ff\" data-element_type=\"widget\" data-widget_type=\"text-editor.default\">\n\t\t\t\t\t\t\t\t\t<p>At Colombo Architecture, we uncover opportunities to create something unique. We manage the design and construction process of all furniture or decoration pieces needed, ensuring your vision is brought to life with meticulous attention to detail.<\/p><p>Let us stand by your side in transforming your property into an exceptional space that reflects your vision and style.<\/p>\t\t\t\t\t\t\t\t<\/div>\n\t\t\t\t<\/div>\n\t\t\t\t<\/div>\n\t\t<div class=\"elementor-element elementor-element-1085efa e-con-full e-flex e-con e-parent\" data-id=\"1085efa\" data-element_type=\"container\">\n\t\t<div class=\"elementor-element elementor-element-71ced65 e-con-full e-flex e-con e-child\" data-id=\"71ced65\" data-element_type=\"container\">\n\t\t\t\t<div class=\"elementor-element elementor-element-2958dc9 elementor-widget elementor-widget-image\" data-id=\"2958dc9\" data-element_type=\"widget\" data-widget_type=\"image.default\">\n\t\t\t\t\t\t\t\t\t\t\t\t\t\t\t<img decoding=\"async\" width=\"768\" height=\"1024\" src=\"https:\/\/colomboarchitecture.com\/wp-content\/uploads\/2025\/09\/PHOTO-2023-09-26-11-52-558-768x1024.jpg\" class=\"attachment-large size-large wp-image-256\" alt=\"\" srcset=\"https:\/\/colomboarchitecture.com\/wp-content\/uploads\/2025\/09\/PHOTO-2023-09-26-11-52-558-768x1024.jpg 768w, https:\/\/colomboarchitecture.com\/wp-content\/uploads\/2025\/09\/PHOTO-2023-09-26-11-52-558-225x300.jpg 225w, https:\/\/colomboarchitecture.com\/wp-content\/uploads\/2025\/09\/PHOTO-2023-09-26-11-52-558-1152x1536.jpg 1152w, https:\/\/colomboarchitecture.com\/wp-content\/uploads\/2025\/09\/PHOTO-2023-09-26-11-52-558.jpg 1536w\" sizes=\"(max-width: 768px) 100vw, 768px\" \/>\t\t\t\t\t\t\t\t\t\t\t\t\t\t\t<\/div>\n\t\t\t\t<\/div>\n\t\t<div class=\"elementor-element elementor-element-f388164 e-con-full e-flex e-con e-child\" data-id=\"f388164\" data-element_type=\"container\">\n\t\t\t\t<div class=\"elementor-element elementor-element-e104b53 elementor-widget elementor-widget-heading\" data-id=\"e104b53\" data-element_type=\"widget\" data-widget_type=\"heading.default\">\n\t\t\t\t\t<h2 class=\"elementor-heading-title elementor-size-default\">Cont\u00e1ctanos para discutir tu proyecto.\n<\/h2>\t\t\t\t<\/div>\n\t\t\t\t<div class=\"elementor-element elementor-element-1f35d61 elementor-button-align-start elementor-widget elementor-widget-form\" data-id=\"1f35d61\" data-element_type=\"widget\" data-settings=\"{&quot;step_next_label&quot;:&quot;Next&quot;,&quot;step_previous_label&quot;:&quot;Previous&quot;,&quot;button_width&quot;:&quot;100&quot;,&quot;step_type&quot;:&quot;number_text&quot;,&quot;step_icon_shape&quot;:&quot;circle&quot;}\" data-widget_type=\"form.default\">\n\t\t\t\t\t\t\t<form class=\"elementor-form\" method=\"post\" name=\"New Form\" aria-label=\"New Form\" action=\"\">\n\t\t\t<input type=\"hidden\" name=\"post_id\" value=\"294\"\/>\n\t\t\t<input type=\"hidden\" name=\"form_id\" value=\"1f35d61\"\/>\n\t\t\t<input type=\"hidden\" name=\"referer_title\" value=\"Bespoke Design &#038; Furniture Design\" \/>\n\n\t\t\t\t\t\t\t<input type=\"hidden\" name=\"queried_id\" value=\"294\"\/>\n\t\t\t\n\t\t\t<div class=\"elementor-form-fields-wrapper elementor-labels-above\">\n\t\t\t\t\t\t\t\t<div class=\"elementor-field-type-email elementor-field-group elementor-column elementor-field-group-email elementor-col-100 elementor-field-required\">\n\t\t\t\t\t\t\t\t\t\t\t\t<label for=\"form-field-email\" class=\"elementor-field-label\">\n\t\t\t\t\t\t\t\tEmail (obligatorio)\t\t\t\t\t\t\t<\/label>\n\t\t\t\t\t\t\t\t\t\t\t\t\t\t<input size=\"1\" type=\"email\" name=\"form_fields[email]\" id=\"form-field-email\" class=\"elementor-field elementor-size-sm  elementor-field-textual\" required=\"required\">\n\t\t\t\t\t\t\t\t\t\t\t<\/div>\n\t\t\t\t\t\t\t\t<div class=\"elementor-field-type-textarea elementor-field-group elementor-column elementor-field-group-message elementor-col-100 elementor-field-required\">\n\t\t\t\t\t\t\t\t\t\t\t\t<label for=\"form-field-message\" class=\"elementor-field-label\">\n\t\t\t\t\t\t\t\tMensaje (obligatorio)\t\t\t\t\t\t\t<\/label>\n\t\t\t\t\t\t<textarea class=\"elementor-field-textual elementor-field  elementor-size-sm\" name=\"form_fields[message]\" id=\"form-field-message\" rows=\"4\" required=\"required\"><\/textarea>\t\t\t\t<\/div>\n\t\t\t\t\t\t\t\t<div class=\"elementor-field-group elementor-column elementor-field-type-submit elementor-col-100 e-form__buttons\">\n\t\t\t\t\t<button class=\"elementor-button elementor-size-lg\" type=\"submit\">\n\t\t\t\t\t\t<span class=\"elementor-button-content-wrapper\">\n\t\t\t\t\t\t\t\t\t\t\t\t\t\t\t\t\t\t\t\t\t\t<span class=\"elementor-button-text\">Enviar<\/span>\n\t\t\t\t\t\t\t\t\t\t\t\t\t<\/span>\n\t\t\t\t\t<\/button>\n\t\t\t\t<\/div>\n\t\t\t<\/div>\n\t\t<input type=\"hidden\" name=\"trp-form-language\" value=\"es\"\/><\/form>\n\t\t\t\t\t\t<\/div>\n\t\t\t\t<\/div>\n\t\t\t\t<\/div>\n\t\t\t\t<\/div>","protected":false},"excerpt":{"rendered":"<p>Bespoke Design &amp; Furniture Design At Colombo Architecture we are passionate about bespoke furniture design. As an international architecture and interior design firm, we create exceptional pieces that blend with the surroundings, always combining beauty and functionality. Colombo Architecture Our design firm handles everything\u2014from conceptualization to project supervision, to the final touches of home decoration. [&hellip;]<\/p>","protected":false},"author":1,"featured_media":0,"parent":0,"menu_order":0,"comment_status":"closed","ping_status":"closed","template":"","meta":{"footnotes":""},"class_list":["post-294","page","type-page","status-publish","hentry"],"_links":{"self":[{"href":"https:\/\/colomboarchitecture.com\/es\/wp-json\/wp\/v2\/pages\/294","targetHints":{"allow":["GET"]}}],"collection":[{"href":"https:\/\/colomboarchitecture.com\/es\/wp-json\/wp\/v2\/pages"}],"about":[{"href":"https:\/\/colomboarchitecture.com\/es\/wp-json\/wp\/v2\/types\/page"}],"author":[{"embeddable":true,"href":"https:\/\/colomboarchitecture.com\/es\/wp-json\/wp\/v2\/users\/1"}],"replies":[{"embeddable":true,"href":"https:\/\/colomboarchitecture.com\/es\/wp-json\/wp\/v2\/comments?post=294"}],"version-history":[{"count":7,"href":"https:\/\/colomboarchitecture.com\/es\/wp-json\/wp\/v2\/pages\/294\/revisions"}],"predecessor-version":[{"id":1180,"href":"https:\/\/colomboarchitecture.com\/es\/wp-json\/wp\/v2\/pages\/294\/revisions\/1180"}],"wp:attachment":[{"href":"https:\/\/colomboarchitecture.com\/es\/wp-json\/wp\/v2\/media?parent=294"}],"curies":[{"name":"wp","href":"https:\/\/api.w.org\/{rel}","templated":true}]}}