{"id":289,"date":"2025-09-15T09:58:38","date_gmt":"2025-09-15T09:58:38","guid":{"rendered":"https:\/\/colomboarchitecture.com\/?page_id=289"},"modified":"2025-11-14T12:16:07","modified_gmt":"2025-11-14T12:16:07","slug":"architectural-and-interior-design-projects","status":"publish","type":"page","link":"https:\/\/colomboarchitecture.com\/es\/architectural-and-interior-design-projects\/","title":{"rendered":"Architectural and Interior Design Projects"},"content":{"rendered":"<div data-elementor-type=\"wp-page\" data-elementor-id=\"289\" class=\"elementor elementor-289\" data-elementor-post-type=\"page\">\n\t\t\t\t<div class=\"elementor-element elementor-element-2e1c007 e-con-full e-flex e-con e-parent\" data-id=\"2e1c007\" data-element_type=\"container\">\n\t\t<div class=\"elementor-element elementor-element-4473a6f e-con-full e-flex e-con e-child\" data-id=\"4473a6f\" data-element_type=\"container\">\n\t\t\t\t<div class=\"elementor-element elementor-element-0a9480c elementor-widget elementor-widget-heading\" data-id=\"0a9480c\" data-element_type=\"widget\" data-widget_type=\"heading.default\">\n\t\t\t\t\t<h1 class=\"elementor-heading-title elementor-size-default\">Dise\u00f1o de Interiores \n\n<\/h1>\t\t\t\t<\/div>\n\t\t\t\t<div class=\"elementor-element elementor-element-6443a05 elementor-widget elementor-widget-text-editor\" data-id=\"6443a05\" data-element_type=\"widget\" data-widget_type=\"text-editor.default\">\n\t\t\t\t\t\t\t\t\t<p>En Colombo Architecture dise\u00f1amos proyectos a medida seg\u00fan las necesidades y deseos de nuestros clientes, optimizando el presupuesto y el potencial de cada propiedad. Definimos el concepto imaginando espacios, soluciones, materiales y sensaciones para dar forma a nuestra visi\u00f3n. Nos ocupamos de todo el proceso.<\/p>\t\t\t\t\t\t\t\t<\/div>\n\t\t\t\t<div class=\"elementor-element elementor-element-2d84840 elementor-widget elementor-widget-heading\" data-id=\"2d84840\" data-element_type=\"widget\" data-widget_type=\"heading.default\">\n\t\t\t\t\t<h2 class=\"elementor-heading-title elementor-size-default\">Dise\u00f1o arquitect\u00f3nico a medida \n<\/h2>\t\t\t\t<\/div>\n\t\t\t\t<div class=\"elementor-element elementor-element-71f2bda elementor-widget elementor-widget-text-editor\" data-id=\"71f2bda\" data-element_type=\"widget\" data-widget_type=\"text-editor.default\">\n\t\t\t\t\t\t\t\t\t<p>Creamos propuestas arquitect\u00f3nicas personalizadas que se alinean con tu visi\u00f3n y con las caracter\u00edsticas \u00fanicas de tu inmueble. Nuestros servicios abarcan desde la planificaci\u00f3n conceptual hasta el desarrollo detallado de las soluciones, garantizando que cada proyecto se ejecute con rigor y coherencia.<\/p>\t\t\t\t\t\t\t\t<\/div>\n\t\t\t\t<div class=\"elementor-element elementor-element-5069773 elementor-widget elementor-widget-heading\" data-id=\"5069773\" data-element_type=\"widget\" data-widget_type=\"heading.default\">\n\t\t\t\t\t<h2 class=\"elementor-heading-title elementor-size-default\">Dise\u00f1o interior e interiores \n<\/h2>\t\t\t\t<\/div>\n\t\t\t\t<div class=\"elementor-element elementor-element-842a3ea elementor-widget elementor-widget-text-editor\" data-id=\"842a3ea\" data-element_type=\"widget\" data-widget_type=\"text-editor.default\">\n\t\t\t\t\t\t\t\t\t<p>Nuestro equipo crea interiores bellos y funcionales, cuidando cada detalle con creatividad y elegancia. Especializados en dise\u00f1o interior de viviendas, hacemos que los espacios sean c\u00f3modos e inspiradores. Nuestro estudio busca aportar calidez y personalidad a cada proyecto.<\/p>\t\t\t\t\t\t\t\t<\/div>\n\t\t\t\t<div class=\"elementor-element elementor-element-1dccfe8 elementor-widget elementor-widget-heading\" data-id=\"1dccfe8\" data-element_type=\"widget\" data-widget_type=\"heading.default\">\n\t\t\t\t\t<h2 class=\"elementor-heading-title elementor-size-default\">Dise\u00f1o y reforma de ba\u00f1os\n<\/h2>\t\t\t\t<\/div>\n\t\t\t\t<div class=\"elementor-element elementor-element-078d2d1 elementor-widget elementor-widget-text-editor\" data-id=\"078d2d1\" data-element_type=\"widget\" data-widget_type=\"text-editor.default\">\n\t\t\t\t\t\t\t\t\t<p>Nuestras soluciones de dise\u00f1o de ba\u00f1os se adaptan a tus preferencias, creando espacios serenos que ofrecen confort y estilo.<\/p>\t\t\t\t\t\t\t\t<\/div>\n\t\t\t\t<\/div>\n\t\t<div class=\"elementor-element elementor-element-6167281 e-con-full e-flex e-con e-child\" data-id=\"6167281\" data-element_type=\"container\">\n\t\t\t\t<div class=\"elementor-element elementor-element-96be012 elementor-widget elementor-widget-image\" data-id=\"96be012\" data-element_type=\"widget\" data-widget_type=\"image.default\">\n\t\t\t\t\t\t\t\t\t\t\t\t\t\t\t<img fetchpriority=\"high\" decoding=\"async\" width=\"1480\" height=\"2048\" src=\"https:\/\/colomboarchitecture.com\/wp-content\/uploads\/2025\/09\/PHOTO-2023-09-26-11-52-5518.jpg\" class=\"attachment-full size-full wp-image-132\" alt=\"\" srcset=\"https:\/\/colomboarchitecture.com\/wp-content\/uploads\/2025\/09\/PHOTO-2023-09-26-11-52-5518.jpg 1480w, https:\/\/colomboarchitecture.com\/wp-content\/uploads\/2025\/09\/PHOTO-2023-09-26-11-52-5518-217x300.jpg 217w, https:\/\/colomboarchitecture.com\/wp-content\/uploads\/2025\/09\/PHOTO-2023-09-26-11-52-5518-740x1024.jpg 740w, https:\/\/colomboarchitecture.com\/wp-content\/uploads\/2025\/09\/PHOTO-2023-09-26-11-52-5518-768x1063.jpg 768w, https:\/\/colomboarchitecture.com\/wp-content\/uploads\/2025\/09\/PHOTO-2023-09-26-11-52-5518-1110x1536.jpg 1110w\" sizes=\"(max-width: 1480px) 100vw, 1480px\" \/>\t\t\t\t\t\t\t\t\t\t\t\t\t\t\t<\/div>\n\t\t\t\t<\/div>\n\t\t\t\t<\/div>\n\t\t<div class=\"elementor-element elementor-element-2f1c05b e-con-full e-flex e-con e-parent\" data-id=\"2f1c05b\" data-element_type=\"container\">\n\t\t<div class=\"elementor-element elementor-element-6b62e4a e-con-full e-flex e-con e-child\" data-id=\"6b62e4a\" data-element_type=\"container\">\n\t\t\t\t<div class=\"elementor-element elementor-element-2532a0e elementor-widget elementor-widget-image\" data-id=\"2532a0e\" data-element_type=\"widget\" data-widget_type=\"image.default\">\n\t\t\t\t\t\t\t\t\t\t\t\t\t\t\t<img decoding=\"async\" width=\"2500\" height=\"1667\" src=\"https:\/\/colomboarchitecture.com\/wp-content\/uploads\/2025\/09\/2872COURSEColomboandSerboliArchitectureA_S032.jpg\" class=\"attachment-full size-full wp-image-254\" alt=\"\" srcset=\"https:\/\/colomboarchitecture.com\/wp-content\/uploads\/2025\/09\/2872COURSEColomboandSerboliArchitectureA_S032.jpg 2500w, https:\/\/colomboarchitecture.com\/wp-content\/uploads\/2025\/09\/2872COURSEColomboandSerboliArchitectureA_S032-300x200.jpg 300w, https:\/\/colomboarchitecture.com\/wp-content\/uploads\/2025\/09\/2872COURSEColomboandSerboliArchitectureA_S032-1024x683.jpg 1024w, https:\/\/colomboarchitecture.com\/wp-content\/uploads\/2025\/09\/2872COURSEColomboandSerboliArchitectureA_S032-768x512.jpg 768w, https:\/\/colomboarchitecture.com\/wp-content\/uploads\/2025\/09\/2872COURSEColomboandSerboliArchitectureA_S032-1536x1024.jpg 1536w, https:\/\/colomboarchitecture.com\/wp-content\/uploads\/2025\/09\/2872COURSEColomboandSerboliArchitectureA_S032-2048x1366.jpg 2048w\" sizes=\"(max-width: 2500px) 100vw, 2500px\" \/>\t\t\t\t\t\t\t\t\t\t\t\t\t\t\t<\/div>\n\t\t\t\t<\/div>\n\t\t<div class=\"elementor-element elementor-element-82ae56a e-con-full e-flex e-con e-child\" data-id=\"82ae56a\" data-element_type=\"container\">\n\t\t\t\t<div class=\"elementor-element elementor-element-00f83f7 elementor-widget elementor-widget-heading\" data-id=\"00f83f7\" data-element_type=\"widget\" data-widget_type=\"heading.default\">\n\t\t\t\t\t<h2 class=\"elementor-heading-title elementor-size-default\">Colombo Architecture\n<\/h2>\t\t\t\t<\/div>\n\t\t\t\t<div class=\"elementor-element elementor-element-3bb85ff elementor-widget elementor-widget-text-editor\" data-id=\"3bb85ff\" data-element_type=\"widget\" data-widget_type=\"text-editor.default\">\n\t\t\t\t\t\t\t\t\t<p>Nuestro estudio de arquitectura est\u00e1 dedicado a transformar espacios en interiores excepcionales que combinan belleza y funcionalidad. Nuestro equipo de arquitectos y dise\u00f1adores de interiores con amplia experiencia se especializa en crear ambientes \u00fanicos que reflejan tu estilo. Ya sea el dise\u00f1o interior de una vivienda, la reforma de un local comercial o la remodelaci\u00f3n de una residencia privada, convertimos las ideas en realidad con una ejecuci\u00f3n sencilla, cuidada y de gran calidad.<\/p>\t\t\t\t\t\t\t\t<\/div>\n\t\t\t\t<div class=\"elementor-element elementor-element-00d94fb elementor-widget elementor-widget-heading\" data-id=\"00d94fb\" data-element_type=\"widget\" data-widget_type=\"heading.default\">\n\t\t\t\t\t<h2 class=\"elementor-heading-title elementor-size-default\">Transformando espacios juntos\n<\/h2>\t\t\t\t<\/div>\n\t\t\t\t<div class=\"elementor-element elementor-element-2a08bd3 elementor-widget elementor-widget-text-editor\" data-id=\"2a08bd3\" data-element_type=\"widget\" data-widget_type=\"text-editor.default\">\n\t\t\t\t\t\t\t\t\t<p>En Colombo Architecture, detectamos oportunidades para crear algo \u00fanico. Desde el concepto inicial hasta los \u00faltimos detalles, nos encargamos de todo, incluido el dise\u00f1o de interiores, la obra y la gesti\u00f3n del proyecto. Respetando la integridad arquitect\u00f3nica e incorporando un dise\u00f1o innovador, creamos espacios atemporales y singulares.<\/p><p>D\u00e9janos acompa\u00f1arte en el dise\u00f1o interior de tu hogar. Con Colombo Architecture, el proyecto de tus sue\u00f1os est\u00e1 en manos expertas.<\/p>\t\t\t\t\t\t\t\t<\/div>\n\t\t\t\t<\/div>\n\t\t\t\t<\/div>\n\t\t<div class=\"elementor-element elementor-element-1085efa e-con-full e-flex e-con e-parent\" data-id=\"1085efa\" data-element_type=\"container\">\n\t\t<div class=\"elementor-element elementor-element-71ced65 e-con-full e-flex e-con e-child\" data-id=\"71ced65\" data-element_type=\"container\">\n\t\t\t\t<div class=\"elementor-element elementor-element-2958dc9 elementor-widget elementor-widget-image\" data-id=\"2958dc9\" data-element_type=\"widget\" data-widget_type=\"image.default\">\n\t\t\t\t\t\t\t\t\t\t\t\t\t\t\t<img decoding=\"async\" width=\"768\" height=\"1024\" src=\"https:\/\/colomboarchitecture.com\/wp-content\/uploads\/2025\/09\/PHOTO-2023-09-26-11-52-558-768x1024.jpg\" class=\"attachment-large size-large wp-image-256\" alt=\"\" srcset=\"https:\/\/colomboarchitecture.com\/wp-content\/uploads\/2025\/09\/PHOTO-2023-09-26-11-52-558-768x1024.jpg 768w, https:\/\/colomboarchitecture.com\/wp-content\/uploads\/2025\/09\/PHOTO-2023-09-26-11-52-558-225x300.jpg 225w, https:\/\/colomboarchitecture.com\/wp-content\/uploads\/2025\/09\/PHOTO-2023-09-26-11-52-558-1152x1536.jpg 1152w, https:\/\/colomboarchitecture.com\/wp-content\/uploads\/2025\/09\/PHOTO-2023-09-26-11-52-558.jpg 1536w\" sizes=\"(max-width: 768px) 100vw, 768px\" \/>\t\t\t\t\t\t\t\t\t\t\t\t\t\t\t<\/div>\n\t\t\t\t<\/div>\n\t\t<div class=\"elementor-element elementor-element-f388164 e-con-full e-flex e-con e-child\" data-id=\"f388164\" data-element_type=\"container\">\n\t\t\t\t<div class=\"elementor-element elementor-element-e104b53 elementor-widget elementor-widget-heading\" data-id=\"e104b53\" data-element_type=\"widget\" data-widget_type=\"heading.default\">\n\t\t\t\t\t<h2 class=\"elementor-heading-title elementor-size-default\">Cont\u00e1ctanos para discutir tu proyecto.\n<\/h2>\t\t\t\t<\/div>\n\t\t\t\t<div class=\"elementor-element elementor-element-1f35d61 elementor-button-align-start elementor-widget elementor-widget-form\" data-id=\"1f35d61\" data-element_type=\"widget\" data-settings=\"{&quot;step_next_label&quot;:&quot;Next&quot;,&quot;step_previous_label&quot;:&quot;Previous&quot;,&quot;button_width&quot;:&quot;100&quot;,&quot;step_type&quot;:&quot;number_text&quot;,&quot;step_icon_shape&quot;:&quot;circle&quot;}\" data-widget_type=\"form.default\">\n\t\t\t\t\t\t\t<form class=\"elementor-form\" method=\"post\" name=\"New Form\" aria-label=\"New Form\" action=\"\">\n\t\t\t<input type=\"hidden\" name=\"post_id\" value=\"289\"\/>\n\t\t\t<input type=\"hidden\" name=\"form_id\" value=\"1f35d61\"\/>\n\t\t\t<input type=\"hidden\" name=\"referer_title\" value=\"Architectural and Interior Design Projects\" \/>\n\n\t\t\t\t\t\t\t<input type=\"hidden\" name=\"queried_id\" value=\"289\"\/>\n\t\t\t\n\t\t\t<div class=\"elementor-form-fields-wrapper elementor-labels-above\">\n\t\t\t\t\t\t\t\t<div class=\"elementor-field-type-email elementor-field-group elementor-column elementor-field-group-email elementor-col-100 elementor-field-required\">\n\t\t\t\t\t\t\t\t\t\t\t\t<label for=\"form-field-email\" class=\"elementor-field-label\">\n\t\t\t\t\t\t\t\tEmail (obligatorio)\t\t\t\t\t\t\t<\/label>\n\t\t\t\t\t\t\t\t\t\t\t\t\t\t<input size=\"1\" type=\"email\" name=\"form_fields[email]\" id=\"form-field-email\" class=\"elementor-field elementor-size-sm  elementor-field-textual\" required=\"required\">\n\t\t\t\t\t\t\t\t\t\t\t<\/div>\n\t\t\t\t\t\t\t\t<div class=\"elementor-field-type-textarea elementor-field-group elementor-column elementor-field-group-message elementor-col-100 elementor-field-required\">\n\t\t\t\t\t\t\t\t\t\t\t\t<label for=\"form-field-message\" class=\"elementor-field-label\">\n\t\t\t\t\t\t\t\tMensaje (obligatorio)\t\t\t\t\t\t\t<\/label>\n\t\t\t\t\t\t<textarea class=\"elementor-field-textual elementor-field  elementor-size-sm\" name=\"form_fields[message]\" id=\"form-field-message\" rows=\"4\" required=\"required\"><\/textarea>\t\t\t\t<\/div>\n\t\t\t\t\t\t\t\t<div class=\"elementor-field-group elementor-column elementor-field-type-submit elementor-col-100 e-form__buttons\">\n\t\t\t\t\t<button class=\"elementor-button elementor-size-lg\" type=\"submit\">\n\t\t\t\t\t\t<span class=\"elementor-button-content-wrapper\">\n\t\t\t\t\t\t\t\t\t\t\t\t\t\t\t\t\t\t\t\t\t\t<span class=\"elementor-button-text\">Enviar<\/span>\n\t\t\t\t\t\t\t\t\t\t\t\t\t<\/span>\n\t\t\t\t\t<\/button>\n\t\t\t\t<\/div>\n\t\t\t<\/div>\n\t\t<input type=\"hidden\" name=\"trp-form-language\" value=\"es\"\/><\/form>\n\t\t\t\t\t\t<\/div>\n\t\t\t\t<\/div>\n\t\t\t\t<\/div>\n\t\t\t\t<\/div>","protected":false},"excerpt":{"rendered":"<p>Interior Design At Colombo Architecture, we design tailor-made projects according to our customer&#8217;s needs and wishes, making the most of the client&#8217;s budget and the property&#8217;s potential. We outline the concept by imagining spaces, solutions, materials, and sensations to define our vision. We take care of the whole process. Tailor-Made Architectural Design We create bespoke [&hellip;]<\/p>","protected":false},"author":1,"featured_media":0,"parent":0,"menu_order":0,"comment_status":"closed","ping_status":"closed","template":"","meta":{"footnotes":""},"class_list":["post-289","page","type-page","status-publish","hentry"],"_links":{"self":[{"href":"https:\/\/colomboarchitecture.com\/es\/wp-json\/wp\/v2\/pages\/289","targetHints":{"allow":["GET"]}}],"collection":[{"href":"https:\/\/colomboarchitecture.com\/es\/wp-json\/wp\/v2\/pages"}],"about":[{"href":"https:\/\/colomboarchitecture.com\/es\/wp-json\/wp\/v2\/types\/page"}],"author":[{"embeddable":true,"href":"https:\/\/colomboarchitecture.com\/es\/wp-json\/wp\/v2\/users\/1"}],"replies":[{"embeddable":true,"href":"https:\/\/colomboarchitecture.com\/es\/wp-json\/wp\/v2\/comments?post=289"}],"version-history":[{"count":7,"href":"https:\/\/colomboarchitecture.com\/es\/wp-json\/wp\/v2\/pages\/289\/revisions"}],"predecessor-version":[{"id":1174,"href":"https:\/\/colomboarchitecture.com\/es\/wp-json\/wp\/v2\/pages\/289\/revisions\/1174"}],"wp:attachment":[{"href":"https:\/\/colomboarchitecture.com\/es\/wp-json\/wp\/v2\/media?parent=289"}],"curies":[{"name":"wp","href":"https:\/\/api.w.org\/{rel}","templated":true}]}}