{"id":281,"date":"2025-09-15T09:54:34","date_gmt":"2025-09-15T09:54:34","guid":{"rendered":"https:\/\/colomboarchitecture.com\/?page_id=281"},"modified":"2025-11-15T11:09:16","modified_gmt":"2025-11-15T11:09:16","slug":"property-consulting-and-research","status":"publish","type":"page","link":"https:\/\/colomboarchitecture.com\/es\/property-consulting-and-research\/","title":{"rendered":"Consultor\u00eda e Investigaci\u00f3n Inmobiliaria\u00a0"},"content":{"rendered":"<div data-elementor-type=\"wp-page\" data-elementor-id=\"281\" class=\"elementor elementor-281\" data-elementor-post-type=\"page\">\n\t\t\t\t<div class=\"elementor-element elementor-element-2e1c007 e-con-full e-flex e-con e-parent\" data-id=\"2e1c007\" data-element_type=\"container\">\n\t\t<div class=\"elementor-element elementor-element-4473a6f e-con-full e-flex e-con e-child\" data-id=\"4473a6f\" data-element_type=\"container\">\n\t\t\t\t<div class=\"elementor-element elementor-element-0a9480c elementor-widget elementor-widget-heading\" data-id=\"0a9480c\" data-element_type=\"widget\" data-widget_type=\"heading.default\">\n\t\t\t\t\t<h1 class=\"elementor-heading-title elementor-size-default\">Consultor\u00eda Inmobiliaria\n<\/h1>\t\t\t\t<\/div>\n\t\t\t\t<div class=\"elementor-element elementor-element-6443a05 elementor-widget elementor-widget-text-editor\" data-id=\"6443a05\" data-element_type=\"widget\" data-widget_type=\"text-editor.default\">\n\t\t\t\t\t\t\t\t\t<p>En Colombo Architecture, descubrimos el potencial oculto del sector inmobiliario. Especializados en b\u00fasqueda de propiedades y consultor\u00eda inmobiliaria, nuestro objetivo es transformar inmuebles desapercibidos en espacios excepcionales.<\/p><p>Como estudio internacional de arquitectura y dise\u00f1o de interiores, nos dedicamos a aportar valor a los activos mediante la creaci\u00f3n de espacios que combinan belleza y funcionalidad.<\/p>\t\t\t\t\t\t\t\t<\/div>\n\t\t\t\t<div class=\"elementor-element elementor-element-2d84840 elementor-widget elementor-widget-heading\" data-id=\"2d84840\" data-element_type=\"widget\" data-widget_type=\"heading.default\">\n\t\t\t\t\t<h2 class=\"elementor-heading-title elementor-size-default\">Colombo Architecture\n<\/h2>\t\t\t\t<\/div>\n\t\t\t\t<div class=\"elementor-element elementor-element-71f2bda elementor-widget elementor-widget-text-editor\" data-id=\"71f2bda\" data-element_type=\"widget\" data-widget_type=\"text-editor.default\">\n\t\t\t\t\t\t\t\t\t<p>Creemos que cada propiedad tiene una historia esperando ser contada. Nuestro equipo explora el mercado y, gracias a una amplia red de agentes inmobiliarios, localiza activos con potencial oculto, a menudo en mal estado: propiedades id\u00f3neas para su transformaci\u00f3n y para una notable revalorizaci\u00f3n mediante una reforma integral.<\/p><p>A trav\u00e9s de nuestros servicios de consultor\u00eda inmobiliaria, te guiamos y acompa\u00f1amos durante todo el proceso de compra y transformaci\u00f3n. Desde el descubrimiento inicial hasta la adquisici\u00f3n final, estamos a tu lado.<\/p>\t\t\t\t\t\t\t\t<\/div>\n\t\t\t\t<\/div>\n\t\t<div class=\"elementor-element elementor-element-6167281 e-con-full e-flex e-con e-child\" data-id=\"6167281\" data-element_type=\"container\">\n\t\t\t\t<div class=\"elementor-element elementor-element-96be012 elementor-widget elementor-widget-image\" data-id=\"96be012\" data-element_type=\"widget\" data-widget_type=\"image.default\">\n\t\t\t\t\t\t\t\t\t\t\t\t\t\t\t<img fetchpriority=\"high\" decoding=\"async\" width=\"1842\" height=\"2560\" src=\"https:\/\/colomboarchitecture.com\/wp-content\/uploads\/2025\/09\/IMG_8805-scaled.jpg\" class=\"attachment-full size-full wp-image-283\" alt=\"\" srcset=\"https:\/\/colomboarchitecture.com\/wp-content\/uploads\/2025\/09\/IMG_8805-scaled.jpg 1842w, https:\/\/colomboarchitecture.com\/wp-content\/uploads\/2025\/09\/IMG_8805-216x300.jpg 216w, https:\/\/colomboarchitecture.com\/wp-content\/uploads\/2025\/09\/IMG_8805-737x1024.jpg 737w, https:\/\/colomboarchitecture.com\/wp-content\/uploads\/2025\/09\/IMG_8805-768x1068.jpg 768w, https:\/\/colomboarchitecture.com\/wp-content\/uploads\/2025\/09\/IMG_8805-1105x1536.jpg 1105w, https:\/\/colomboarchitecture.com\/wp-content\/uploads\/2025\/09\/IMG_8805-1473x2048.jpg 1473w\" sizes=\"(max-width: 1842px) 100vw, 1842px\" \/>\t\t\t\t\t\t\t\t\t\t\t\t\t\t\t<\/div>\n\t\t\t\t<\/div>\n\t\t\t\t<\/div>\n\t\t<div class=\"elementor-element elementor-element-2f1c05b e-con-full e-flex e-con e-parent\" data-id=\"2f1c05b\" data-element_type=\"container\">\n\t\t<div class=\"elementor-element elementor-element-6b62e4a e-con-full e-flex e-con e-child\" data-id=\"6b62e4a\" data-element_type=\"container\">\n\t\t\t\t<div class=\"elementor-element elementor-element-2532a0e elementor-widget elementor-widget-image\" data-id=\"2532a0e\" data-element_type=\"widget\" data-widget_type=\"image.default\">\n\t\t\t\t\t\t\t\t\t\t\t\t\t\t\t<img decoding=\"async\" width=\"1536\" height=\"2048\" src=\"https:\/\/colomboarchitecture.com\/wp-content\/uploads\/2025\/09\/a8df18fc-62b1-4354-b42b-34d4e91dba3e-1.jpg\" class=\"attachment-full size-full wp-image-284\" alt=\"\" srcset=\"https:\/\/colomboarchitecture.com\/wp-content\/uploads\/2025\/09\/a8df18fc-62b1-4354-b42b-34d4e91dba3e-1.jpg 1536w, https:\/\/colomboarchitecture.com\/wp-content\/uploads\/2025\/09\/a8df18fc-62b1-4354-b42b-34d4e91dba3e-1-225x300.jpg 225w, https:\/\/colomboarchitecture.com\/wp-content\/uploads\/2025\/09\/a8df18fc-62b1-4354-b42b-34d4e91dba3e-1-768x1024.jpg 768w, https:\/\/colomboarchitecture.com\/wp-content\/uploads\/2025\/09\/a8df18fc-62b1-4354-b42b-34d4e91dba3e-1-1152x1536.jpg 1152w\" sizes=\"(max-width: 1536px) 100vw, 1536px\" \/>\t\t\t\t\t\t\t\t\t\t\t\t\t\t\t<\/div>\n\t\t\t\t<\/div>\n\t\t<div class=\"elementor-element elementor-element-82ae56a e-con-full e-flex e-con e-child\" data-id=\"82ae56a\" data-element_type=\"container\">\n\t\t\t\t<div class=\"elementor-element elementor-element-00f83f7 elementor-widget elementor-widget-heading\" data-id=\"00f83f7\" data-element_type=\"widget\" data-widget_type=\"heading.default\">\n\t\t\t\t\t<h2 class=\"elementor-heading-title elementor-size-default\">Transformando espacios juntos\n<\/h2>\t\t\t\t<\/div>\n\t\t\t\t<div class=\"elementor-element elementor-element-3bb85ff elementor-widget elementor-widget-text-editor\" data-id=\"3bb85ff\" data-element_type=\"widget\" data-widget_type=\"text-editor.default\">\n\t\t\t\t\t\t\t\t\t<p>En Colombo Architecture, detectamos oportunidades para crear algo \u00fanico. Desde el concepto inicial hasta los \u00faltimos detalles, nos encargamos de todo, incluido el dise\u00f1o de interiores, la obra y la gesti\u00f3n del proyecto. Respetando la integridad arquitect\u00f3nica e incorporando un dise\u00f1o innovador, creamos espacios atemporales y singulares.<\/p><p>D\u00e9janos acompa\u00f1arte en el dise\u00f1o interior de tu hogar. Con Colombo Architecture, el proyecto de tus sue\u00f1os est\u00e1 en manos expertas.<\/p>\t\t\t\t\t\t\t\t<\/div>\n\t\t\t\t<\/div>\n\t\t\t\t<\/div>\n\t\t<div class=\"elementor-element elementor-element-1085efa e-con-full e-flex e-con e-parent\" data-id=\"1085efa\" data-element_type=\"container\">\n\t\t<div class=\"elementor-element elementor-element-71ced65 e-con-full e-flex e-con e-child\" data-id=\"71ced65\" data-element_type=\"container\">\n\t\t\t\t<div class=\"elementor-element elementor-element-2958dc9 elementor-widget elementor-widget-image\" data-id=\"2958dc9\" data-element_type=\"widget\" data-widget_type=\"image.default\">\n\t\t\t\t\t\t\t\t\t\t\t\t\t\t\t<img decoding=\"async\" width=\"768\" height=\"1024\" src=\"https:\/\/colomboarchitecture.com\/wp-content\/uploads\/2025\/09\/IMG_2604-768x1024.jpg\" class=\"attachment-large size-large wp-image-285\" alt=\"\" srcset=\"https:\/\/colomboarchitecture.com\/wp-content\/uploads\/2025\/09\/IMG_2604-768x1024.jpg 768w, https:\/\/colomboarchitecture.com\/wp-content\/uploads\/2025\/09\/IMG_2604-225x300.jpg 225w, https:\/\/colomboarchitecture.com\/wp-content\/uploads\/2025\/09\/IMG_2604-1152x1536.jpg 1152w, https:\/\/colomboarchitecture.com\/wp-content\/uploads\/2025\/09\/IMG_2604-1536x2048.jpg 1536w, https:\/\/colomboarchitecture.com\/wp-content\/uploads\/2025\/09\/IMG_2604-scaled.jpg 1920w\" sizes=\"(max-width: 768px) 100vw, 768px\" \/>\t\t\t\t\t\t\t\t\t\t\t\t\t\t\t<\/div>\n\t\t\t\t<\/div>\n\t\t<div class=\"elementor-element elementor-element-f388164 e-con-full e-flex e-con e-child\" data-id=\"f388164\" data-element_type=\"container\">\n\t\t\t\t<div class=\"elementor-element elementor-element-e104b53 elementor-widget elementor-widget-heading\" data-id=\"e104b53\" data-element_type=\"widget\" data-widget_type=\"heading.default\">\n\t\t\t\t\t<h2 class=\"elementor-heading-title elementor-size-default\">Cont\u00e1ctanos para discutir tu proyecto.\n<\/h2>\t\t\t\t<\/div>\n\t\t\t\t<div class=\"elementor-element elementor-element-1f35d61 elementor-button-align-start elementor-widget elementor-widget-form\" data-id=\"1f35d61\" data-element_type=\"widget\" data-settings=\"{&quot;step_next_label&quot;:&quot;Next&quot;,&quot;step_previous_label&quot;:&quot;Previous&quot;,&quot;button_width&quot;:&quot;100&quot;,&quot;step_type&quot;:&quot;number_text&quot;,&quot;step_icon_shape&quot;:&quot;circle&quot;}\" data-widget_type=\"form.default\">\n\t\t\t\t\t\t\t<form class=\"elementor-form\" method=\"post\" name=\"New Form\" aria-label=\"New Form\" action=\"\">\n\t\t\t<input type=\"hidden\" name=\"post_id\" value=\"281\"\/>\n\t\t\t<input type=\"hidden\" name=\"form_id\" value=\"1f35d61\"\/>\n\t\t\t<input type=\"hidden\" name=\"referer_title\" value=\"Property Consulting and Research\u00a0\" \/>\n\n\t\t\t\t\t\t\t<input type=\"hidden\" name=\"queried_id\" value=\"281\"\/>\n\t\t\t\n\t\t\t<div class=\"elementor-form-fields-wrapper elementor-labels-above\">\n\t\t\t\t\t\t\t\t<div class=\"elementor-field-type-email elementor-field-group elementor-column elementor-field-group-email elementor-col-100 elementor-field-required\">\n\t\t\t\t\t\t\t\t\t\t\t\t<label for=\"form-field-email\" class=\"elementor-field-label\">\n\t\t\t\t\t\t\t\tEmail (obligatorio)\t\t\t\t\t\t\t<\/label>\n\t\t\t\t\t\t\t\t\t\t\t\t\t\t<input size=\"1\" type=\"email\" name=\"form_fields[email]\" id=\"form-field-email\" class=\"elementor-field elementor-size-sm  elementor-field-textual\" required=\"required\">\n\t\t\t\t\t\t\t\t\t\t\t<\/div>\n\t\t\t\t\t\t\t\t<div class=\"elementor-field-type-textarea elementor-field-group elementor-column elementor-field-group-message elementor-col-100 elementor-field-required\">\n\t\t\t\t\t\t\t\t\t\t\t\t<label for=\"form-field-message\" class=\"elementor-field-label\">\n\t\t\t\t\t\t\t\tMensaje (obligatorio)\t\t\t\t\t\t\t<\/label>\n\t\t\t\t\t\t<textarea class=\"elementor-field-textual elementor-field  elementor-size-sm\" name=\"form_fields[message]\" id=\"form-field-message\" rows=\"4\" required=\"required\"><\/textarea>\t\t\t\t<\/div>\n\t\t\t\t\t\t\t\t<div class=\"elementor-field-group elementor-column elementor-field-type-submit elementor-col-100 e-form__buttons\">\n\t\t\t\t\t<button class=\"elementor-button elementor-size-lg\" type=\"submit\">\n\t\t\t\t\t\t<span class=\"elementor-button-content-wrapper\">\n\t\t\t\t\t\t\t\t\t\t\t\t\t\t\t\t\t\t\t\t\t\t<span class=\"elementor-button-text\">Enviar<\/span>\n\t\t\t\t\t\t\t\t\t\t\t\t\t<\/span>\n\t\t\t\t\t<\/button>\n\t\t\t\t<\/div>\n\t\t\t<\/div>\n\t\t<input type=\"hidden\" name=\"trp-form-language\" value=\"es\"\/><\/form>\n\t\t\t\t\t\t<\/div>\n\t\t\t\t<\/div>\n\t\t\t\t<\/div>\n\t\t\t\t<\/div>","protected":false},"excerpt":{"rendered":"<p>Real Estate Consulting At Colombo Architecture, we uncover the hidden potential in real estate. Specializing in property research and real estate consulting, we aim to transform overlooked properties into exceptional spaces. As an international architecture and interior design firm, we are dedicated to adding value to properties by creating spaces that blend beauty and functionality. [&hellip;]<\/p>","protected":false},"author":1,"featured_media":0,"parent":0,"menu_order":0,"comment_status":"closed","ping_status":"closed","template":"","meta":{"footnotes":""},"class_list":["post-281","page","type-page","status-publish","hentry"],"_links":{"self":[{"href":"https:\/\/colomboarchitecture.com\/es\/wp-json\/wp\/v2\/pages\/281","targetHints":{"allow":["GET"]}}],"collection":[{"href":"https:\/\/colomboarchitecture.com\/es\/wp-json\/wp\/v2\/pages"}],"about":[{"href":"https:\/\/colomboarchitecture.com\/es\/wp-json\/wp\/v2\/types\/page"}],"author":[{"embeddable":true,"href":"https:\/\/colomboarchitecture.com\/es\/wp-json\/wp\/v2\/users\/1"}],"replies":[{"embeddable":true,"href":"https:\/\/colomboarchitecture.com\/es\/wp-json\/wp\/v2\/comments?post=281"}],"version-history":[{"count":7,"href":"https:\/\/colomboarchitecture.com\/es\/wp-json\/wp\/v2\/pages\/281\/revisions"}],"predecessor-version":[{"id":1250,"href":"https:\/\/colomboarchitecture.com\/es\/wp-json\/wp\/v2\/pages\/281\/revisions\/1250"}],"wp:attachment":[{"href":"https:\/\/colomboarchitecture.com\/es\/wp-json\/wp\/v2\/media?parent=281"}],"curies":[{"name":"wp","href":"https:\/\/api.w.org\/{rel}","templated":true}]}}