{"id":26,"date":"2025-09-12T07:43:33","date_gmt":"2025-09-12T07:43:33","guid":{"rendered":"https:\/\/colomboarchitecture.com\/?page_id=26"},"modified":"2026-01-26T17:32:27","modified_gmt":"2026-01-26T17:32:27","slug":"home","status":"publish","type":"page","link":"https:\/\/colomboarchitecture.com\/es\/","title":{"rendered":"Home"},"content":{"rendered":"<div data-elementor-type=\"wp-page\" data-elementor-id=\"26\" class=\"elementor elementor-26\" data-elementor-post-type=\"page\">\n\t\t\t\t<a class=\"elementor-element elementor-element-519a5ec e-con-full e-flex e-con e-parent\" data-id=\"519a5ec\" data-element_type=\"container\" data-settings=\"{&quot;background_background&quot;:&quot;slideshow&quot;,&quot;background_slideshow_gallery&quot;:[{&quot;id&quot;:49,&quot;url&quot;:&quot;https:\\\/\\\/colomboarchitecture.com\\\/wp-content\\\/uploads\\\/2025\\\/09\\\/16.jpg&quot;},{&quot;id&quot;:64,&quot;url&quot;:&quot;https:\\\/\\\/colomboarchitecture.com\\\/wp-content\\\/uploads\\\/2025\\\/09\\\/1-5.jpg&quot;},{&quot;id&quot;:63,&quot;url&quot;:&quot;https:\\\/\\\/colomboarchitecture.com\\\/wp-content\\\/uploads\\\/2025\\\/09\\\/2-5.jpg&quot;},{&quot;id&quot;:62,&quot;url&quot;:&quot;https:\\\/\\\/colomboarchitecture.com\\\/wp-content\\\/uploads\\\/2025\\\/09\\\/3-7.jpg&quot;},{&quot;id&quot;:61,&quot;url&quot;:&quot;https:\\\/\\\/colomboarchitecture.com\\\/wp-content\\\/uploads\\\/2025\\\/09\\\/4-3.jpg&quot;},{&quot;id&quot;:60,&quot;url&quot;:&quot;https:\\\/\\\/colomboarchitecture.com\\\/wp-content\\\/uploads\\\/2025\\\/09\\\/5.jpg&quot;},{&quot;id&quot;:59,&quot;url&quot;:&quot;https:\\\/\\\/colomboarchitecture.com\\\/wp-content\\\/uploads\\\/2025\\\/09\\\/6.jpg&quot;},{&quot;id&quot;:58,&quot;url&quot;:&quot;https:\\\/\\\/colomboarchitecture.com\\\/wp-content\\\/uploads\\\/2025\\\/09\\\/7.jpg&quot;},{&quot;id&quot;:57,&quot;url&quot;:&quot;https:\\\/\\\/colomboarchitecture.com\\\/wp-content\\\/uploads\\\/2025\\\/09\\\/8.jpg&quot;},{&quot;id&quot;:56,&quot;url&quot;:&quot;https:\\\/\\\/colomboarchitecture.com\\\/wp-content\\\/uploads\\\/2025\\\/09\\\/9.jpg&quot;},{&quot;id&quot;:55,&quot;url&quot;:&quot;https:\\\/\\\/colomboarchitecture.com\\\/wp-content\\\/uploads\\\/2025\\\/09\\\/10.jpg&quot;},{&quot;id&quot;:54,&quot;url&quot;:&quot;https:\\\/\\\/colomboarchitecture.com\\\/wp-content\\\/uploads\\\/2025\\\/09\\\/11.jpg&quot;},{&quot;id&quot;:53,&quot;url&quot;:&quot;https:\\\/\\\/colomboarchitecture.com\\\/wp-content\\\/uploads\\\/2025\\\/09\\\/12.jpg&quot;},{&quot;id&quot;:52,&quot;url&quot;:&quot;https:\\\/\\\/colomboarchitecture.com\\\/wp-content\\\/uploads\\\/2025\\\/09\\\/13.jpg&quot;},{&quot;id&quot;:51,&quot;url&quot;:&quot;https:\\\/\\\/colomboarchitecture.com\\\/wp-content\\\/uploads\\\/2025\\\/09\\\/14.jpg&quot;},{&quot;id&quot;:50,&quot;url&quot;:&quot;https:\\\/\\\/colomboarchitecture.com\\\/wp-content\\\/uploads\\\/2025\\\/09\\\/15.jpg&quot;}],&quot;background_slideshow_slide_duration&quot;:1500,&quot;background_slideshow_loop&quot;:&quot;yes&quot;,&quot;background_slideshow_slide_transition&quot;:&quot;fade&quot;,&quot;background_slideshow_transition_duration&quot;:500}\" href=\"https:\/\/colomboarchitecture.com\/es\/projects\/\">\n\t\t\t\t<div class=\"elementor-element elementor-element-ca0b95e elementor-widget elementor-widget-spacer\" data-id=\"ca0b95e\" data-element_type=\"widget\" data-widget_type=\"spacer.default\">\n\t\t\t\t\t\t\t<div class=\"elementor-spacer\">\n\t\t\t<div class=\"elementor-spacer-inner\"><\/div>\n\t\t<\/div>\n\t\t\t\t\t\t<\/div>\n\t\t\t\t<\/a>\n\t\t<div class=\"elementor-element elementor-element-df8aa9d e-flex e-con-boxed e-con e-parent\" data-id=\"df8aa9d\" data-element_type=\"container\" data-settings=\"{&quot;background_background&quot;:&quot;classic&quot;}\">\n\t\t\t\t\t<div class=\"e-con-inner\">\n\t\t\t\t<div class=\"elementor-element elementor-element-f8b64dd elementor-widget elementor-widget-text-editor\" data-id=\"f8b64dd\" data-element_type=\"widget\" data-widget_type=\"text-editor.default\">\n\t\t\t\t\t\t\t\t\t<p>Estudio de Arquitectura y Dise\u00f1o de Interiores en Barcelona<\/p>\t\t\t\t\t\t\t\t<\/div>\n\t\t\t\t<div class=\"elementor-element elementor-element-808fc11 elementor-widget elementor-widget-text-editor\" data-id=\"808fc11\" data-element_type=\"widget\" data-widget_type=\"text-editor.default\">\n\t\t\t\t\t\t\t\t\t<p>En Colombo Architecture, somos artesanos de la arquitectura, definiendo espacios a trav\u00e9s de la atenci\u00f3n al detalle, la comodidad y la innovaci\u00f3n.<\/p><p>Como estudio internacional de dise\u00f1o de interiores y arquitectura, estamos dedicados a agregar valor a las propiedades y reinventarlas con una visi\u00f3n arraigada en la excelencia.<\/p><p>Basados en Barcelona, operamos en toda Europa y Occidente, manteniendo nuestras raices italianas.<\/p>\t\t\t\t\t\t\t\t<\/div>\n\t\t\t\t\t<\/div>\n\t\t\t\t<\/div>\n\t\t<div class=\"elementor-element elementor-element-afc8260 e-flex e-con-boxed e-con e-parent\" data-id=\"afc8260\" data-element_type=\"container\" data-settings=\"{&quot;background_background&quot;:&quot;classic&quot;}\">\n\t\t\t\t\t<div class=\"e-con-inner\">\n\t\t\t\t<div class=\"elementor-element elementor-element-fa53793 elementor-widget elementor-widget-text-editor\" data-id=\"fa53793\" data-element_type=\"widget\" data-widget_type=\"text-editor.default\">\n\t\t\t\t\t\t\t\t\t<p>Colombo Architecture<\/p>\t\t\t\t\t\t\t\t<\/div>\n\t\t\t\t<div class=\"elementor-element elementor-element-2609e6e elementor-widget elementor-widget-text-editor\" data-id=\"2609e6e\" data-element_type=\"widget\" data-widget_type=\"text-editor.default\">\n\t\t\t\t\t\t\t\t\t<p><strong>Creamos espacios \u00fanicos<\/strong> visualizando el potencial oculto de la propiedad y transform\u00e1ndolo en espacios nuevos, atractivos, c\u00f3modos y funcionales con un valor a\u00f1adido.<\/p><p>Nuestra firma de arquitectura se encarga de todo, desde crear el concepto, supervisar las obras de construcci\u00f3n y el dise\u00f1o de mobliliario, hasta los toques finales y decoraci\u00f3n de interiores.<\/p><p>Nuestro equipo en Barcelona opera en Europa y en el extranjero, buscando continuamente soluciones innovadoras que combinen belleza y funcionalidad.<\/p><p>Como estudio de arquitectura tenemos la filosof\u00eda de superar las expectativas de nuestros clientes, desafiando los l\u00edmites y aprovechando al m\u00e1ximo el presupuesto disponible.<\/p><p>Dejamos que la relaci\u00f3n entre el espacio y el lugar, el <em><strong>genius loci<\/strong><\/em>, nos gu\u00ede hacia el concepto del proyecto, preservando las caracter\u00edsticas originales de la propiedad y su integridad arquitect\u00f3nica mientras introducimos los espacios en la contemporaneidad.<\/p><p>Descubre c\u00f3mo Colombo Architecture da vida a las ideas, cont\u00e1ctanos.<\/p>\t\t\t\t\t\t\t\t<\/div>\n\t\t\t\t\t<\/div>\n\t\t\t\t<\/div>\n\t\t<div class=\"elementor-element elementor-element-ef0e5c1 e-con-full e-flex e-con e-parent\" data-id=\"ef0e5c1\" data-element_type=\"container\">\n\t\t\t\t<div class=\"elementor-element elementor-element-78a976e elementor-widget__width-inherit elementor-widget elementor-widget-image\" data-id=\"78a976e\" data-element_type=\"widget\" data-widget_type=\"image.default\">\n\t\t\t\t\t\t\t\t\t\t\t\t\t\t\t<img fetchpriority=\"high\" decoding=\"async\" width=\"800\" height=\"93\" src=\"https:\/\/colomboarchitecture.com\/wp-content\/uploads\/2025\/12\/Logodigitalizadores_fondo-oscuro-2048x238-1-1024x119.png\" class=\"attachment-large size-large wp-image-1342\" alt=\"\" srcset=\"https:\/\/colomboarchitecture.com\/wp-content\/uploads\/2025\/12\/Logodigitalizadores_fondo-oscuro-2048x238-1-1024x119.png 1024w, https:\/\/colomboarchitecture.com\/wp-content\/uploads\/2025\/12\/Logodigitalizadores_fondo-oscuro-2048x238-1-300x35.png 300w, https:\/\/colomboarchitecture.com\/wp-content\/uploads\/2025\/12\/Logodigitalizadores_fondo-oscuro-2048x238-1-768x89.png 768w, https:\/\/colomboarchitecture.com\/wp-content\/uploads\/2025\/12\/Logodigitalizadores_fondo-oscuro-2048x238-1-1536x179.png 1536w, https:\/\/colomboarchitecture.com\/wp-content\/uploads\/2025\/12\/Logodigitalizadores_fondo-oscuro-2048x238-1-18x2.png 18w, https:\/\/colomboarchitecture.com\/wp-content\/uploads\/2025\/12\/Logodigitalizadores_fondo-oscuro-2048x238-1.png 2048w\" sizes=\"(max-width: 800px) 100vw, 800px\" \/>\t\t\t\t\t\t\t\t\t\t\t\t\t\t\t<\/div>\n\t\t\t\t<\/div>\n\t\t\t\t<\/div>","protected":false},"excerpt":{"rendered":"<p>Architecture &amp; Interior Design Firm In Barcelona At Colombo Architecture, we craft spaces. We are artisans of architecture, defining spaces through attention to detail, comfort, and innovation. As an international interior design and architecture firm, we are dedicated to adding value to properties and reimagining them with a vision rooted in excellence. We operate internationally, [&hellip;]<\/p>","protected":false},"author":1,"featured_media":0,"parent":0,"menu_order":0,"comment_status":"closed","ping_status":"closed","template":"","meta":{"footnotes":""},"class_list":["post-26","page","type-page","status-publish","hentry"],"_links":{"self":[{"href":"https:\/\/colomboarchitecture.com\/es\/wp-json\/wp\/v2\/pages\/26","targetHints":{"allow":["GET"]}}],"collection":[{"href":"https:\/\/colomboarchitecture.com\/es\/wp-json\/wp\/v2\/pages"}],"about":[{"href":"https:\/\/colomboarchitecture.com\/es\/wp-json\/wp\/v2\/types\/page"}],"author":[{"embeddable":true,"href":"https:\/\/colomboarchitecture.com\/es\/wp-json\/wp\/v2\/users\/1"}],"replies":[{"embeddable":true,"href":"https:\/\/colomboarchitecture.com\/es\/wp-json\/wp\/v2\/comments?post=26"}],"version-history":[{"count":43,"href":"https:\/\/colomboarchitecture.com\/es\/wp-json\/wp\/v2\/pages\/26\/revisions"}],"predecessor-version":[{"id":1465,"href":"https:\/\/colomboarchitecture.com\/es\/wp-json\/wp\/v2\/pages\/26\/revisions\/1465"}],"wp:attachment":[{"href":"https:\/\/colomboarchitecture.com\/es\/wp-json\/wp\/v2\/media?parent=26"}],"curies":[{"name":"wp","href":"https:\/\/api.w.org\/{rel}","templated":true}]}}