{"id":248,"date":"2025-09-15T09:37:07","date_gmt":"2025-09-15T09:37:07","guid":{"rendered":"https:\/\/colomboarchitecture.com\/?page_id=248"},"modified":"2025-11-15T10:36:40","modified_gmt":"2025-11-15T10:36:40","slug":"frequently-asked-questions","status":"publish","type":"page","link":"https:\/\/colomboarchitecture.com\/es\/frequently-asked-questions\/","title":{"rendered":"Preguntas Frecuentes"},"content":{"rendered":"<div data-elementor-type=\"wp-page\" data-elementor-id=\"248\" class=\"elementor elementor-248\" data-elementor-post-type=\"page\">\n\t\t\t\t<div class=\"elementor-element elementor-element-ded561e e-con-full e-flex e-con e-parent\" data-id=\"ded561e\" data-element_type=\"container\">\n\t\t<div class=\"elementor-element elementor-element-0c879eb e-con-full e-flex e-con e-child\" data-id=\"0c879eb\" data-element_type=\"container\">\n\t\t\t\t<div class=\"elementor-element elementor-element-f7910e4 elementor-widget elementor-widget-heading\" data-id=\"f7910e4\" data-element_type=\"widget\" data-widget_type=\"heading.default\">\n\t\t\t\t\t<h1 class=\"elementor-heading-title elementor-size-default\">Preguntas Frecuentes\n<\/h1>\t\t\t\t<\/div>\n\t\t\t\t<div class=\"elementor-element elementor-element-760f611 elementor-widget elementor-widget-text-editor\" data-id=\"760f611\" data-element_type=\"widget\" data-widget_type=\"text-editor.default\">\n\t\t\t\t\t\t\t\t\t<p class=\"\"><strong><span style=\"color: #545454;\">\u00bfQu\u00e9 es la arquitectura contempor\u00e1nea?<\/span><br \/><\/strong><span class=\"sqsrte-text-color--custom\">La arquitectura contempor\u00e1nea se distingue por un enfoque innovador que utiliza tecnolog\u00eda moderna, nuevos materiales y rompe con las normas tradicionales. Algunas de sus caracter\u00edsticas m\u00e1s importantes son:<\/span><\/p><ul data-rte-list=\"default\"><li><p class=\"\"><span class=\"sqsrte-text-color--custom\"><strong>Uso de Nuevos Materiales:<\/strong> Materiales como vidrio, acero, hormig\u00f3n y recursos sostenibles que destacan por su transparencia, resistencia y respeto por el medio ambiente.<\/span><\/p><\/li><li><p class=\"\"><span class=\"sqsrte-text-color--custom\"><strong>Formas y Dise\u00f1os Innovadores:<\/strong> Dise\u00f1os \u00fanicos con formas poco convencionales, curvas y estructuras asim\u00e9tricas que escapan de lo tradicional.<\/span><\/p><\/li><li><p class=\"\"><span class=\"sqsrte-text-color--custom\"><strong>Sostenibilidad y Dise\u00f1o Ecol\u00f3gico:<\/strong> Prioriza pr\u00e1cticas sostenibles, con materiales eficientes, techos verdes, paneles solares y dise\u00f1os que se integran con la naturaleza.<\/span><\/p><\/li><li><p class=\"\"><span class=\"sqsrte-text-color--custom\"><strong>Conexi\u00f3n Interior-Exterior:<\/strong> Espacios que combinan lo mejor del interior y el exterior, con grandes ventanales, planos abiertos y conexi\u00f3n con paisajes naturales.<\/span><\/p><\/li><li><p class=\"\"><span class=\"sqsrte-text-color--custom\"><strong>Minimalismo y L\u00edneas Limpias:<\/strong> Un estilo sencillo y elegante que da prioridad a la funcionalidad sobre la decoraci\u00f3n.<\/span><\/p><\/li><\/ul>\t\t\t\t\t\t\t\t<\/div>\n\t\t\t\t<\/div>\n\t\t<div class=\"elementor-element elementor-element-23b6128 e-con-full e-flex e-con e-child\" data-id=\"23b6128\" data-element_type=\"container\">\n\t\t\t\t<div class=\"elementor-element elementor-element-70b5546 elementor-widget elementor-widget-image\" data-id=\"70b5546\" data-element_type=\"widget\" data-widget_type=\"image.default\">\n\t\t\t\t\t\t\t\t\t\t\t\t\t\t\t<img fetchpriority=\"high\" decoding=\"async\" width=\"2338\" height=\"2560\" src=\"https:\/\/colomboarchitecture.com\/wp-content\/uploads\/2025\/09\/IMG_5138-scaled.jpg\" class=\"attachment-full size-full wp-image-251\" alt=\"\" srcset=\"https:\/\/colomboarchitecture.com\/wp-content\/uploads\/2025\/09\/IMG_5138-scaled.jpg 2338w, https:\/\/colomboarchitecture.com\/wp-content\/uploads\/2025\/09\/IMG_5138-274x300.jpg 274w, https:\/\/colomboarchitecture.com\/wp-content\/uploads\/2025\/09\/IMG_5138-935x1024.jpg 935w, https:\/\/colomboarchitecture.com\/wp-content\/uploads\/2025\/09\/IMG_5138-768x841.jpg 768w, https:\/\/colomboarchitecture.com\/wp-content\/uploads\/2025\/09\/IMG_5138-1403x1536.jpg 1403w, https:\/\/colomboarchitecture.com\/wp-content\/uploads\/2025\/09\/IMG_5138-1871x2048.jpg 1871w\" sizes=\"(max-width: 2338px) 100vw, 2338px\" \/>\t\t\t\t\t\t\t\t\t\t\t\t\t\t\t<\/div>\n\t\t\t\t<\/div>\n\t\t\t\t<\/div>\n\t\t<div class=\"elementor-element elementor-element-62491f4 e-con-full e-flex e-con e-parent\" data-id=\"62491f4\" data-element_type=\"container\">\n\t\t<div class=\"elementor-element elementor-element-b120033 e-con-full e-flex e-con e-child\" data-id=\"b120033\" data-element_type=\"container\">\n\t\t\t\t<div class=\"elementor-element elementor-element-43434ac elementor-widget elementor-widget-image\" data-id=\"43434ac\" data-element_type=\"widget\" data-widget_type=\"image.default\">\n\t\t\t\t\t\t\t\t\t\t\t\t\t\t\t<img decoding=\"async\" width=\"1920\" height=\"2560\" src=\"https:\/\/colomboarchitecture.com\/wp-content\/uploads\/2025\/09\/IMG_6532-scaled.jpg\" class=\"attachment-full size-full wp-image-252\" alt=\"\" srcset=\"https:\/\/colomboarchitecture.com\/wp-content\/uploads\/2025\/09\/IMG_6532-scaled.jpg 1920w, https:\/\/colomboarchitecture.com\/wp-content\/uploads\/2025\/09\/IMG_6532-225x300.jpg 225w, https:\/\/colomboarchitecture.com\/wp-content\/uploads\/2025\/09\/IMG_6532-768x1024.jpg 768w, https:\/\/colomboarchitecture.com\/wp-content\/uploads\/2025\/09\/IMG_6532-1152x1536.jpg 1152w, https:\/\/colomboarchitecture.com\/wp-content\/uploads\/2025\/09\/IMG_6532-1536x2048.jpg 1536w\" sizes=\"(max-width: 1920px) 100vw, 1920px\" \/>\t\t\t\t\t\t\t\t\t\t\t\t\t\t\t<\/div>\n\t\t\t\t<\/div>\n\t\t<div class=\"elementor-element elementor-element-39bcba5 e-con-full e-flex e-con e-child\" data-id=\"39bcba5\" data-element_type=\"container\">\n\t\t\t\t<div class=\"elementor-element elementor-element-94ff402 elementor-widget elementor-widget-text-editor\" data-id=\"94ff402\" data-element_type=\"widget\" data-widget_type=\"text-editor.default\">\n\t\t\t\t\t\t\t\t\t<p><span style=\"color: #333333;\"><strong>\u00bfQu\u00e9 servicios ofrece su estudio de arquitectura?<\/strong><\/span><br \/>En Colombo Architecture ofrecemos servicios completos: servicios de llave en mano, consultor\u00eda inmobiliaria, dise\u00f1o arquitect\u00f3nico, dise\u00f1o de interiores, dise\u00f1o de muebles a medida, gesti\u00f3n de licencias y permisos de construccion e instalaciones estructurales. Desde encontrar la propiedad perfecta para reformar hasta dise\u00f1ar y construir tu espacio so\u00f1ado, estamos contigo en cada paso del camino.<\/p><p><span style=\"color: #333333;\"><strong>\u00bfC\u00f3mo encontrar la propiedad ideal para reformar?<\/strong><\/span><br \/>Nuestro servicio de consultor\u00eda inmobiliaria est\u00e1 dise\u00f1ado para encontrar propiedades con potencial que se ajusten a sus necesidades. Analizamos factores como ubicaci\u00f3n, estructura y potencial de inversi\u00f3n. Te acompa\u00f1amos para que encuentres una propiedad ideal para tu proyecto de reforma.<\/p><p><span style=\"color: #333333;\"><strong>\u00bfQu\u00e9 diferencia hay entre dise\u00f1o de interiores y dise\u00f1o arquitect\u00f3nico?<\/strong><\/span><br \/>El dise\u00f1o arquitect\u00f3nico define la estructura y distribuci\u00f3n de un edificio, mientras que el dise\u00f1o de interiores se centra en los aspectos visuales y funcionales del espacio, como los colores, muebles e iluminaci\u00f3n. En Colombo Architecture unimos ambos servicios para crear espacios \u00fanicos y perfectamente integrados.<\/p>\t\t\t\t\t\t\t\t<\/div>\n\t\t\t\t<\/div>\n\t\t\t\t<\/div>\n\t\t<div class=\"elementor-element elementor-element-4c6941b e-con-full e-flex e-con e-parent\" data-id=\"4c6941b\" data-element_type=\"container\">\n\t\t<div class=\"elementor-element elementor-element-75baa7b e-con-full e-flex e-con e-child\" data-id=\"75baa7b\" data-element_type=\"container\">\n\t\t\t\t<div class=\"elementor-element elementor-element-e3e9cc1 elementor-widget elementor-widget-text-editor\" data-id=\"e3e9cc1\" data-element_type=\"widget\" data-widget_type=\"text-editor.default\">\n\t\t\t\t\t\t\t\t\t<p><span style=\"color: #333333;\"><strong>\u00bfQu\u00e9 significa un servicio llave en mano?<\/strong><\/span><br \/>Un servicio llave en mano significa que nos encargamos de todo: desde buscar la propiedad, dise\u00f1ar el proyecto, obtener permisos y gestionar la construcci\u00f3n, hasta el dise\u00f1o de interiores, la creaci\u00f3n de muebles a medida y toques finales. Todo lo que necesitas est\u00e1 en nuestras manos, asegurando un proceso fluido y un resultado final impecable.<\/p><p><span style=\"color: #333333;\"><strong>\u00bfOfrecen dise\u00f1o de muebles a medida?<\/strong><\/span><br \/>Absolutely! We specialize in bespoke furniture design, crafting custom pieces that perfectly fit your space and reflect your personal style. From kitchens and wardrobes to unique lighting fixtures, our designers work closely with you to create functional and beautiful pieces that enhance your home&#8217;s overall design and provide storage for all your needs, leaving spaces neat and organized.<\/p><p><span style=\"color: #333333;\"><strong>\u00bfOfrecen servicios fuera de Espa\u00f1a?<\/strong><\/span><br \/>Yes, we provide our full range of architectural and design services internationally. Our global experience which includes projects in (Spain, Italy, Belgium, the USA, among others) enables us to navigate different cultural contexts, regulations, and logistical challenges. Whether your project is in Barcelona or elsewhere around the world, we&#8217;re equipped to manage it efficiently and effectively.<\/p>\t\t\t\t\t\t\t\t<\/div>\n\t\t\t\t<\/div>\n\t\t<div class=\"elementor-element elementor-element-310666a e-con-full e-flex e-con e-child\" data-id=\"310666a\" data-element_type=\"container\">\n\t\t\t\t<div class=\"elementor-element elementor-element-9be555c elementor-widget elementor-widget-image\" data-id=\"9be555c\" data-element_type=\"widget\" data-widget_type=\"image.default\">\n\t\t\t\t\t\t\t\t\t\t\t\t\t\t\t<img decoding=\"async\" width=\"1920\" height=\"2560\" src=\"https:\/\/colomboarchitecture.com\/wp-content\/uploads\/2025\/09\/1_IMG_4651-scaled.jpg\" class=\"attachment-full size-full wp-image-253\" alt=\"\" srcset=\"https:\/\/colomboarchitecture.com\/wp-content\/uploads\/2025\/09\/1_IMG_4651-scaled.jpg 1920w, https:\/\/colomboarchitecture.com\/wp-content\/uploads\/2025\/09\/1_IMG_4651-225x300.jpg 225w, https:\/\/colomboarchitecture.com\/wp-content\/uploads\/2025\/09\/1_IMG_4651-768x1024.jpg 768w, https:\/\/colomboarchitecture.com\/wp-content\/uploads\/2025\/09\/1_IMG_4651-1152x1536.jpg 1152w, https:\/\/colomboarchitecture.com\/wp-content\/uploads\/2025\/09\/1_IMG_4651-1536x2048.jpg 1536w\" sizes=\"(max-width: 1920px) 100vw, 1920px\" \/>\t\t\t\t\t\t\t\t\t\t\t\t\t\t\t<\/div>\n\t\t\t\t<\/div>\n\t\t\t\t<\/div>\n\t\t<div class=\"elementor-element elementor-element-37031d7 e-con-full e-flex e-con e-parent\" data-id=\"37031d7\" data-element_type=\"container\">\n\t\t<div class=\"elementor-element elementor-element-d42cc7c e-con-full e-flex e-con e-child\" data-id=\"d42cc7c\" data-element_type=\"container\">\n\t\t\t\t<div class=\"elementor-element elementor-element-81214ac elementor-widget elementor-widget-image\" data-id=\"81214ac\" data-element_type=\"widget\" data-widget_type=\"image.default\">\n\t\t\t\t\t\t\t\t\t\t\t\t\t\t\t<img loading=\"lazy\" decoding=\"async\" width=\"2500\" height=\"1667\" src=\"https:\/\/colomboarchitecture.com\/wp-content\/uploads\/2025\/09\/2872COURSEColomboandSerboliArchitectureA_S032.jpg\" class=\"attachment-full size-full wp-image-254\" alt=\"\" srcset=\"https:\/\/colomboarchitecture.com\/wp-content\/uploads\/2025\/09\/2872COURSEColomboandSerboliArchitectureA_S032.jpg 2500w, https:\/\/colomboarchitecture.com\/wp-content\/uploads\/2025\/09\/2872COURSEColomboandSerboliArchitectureA_S032-300x200.jpg 300w, https:\/\/colomboarchitecture.com\/wp-content\/uploads\/2025\/09\/2872COURSEColomboandSerboliArchitectureA_S032-1024x683.jpg 1024w, https:\/\/colomboarchitecture.com\/wp-content\/uploads\/2025\/09\/2872COURSEColomboandSerboliArchitectureA_S032-768x512.jpg 768w, https:\/\/colomboarchitecture.com\/wp-content\/uploads\/2025\/09\/2872COURSEColomboandSerboliArchitectureA_S032-1536x1024.jpg 1536w, https:\/\/colomboarchitecture.com\/wp-content\/uploads\/2025\/09\/2872COURSEColomboandSerboliArchitectureA_S032-2048x1366.jpg 2048w\" sizes=\"(max-width: 2500px) 100vw, 2500px\" \/>\t\t\t\t\t\t\t\t\t\t\t\t\t\t\t<\/div>\n\t\t\t\t<\/div>\n\t\t<div class=\"elementor-element elementor-element-f4662b4 e-con-full e-flex e-con e-child\" data-id=\"f4662b4\" data-element_type=\"container\">\n\t\t\t\t<div class=\"elementor-element elementor-element-d81ff55 elementor-widget elementor-widget-text-editor\" data-id=\"d81ff55\" data-element_type=\"widget\" data-widget_type=\"text-editor.default\">\n\t\t\t\t\t\t\t\t\t<p><span style=\"color: #333333;\"><strong>What is sustainable architecture, and do you offer eco-friendly design solutions?<\/strong><\/span><br \/>Sustainable architecture focuses on minimizing environmental impact through energy efficiency, sustainable materials, and thoughtful design. We are committed to eco-friendly practices and offer sustainable design solutions to create spaces that are not only beautiful and functional but also environmentally responsible.<\/p><p><span style=\"color: #333333;\"><strong>How do I choose the right architect for my project?<\/strong><\/span><br \/>Choosing the right architect involves considering their experience, style, range of services, and ability to understand your vision. Our firm prides itself on a client-centered approach, we craft each project around each client, its brief and location, offering personalized services, transparent communication, and a diverse portfolio of successful projects. Every project is different. We&#8217;re happy to discuss your needs and show you how we can bring your ideas to life.<\/p><p><span style=\"color: #333333;\"><strong>What is the architectural design process like with your firm?<\/strong><\/span><br \/>Our architectural design process is collaborative and client-focused. It begins with an initial consultation to understand your needs, preferences, and vision. We then proceed through concept development, design refinement, obtaining necessary permits, and finally, overseeing construction. Throughout the process, we maintain open communication to ensure the final result exceeds your expectations.<\/p>\t\t\t\t\t\t\t\t<\/div>\n\t\t\t\t<\/div>\n\t\t\t\t<\/div>\n\t\t<div class=\"elementor-element elementor-element-fdcdd4a e-con-full e-flex e-con e-parent\" data-id=\"fdcdd4a\" data-element_type=\"container\">\n\t\t<div class=\"elementor-element elementor-element-f881f9a e-con-full e-flex e-con e-child\" data-id=\"f881f9a\" data-element_type=\"container\">\n\t\t\t\t<div class=\"elementor-element elementor-element-1b9b643 elementor-widget elementor-widget-text-editor\" data-id=\"1b9b643\" data-element_type=\"widget\" data-widget_type=\"text-editor.default\">\n\t\t\t\t\t\t\t\t\t<p><span style=\"color: #333333;\"><strong>What is construction management, and why is it important?<\/strong><\/span><br \/>Construction management involves overseeing the planning, design, and construction phases of a project to ensure it&#8217;s completed on time, within budget, and to the desired quality standards. Our construction management services provide you with peace of mind, as we coordinate all aspects of the build, manage contractors, and address any issues that arise, ensuring a smooth and successful project delivery.<\/p><p><span style=\"color: #333333;\"><strong>Do you offer renovation and restoration services for historic buildings?<\/strong><\/span><br \/>Yes, we have experience in renovating and restoring historic buildings, respecting their heritage while integrating modern functionality and design elements. Our team is skilled in navigating the complexities of working with older structures, including compliance with preservation regulations and sourcing appropriate materials.<\/p><p><span style=\"color: #333333;\"><strong>How involved will I be in the design process?<\/strong><\/span><br \/>We encourage our clients to be as involved as they wish in the design process. Your input is invaluable in creating a space that truly reflects your personality and meets your needs. We provide regular updates, design presentations, and welcome your feedback at every stage.<\/p><p><span style=\"color: #333333;\"><strong>What sets your architectural firm apart from others?<\/strong><\/span><br \/>Our firm combines innovative design with a personalized approach, offering a full suite of services from property consulting to bespoke furniture design. We focus on creating unique, functional spaces tailored to each client, with an emphasis on quality, sustainability, and attention to detail. Our international experience and turnkey solutions make us a one-stop destination for all your architectural and design needs.<\/p><p><em>Moreover, our firm brings a distinctly Italian approach to design quality.<\/em><\/p>\t\t\t\t\t\t\t\t<\/div>\n\t\t\t\t<\/div>\n\t\t<div class=\"elementor-element elementor-element-c5afce4 e-con-full e-flex e-con e-child\" data-id=\"c5afce4\" data-element_type=\"container\">\n\t\t\t\t<div class=\"elementor-element elementor-element-1387839 elementor-widget elementor-widget-image\" data-id=\"1387839\" data-element_type=\"widget\" data-widget_type=\"image.default\">\n\t\t\t\t\t\t\t\t\t\t\t\t\t\t\t<img decoding=\"async\" width=\"1920\" height=\"2560\" src=\"https:\/\/colomboarchitecture.com\/wp-content\/uploads\/2025\/09\/1_IMG_4651-scaled.jpg\" class=\"attachment-full size-full wp-image-253\" alt=\"\" srcset=\"https:\/\/colomboarchitecture.com\/wp-content\/uploads\/2025\/09\/1_IMG_4651-scaled.jpg 1920w, https:\/\/colomboarchitecture.com\/wp-content\/uploads\/2025\/09\/1_IMG_4651-225x300.jpg 225w, https:\/\/colomboarchitecture.com\/wp-content\/uploads\/2025\/09\/1_IMG_4651-768x1024.jpg 768w, https:\/\/colomboarchitecture.com\/wp-content\/uploads\/2025\/09\/1_IMG_4651-1152x1536.jpg 1152w, https:\/\/colomboarchitecture.com\/wp-content\/uploads\/2025\/09\/1_IMG_4651-1536x2048.jpg 1536w\" sizes=\"(max-width: 1920px) 100vw, 1920px\" \/>\t\t\t\t\t\t\t\t\t\t\t\t\t\t\t<\/div>\n\t\t\t\t<\/div>\n\t\t\t\t<\/div>\n\t\t<div class=\"elementor-element elementor-element-00038d1 e-con-full e-flex e-con e-parent\" data-id=\"00038d1\" data-element_type=\"container\">\n\t\t<div class=\"elementor-element elementor-element-d322114 e-con-full e-flex e-con e-child\" data-id=\"d322114\" data-element_type=\"container\">\n\t\t\t\t<div class=\"elementor-element elementor-element-bc152ad elementor-widget elementor-widget-image\" data-id=\"bc152ad\" data-element_type=\"widget\" data-widget_type=\"image.default\">\n\t\t\t\t\t\t\t\t\t\t\t\t\t\t\t<img loading=\"lazy\" decoding=\"async\" width=\"768\" height=\"1024\" src=\"https:\/\/colomboarchitecture.com\/wp-content\/uploads\/2025\/09\/PHOTO-2023-09-26-11-52-558-768x1024.jpg\" class=\"attachment-large size-large wp-image-256\" alt=\"\" srcset=\"https:\/\/colomboarchitecture.com\/wp-content\/uploads\/2025\/09\/PHOTO-2023-09-26-11-52-558-768x1024.jpg 768w, https:\/\/colomboarchitecture.com\/wp-content\/uploads\/2025\/09\/PHOTO-2023-09-26-11-52-558-225x300.jpg 225w, https:\/\/colomboarchitecture.com\/wp-content\/uploads\/2025\/09\/PHOTO-2023-09-26-11-52-558-1152x1536.jpg 1152w, https:\/\/colomboarchitecture.com\/wp-content\/uploads\/2025\/09\/PHOTO-2023-09-26-11-52-558.jpg 1536w\" sizes=\"(max-width: 768px) 100vw, 768px\" \/>\t\t\t\t\t\t\t\t\t\t\t\t\t\t\t<\/div>\n\t\t\t\t<\/div>\n\t\t<div class=\"elementor-element elementor-element-e6248b1 e-con-full e-flex e-con e-child\" data-id=\"e6248b1\" data-element_type=\"container\">\n\t\t\t\t<div class=\"elementor-element elementor-element-30657ed elementor-widget elementor-widget-heading\" data-id=\"30657ed\" data-element_type=\"widget\" data-widget_type=\"heading.default\">\n\t\t\t\t\t<h2 class=\"elementor-heading-title elementor-size-default\">Cont\u00e1ctanos para discutir tu proyecto.\n<\/h2>\t\t\t\t<\/div>\n\t\t\t\t<div class=\"elementor-element elementor-element-85197ea elementor-button-align-start elementor-widget elementor-widget-form\" data-id=\"85197ea\" data-element_type=\"widget\" data-settings=\"{&quot;step_next_label&quot;:&quot;Next&quot;,&quot;step_previous_label&quot;:&quot;Previous&quot;,&quot;button_width&quot;:&quot;100&quot;,&quot;step_type&quot;:&quot;number_text&quot;,&quot;step_icon_shape&quot;:&quot;circle&quot;}\" data-widget_type=\"form.default\">\n\t\t\t\t\t\t\t<form class=\"elementor-form\" method=\"post\" name=\"New Form\" aria-label=\"New Form\" action=\"\">\n\t\t\t<input type=\"hidden\" name=\"post_id\" value=\"248\"\/>\n\t\t\t<input type=\"hidden\" name=\"form_id\" value=\"85197ea\"\/>\n\t\t\t<input type=\"hidden\" name=\"referer_title\" value=\"Frequently Asked Questions\" \/>\n\n\t\t\t\t\t\t\t<input type=\"hidden\" name=\"queried_id\" value=\"248\"\/>\n\t\t\t\n\t\t\t<div class=\"elementor-form-fields-wrapper elementor-labels-above\">\n\t\t\t\t\t\t\t\t<div class=\"elementor-field-type-email elementor-field-group elementor-column elementor-field-group-email elementor-col-100 elementor-field-required\">\n\t\t\t\t\t\t\t\t\t\t\t\t<label for=\"form-field-email\" class=\"elementor-field-label\">\n\t\t\t\t\t\t\t\tEmail (obligatorio)\t\t\t\t\t\t\t<\/label>\n\t\t\t\t\t\t\t\t\t\t\t\t\t\t<input size=\"1\" type=\"email\" name=\"form_fields[email]\" id=\"form-field-email\" class=\"elementor-field elementor-size-sm  elementor-field-textual\" required=\"required\">\n\t\t\t\t\t\t\t\t\t\t\t<\/div>\n\t\t\t\t\t\t\t\t<div class=\"elementor-field-type-textarea elementor-field-group elementor-column elementor-field-group-message elementor-col-100 elementor-field-required\">\n\t\t\t\t\t\t\t\t\t\t\t\t<label for=\"form-field-message\" class=\"elementor-field-label\">\n\t\t\t\t\t\t\t\tMensaje (obligatorio)\t\t\t\t\t\t\t<\/label>\n\t\t\t\t\t\t<textarea class=\"elementor-field-textual elementor-field  elementor-size-sm\" name=\"form_fields[message]\" id=\"form-field-message\" rows=\"4\" required=\"required\"><\/textarea>\t\t\t\t<\/div>\n\t\t\t\t\t\t\t\t<div class=\"elementor-field-group elementor-column elementor-field-type-submit elementor-col-100 e-form__buttons\">\n\t\t\t\t\t<button class=\"elementor-button elementor-size-lg\" type=\"submit\">\n\t\t\t\t\t\t<span class=\"elementor-button-content-wrapper\">\n\t\t\t\t\t\t\t\t\t\t\t\t\t\t\t\t\t\t\t\t\t\t<span class=\"elementor-button-text\">Enviar<\/span>\n\t\t\t\t\t\t\t\t\t\t\t\t\t<\/span>\n\t\t\t\t\t<\/button>\n\t\t\t\t<\/div>\n\t\t\t<\/div>\n\t\t<input type=\"hidden\" name=\"trp-form-language\" value=\"es\"\/><\/form>\n\t\t\t\t\t\t<\/div>\n\t\t\t\t<\/div>\n\t\t\t\t<\/div>\n\t\t\t\t<\/div>","protected":false},"excerpt":{"rendered":"<p>Frequently Asked Questions What is contemporary architecture?Contemporary architecture is characterised by an innovative approach that embraces modern technology, new materials, and a departure from traditional architectural norms. Some key features of contemporary architecture include: Use of New Materials: Incorporates advanced materials like glass, steel, concrete, and sustainable resources, emphasising transparency, strength, and eco-friendliness. Innovative Forms [&hellip;]<\/p>","protected":false},"author":1,"featured_media":0,"parent":0,"menu_order":0,"comment_status":"closed","ping_status":"closed","template":"","meta":{"footnotes":""},"class_list":["post-248","page","type-page","status-publish","hentry"],"_links":{"self":[{"href":"https:\/\/colomboarchitecture.com\/es\/wp-json\/wp\/v2\/pages\/248","targetHints":{"allow":["GET"]}}],"collection":[{"href":"https:\/\/colomboarchitecture.com\/es\/wp-json\/wp\/v2\/pages"}],"about":[{"href":"https:\/\/colomboarchitecture.com\/es\/wp-json\/wp\/v2\/types\/page"}],"author":[{"embeddable":true,"href":"https:\/\/colomboarchitecture.com\/es\/wp-json\/wp\/v2\/users\/1"}],"replies":[{"embeddable":true,"href":"https:\/\/colomboarchitecture.com\/es\/wp-json\/wp\/v2\/comments?post=248"}],"version-history":[{"count":7,"href":"https:\/\/colomboarchitecture.com\/es\/wp-json\/wp\/v2\/pages\/248\/revisions"}],"predecessor-version":[{"id":1208,"href":"https:\/\/colomboarchitecture.com\/es\/wp-json\/wp\/v2\/pages\/248\/revisions\/1208"}],"wp:attachment":[{"href":"https:\/\/colomboarchitecture.com\/es\/wp-json\/wp\/v2\/media?parent=248"}],"curies":[{"name":"wp","href":"https:\/\/api.w.org\/{rel}","templated":true}]}}