{"id":1071,"date":"2025-10-05T15:27:23","date_gmt":"2025-10-05T15:27:23","guid":{"rendered":"https:\/\/colomboarchitecture.com\/?page_id=1071"},"modified":"2025-11-15T11:01:23","modified_gmt":"2025-11-15T11:01:23","slug":"pdg-bookshelf-and-cabinet-system","status":"publish","type":"page","link":"https:\/\/colomboarchitecture.com\/es\/pdg-bookshelf-and-cabinet-system\/","title":{"rendered":"PdG Bookshelf and Cabinet System"},"content":{"rendered":"<div data-elementor-type=\"wp-page\" data-elementor-id=\"1071\" class=\"elementor elementor-1071\" data-elementor-post-type=\"page\">\n\t\t\t\t<div class=\"elementor-element elementor-element-9a9d110 e-con-full e-flex e-con e-parent\" data-id=\"9a9d110\" data-element_type=\"container\" data-settings=\"{&quot;background_background&quot;:&quot;classic&quot;}\">\n\t\t\t\t<div class=\"elementor-element elementor-element-d262f63 elementor-widget elementor-widget-spacer\" data-id=\"d262f63\" data-element_type=\"widget\" data-widget_type=\"spacer.default\">\n\t\t\t\t\t\t\t<div class=\"elementor-spacer\">\n\t\t\t<div class=\"elementor-spacer-inner\"><\/div>\n\t\t<\/div>\n\t\t\t\t\t\t<\/div>\n\t\t\t\t<\/div>\n\t\t<div class=\"elementor-element elementor-element-546147b e-con-full e-flex e-con e-parent\" data-id=\"546147b\" data-element_type=\"container\">\n\t\t<div class=\"elementor-element elementor-element-44e2889 e-con-full e-flex e-con e-child\" data-id=\"44e2889\" data-element_type=\"container\">\n\t\t\t\t<div class=\"elementor-element elementor-element-4c1374b elementor-widget elementor-widget-heading\" data-id=\"4c1374b\" data-element_type=\"widget\" data-widget_type=\"heading.default\">\n\t\t\t\t\t<h1 class=\"elementor-heading-title elementor-size-default\">PdG Bookshelf &amp; Cabinet System\n<\/h1>\t\t\t\t<\/div>\n\t\t\t\t<div class=\"elementor-element elementor-element-6f2e96c elementor-widget elementor-widget-text-editor\" data-id=\"6f2e96c\" data-element_type=\"widget\" data-widget_type=\"text-editor.default\">\n\t\t\t\t\t\t\t\t\t<h4>2018<\/h4>\t\t\t\t\t\t\t\t<\/div>\n\t\t\t\t<\/div>\n\t\t<div class=\"elementor-element elementor-element-7ed9e33 e-con-full e-flex e-con e-child\" data-id=\"7ed9e33\" data-element_type=\"container\">\n\t\t\t\t<div class=\"elementor-element elementor-element-4a028c4 elementor-widget elementor-widget-text-editor\" data-id=\"4a028c4\" data-element_type=\"widget\" data-widget_type=\"text-editor.default\">\n\t\t\t\t\t\t\t\t\t<p class=\"sqsrte-small\"><strong>CATEGOR\u00cdA<br \/><\/strong><\/p><p class=\"sqsrte-small\">Dise\u00f1o De Mobiliario<br \/><br \/><strong>EQUIPO<br \/><br \/><\/strong>COLOMBO AND SERBOLI ARCHITECTURE\u00a0<\/p><p class=\"sqsrte-small\"><strong>SUPERFICIE<br \/><\/strong><\/p><p class=\"sqsrte-small\">TEXT<\/p><p class=\"sqsrte-small\"><strong>ESTADO<br \/><\/strong><\/p><p class=\"sqsrte-small\">TEXT<\/p><p class=\"sqsrte-small\"><strong>FOTOGRAF\u00cdA<br \/><\/strong><\/p><p class=\"sqsrte-small\"><a href=\"http:\/\/www.robertoruiz.eu\/\">ROBERTO RUIZ<\/a><\/p>\t\t\t\t\t\t\t\t<\/div>\n\t\t\t\t<\/div>\n\t\t<div class=\"elementor-element elementor-element-5d8185a e-con-full e-flex e-con e-child\" data-id=\"5d8185a\" data-element_type=\"container\">\n\t\t\t\t<div class=\"elementor-element elementor-element-363c8a3 elementor-widget elementor-widget-text-editor\" data-id=\"363c8a3\" data-element_type=\"widget\" data-widget_type=\"text-editor.default\">\n\t\t\t\t\t\t\t\t\t<p class=\"\">Dise\u00f1ado para nuestro proyecto Paseo de Gracia Penthouse, este elemento integra armarios y estanter\u00edas, y disimula los equipos de aire acondicionado.<\/p><p class=\"\">Este amplio mueble a medida incorpora varias puertas correderas de 90 cm de ancho, enmarcadas en metal blanco: algunas se revisten con espejo tintado en tono bronce y otras con rejilla de mimbre trenzado. Ambos materiales aportan calidez al ambiente. Los espejos permiten reflejar y crear nuevas vistas, haciendo que la mirada rebote en el espacio en lugar de encontrarse con un muro o una superficie. El mimbre, por su parte, suaviza la atm\u00f3sfera y aporta cualidades de absorci\u00f3n ac\u00fastica.<\/p><p class=\"\">La librer\u00eda se compone de una estructura tubular de metal negro, acabada con pintura texturizada color grafito y detallada con pies y torniller\u00eda de lat\u00f3n, que aportan un toque dorado. Sus cilindros robustos sostienen gruesas baldas lacadas en color arena, a la vez que envuelven los m\u00f3dulos bajos que esconden m\u00e1s almacenamiento y los dispositivos de climatizaci\u00f3n. El rodapi\u00e9 en la parte inferior de los m\u00f3dulos est\u00e1 perforado para permitir la ventilaci\u00f3n de los equipos.<\/p><p class=\"\">En Paseo de Gracia, el conjunto define y completa el espacio de estar y comedor de 84 m\u00b2, reflejando im\u00e1genes del precioso skyline.\u00a0<\/p>\t\t\t\t\t\t\t\t<\/div>\n\t\t\t\t<\/div>\n\t\t\t\t<\/div>\n\t\t<div class=\"elementor-element elementor-element-ed1c59f e-con-full e-flex e-con e-parent\" data-id=\"ed1c59f\" data-element_type=\"container\">\n\t\t<div class=\"elementor-element elementor-element-9e09b81 e-con-full e-flex e-con e-child\" data-id=\"9e09b81\" data-element_type=\"container\">\n\t\t\t\t<div class=\"elementor-element elementor-element-d24fa80 elementor-widget elementor-widget-image\" data-id=\"d24fa80\" data-element_type=\"widget\" data-widget_type=\"image.default\">\n\t\t\t\t\t\t\t\t\t\t\t\t\t\t\t<img fetchpriority=\"high\" decoding=\"async\" width=\"2500\" height=\"1664\" src=\"https:\/\/colomboarchitecture.com\/wp-content\/uploads\/2025\/10\/084_DSC_8971.jpg\" class=\"attachment-full size-full wp-image-1074\" alt=\"\" srcset=\"https:\/\/colomboarchitecture.com\/wp-content\/uploads\/2025\/10\/084_DSC_8971.jpg 2500w, https:\/\/colomboarchitecture.com\/wp-content\/uploads\/2025\/10\/084_DSC_8971-300x200.jpg 300w, https:\/\/colomboarchitecture.com\/wp-content\/uploads\/2025\/10\/084_DSC_8971-1024x682.jpg 1024w, https:\/\/colomboarchitecture.com\/wp-content\/uploads\/2025\/10\/084_DSC_8971-768x511.jpg 768w, https:\/\/colomboarchitecture.com\/wp-content\/uploads\/2025\/10\/084_DSC_8971-1536x1022.jpg 1536w, https:\/\/colomboarchitecture.com\/wp-content\/uploads\/2025\/10\/084_DSC_8971-2048x1363.jpg 2048w\" sizes=\"(max-width: 2500px) 100vw, 2500px\" \/>\t\t\t\t\t\t\t\t\t\t\t\t\t\t\t<\/div>\n\t\t\t\t<\/div>\n\t\t\t\t<\/div>\n\t\t<div class=\"elementor-element elementor-element-cb4eb63 e-con-full e-flex e-con e-parent\" data-id=\"cb4eb63\" data-element_type=\"container\">\n\t\t<div class=\"elementor-element elementor-element-705d171 e-con-full e-flex e-con e-child\" data-id=\"705d171\" data-element_type=\"container\">\n\t\t\t\t<div class=\"elementor-element elementor-element-57edec8 elementor-widget elementor-widget-image\" data-id=\"57edec8\" data-element_type=\"widget\" data-widget_type=\"image.default\">\n\t\t\t\t\t\t\t\t\t\t\t\t\t\t\t<img decoding=\"async\" src=\"https:\/\/colomboarchitecture.com\/wp-content\/uploads\/2025\/10\/PdG_Moleskine_1copia.png\" title=\"\" alt=\"\" loading=\"lazy\" \/>\t\t\t\t\t\t\t\t\t\t\t\t\t\t\t<\/div>\n\t\t\t\t<div class=\"elementor-element elementor-element-139f72c elementor-widget elementor-widget-image\" data-id=\"139f72c\" data-element_type=\"widget\" data-widget_type=\"image.default\">\n\t\t\t\t\t\t\t\t\t\t\t\t\t\t\t<img decoding=\"async\" width=\"798\" height=\"1200\" src=\"https:\/\/colomboarchitecture.com\/wp-content\/uploads\/2025\/10\/080_DSC_7258-SLIDESHOW.gif\" class=\"attachment-full size-full wp-image-1076\" alt=\"\" \/>\t\t\t\t\t\t\t\t\t\t\t\t\t\t\t<\/div>\n\t\t\t\t<\/div>\n\t\t<div class=\"elementor-element elementor-element-a846917 e-con-full e-flex e-con e-child\" data-id=\"a846917\" data-element_type=\"container\">\n\t\t\t\t<div class=\"elementor-element elementor-element-dd8f488 elementor-widget elementor-widget-image\" data-id=\"dd8f488\" data-element_type=\"widget\" data-widget_type=\"image.default\">\n\t\t\t\t\t\t\t\t\t\t\t\t\t\t\t<img decoding=\"async\" width=\"849\" height=\"1080\" src=\"https:\/\/colomboarchitecture.com\/wp-content\/uploads\/2025\/10\/11_Paseo_de_Gracia_Penthouse.jpg\" class=\"attachment-full size-full wp-image-1077\" alt=\"\" srcset=\"https:\/\/colomboarchitecture.com\/wp-content\/uploads\/2025\/10\/11_Paseo_de_Gracia_Penthouse.jpg 849w, https:\/\/colomboarchitecture.com\/wp-content\/uploads\/2025\/10\/11_Paseo_de_Gracia_Penthouse-236x300.jpg 236w, https:\/\/colomboarchitecture.com\/wp-content\/uploads\/2025\/10\/11_Paseo_de_Gracia_Penthouse-805x1024.jpg 805w, https:\/\/colomboarchitecture.com\/wp-content\/uploads\/2025\/10\/11_Paseo_de_Gracia_Penthouse-768x977.jpg 768w\" sizes=\"(max-width: 849px) 100vw, 849px\" \/>\t\t\t\t\t\t\t\t\t\t\t\t\t\t\t<\/div>\n\t\t\t\t<\/div>\n\t\t\t\t<\/div>\n\t\t<div class=\"elementor-element elementor-element-0c1f027 e-con-full e-flex e-con e-parent\" data-id=\"0c1f027\" data-element_type=\"container\">\n\t\t<div class=\"elementor-element elementor-element-cd9661b e-con-full e-flex e-con e-child\" data-id=\"cd9661b\" data-element_type=\"container\">\n\t\t\t\t<div class=\"elementor-element elementor-element-15c94da elementor-widget elementor-widget-image\" data-id=\"15c94da\" data-element_type=\"widget\" data-widget_type=\"image.default\">\n\t\t\t\t\t\t\t\t\t\t\t\t\t\t\t<img loading=\"lazy\" decoding=\"async\" width=\"2500\" height=\"1664\" src=\"https:\/\/colomboarchitecture.com\/wp-content\/uploads\/2025\/10\/078_DSC_9321.jpg\" class=\"attachment-full size-full wp-image-1078\" alt=\"\" srcset=\"https:\/\/colomboarchitecture.com\/wp-content\/uploads\/2025\/10\/078_DSC_9321.jpg 2500w, https:\/\/colomboarchitecture.com\/wp-content\/uploads\/2025\/10\/078_DSC_9321-300x200.jpg 300w, https:\/\/colomboarchitecture.com\/wp-content\/uploads\/2025\/10\/078_DSC_9321-1024x682.jpg 1024w, https:\/\/colomboarchitecture.com\/wp-content\/uploads\/2025\/10\/078_DSC_9321-768x511.jpg 768w, https:\/\/colomboarchitecture.com\/wp-content\/uploads\/2025\/10\/078_DSC_9321-1536x1022.jpg 1536w, https:\/\/colomboarchitecture.com\/wp-content\/uploads\/2025\/10\/078_DSC_9321-2048x1363.jpg 2048w\" sizes=\"(max-width: 2500px) 100vw, 2500px\" \/>\t\t\t\t\t\t\t\t\t\t\t\t\t\t\t<\/div>\n\t\t\t\t<\/div>\n\t\t\t\t<\/div>\n\t\t<div class=\"elementor-element elementor-element-f5f5cde e-con-full e-flex e-con e-parent\" data-id=\"f5f5cde\" data-element_type=\"container\">\n\t\t<div class=\"elementor-element elementor-element-34421f2 e-con-full e-flex e-con e-child\" data-id=\"34421f2\" data-element_type=\"container\">\n\t\t<div class=\"elementor-element elementor-element-5e4c2d3 e-con-full e-flex e-con e-child\" data-id=\"5e4c2d3\" data-element_type=\"container\">\n\t\t\t\t<div class=\"elementor-element elementor-element-5bc6a26 elementor-widget elementor-widget-image\" data-id=\"5bc6a26\" data-element_type=\"widget\" data-widget_type=\"image.default\">\n\t\t\t\t\t\t\t\t\t\t\t\t\t\t\t<img loading=\"lazy\" decoding=\"async\" width=\"681\" height=\"1024\" src=\"https:\/\/colomboarchitecture.com\/wp-content\/uploads\/2025\/10\/082_DSC_7256-SLIDE-681x1024.gif\" class=\"attachment-large size-large wp-image-1079\" alt=\"\" srcset=\"https:\/\/colomboarchitecture.com\/wp-content\/uploads\/2025\/10\/082_DSC_7256-SLIDE-681x1024.gif 681w, https:\/\/colomboarchitecture.com\/wp-content\/uploads\/2025\/10\/082_DSC_7256-SLIDE-200x300.gif 200w, https:\/\/colomboarchitecture.com\/wp-content\/uploads\/2025\/10\/082_DSC_7256-SLIDE-768x1155.gif 768w\" sizes=\"(max-width: 681px) 100vw, 681px\" \/>\t\t\t\t\t\t\t\t\t\t\t\t\t\t\t<\/div>\n\t\t\t\t<\/div>\n\t\t<div class=\"elementor-element elementor-element-3c60407 e-con-full e-flex e-con e-child\" data-id=\"3c60407\" data-element_type=\"container\" data-settings=\"{&quot;background_background&quot;:&quot;classic&quot;}\">\n\t\t\t\t<div class=\"elementor-element elementor-element-484b025 elementor-widget elementor-widget-text-editor\" data-id=\"484b025\" data-element_type=\"widget\" data-widget_type=\"text-editor.default\">\n\t\t\t\t\t\t\t\t\t<p>\u00abNos encanta c\u00f3mo esta pieza se integra perfectamente en el espacio, permitiendo apreciar las vistas desde cualquier \u00e1ngulo de la estancia. Gran atenci\u00f3n al detalle.\u00bb<\/p>\t\t\t\t\t\t\t\t<\/div>\n\t\t\t\t<div class=\"elementor-element elementor-element-07ee0ce elementor-widget elementor-widget-text-editor\" data-id=\"07ee0ce\" data-element_type=\"widget\" data-widget_type=\"text-editor.default\">\n\t\t\t\t\t\t\t\t\t<p>\u2014 Wenche and Steinar<\/p>\t\t\t\t\t\t\t\t<\/div>\n\t\t\t\t<\/div>\n\t\t\t\t<\/div>\n\t\t\t\t<\/div>\n\t\t<div class=\"elementor-element elementor-element-a4adad5 e-con-full e-flex e-con e-parent\" data-id=\"a4adad5\" data-element_type=\"container\">\n\t\t<div class=\"elementor-element elementor-element-d3c0031 e-con-full e-flex e-con e-child\" data-id=\"d3c0031\" data-element_type=\"container\">\n\t\t\t\t<div class=\"elementor-element elementor-element-3b1b427 elementor-widget elementor-widget-text-editor\" data-id=\"3b1b427\" data-element_type=\"widget\" data-widget_type=\"text-editor.default\">\n\t\t\t\t\t\t\t\t\t<h4 class=\"translation-block\">Si deseas m\u00e1s informaci\u00f3n sobre este proyecto o hablar sobre una posible colaboraci\u00f3n con nosotros, ponte en contacto en <span style=\"text-decoration: underline\"><a href=\"mailto:info@colomboarchitecture.com?\" target=\"\">info@colomboarchitecture.com<\/a><\/span><\/h4>\t\t\t\t\t\t\t\t<\/div>\n\t\t\t\t<\/div>\n\t\t\t\t<\/div>\n\t\t\t\t<\/div>","protected":false},"excerpt":{"rendered":"<p>PdG Bookshelf &amp; Cabinet System 2018 CATEGORY DESIGN TEAM COLOMBO AND SERBOLI ARCHITECTURE\u00a0 SURFACE TEXT STATUS TEXT PHOTOGRAPHY ROBERTO RUIZ Designed for our Paseo de Gracia Penthouse project, this unit embodies cabinets, bookshelves and disguises Air conditioning machines. This capacious custom made furniture has multiple 90cm wide sliding doors, framed in white metal, some of [&hellip;]<\/p>","protected":false},"author":1,"featured_media":0,"parent":0,"menu_order":0,"comment_status":"closed","ping_status":"closed","template":"","meta":{"footnotes":""},"class_list":["post-1071","page","type-page","status-publish","hentry"],"_links":{"self":[{"href":"https:\/\/colomboarchitecture.com\/es\/wp-json\/wp\/v2\/pages\/1071","targetHints":{"allow":["GET"]}}],"collection":[{"href":"https:\/\/colomboarchitecture.com\/es\/wp-json\/wp\/v2\/pages"}],"about":[{"href":"https:\/\/colomboarchitecture.com\/es\/wp-json\/wp\/v2\/types\/page"}],"author":[{"embeddable":true,"href":"https:\/\/colomboarchitecture.com\/es\/wp-json\/wp\/v2\/users\/1"}],"replies":[{"embeddable":true,"href":"https:\/\/colomboarchitecture.com\/es\/wp-json\/wp\/v2\/comments?post=1071"}],"version-history":[{"count":7,"href":"https:\/\/colomboarchitecture.com\/es\/wp-json\/wp\/v2\/pages\/1071\/revisions"}],"predecessor-version":[{"id":1232,"href":"https:\/\/colomboarchitecture.com\/es\/wp-json\/wp\/v2\/pages\/1071\/revisions\/1232"}],"wp:attachment":[{"href":"https:\/\/colomboarchitecture.com\/es\/wp-json\/wp\/v2\/media?parent=1071"}],"curies":[{"name":"wp","href":"https:\/\/api.w.org\/{rel}","templated":true}]}}