{"id":1051,"date":"2025-10-05T15:23:12","date_gmt":"2025-10-05T15:23:12","guid":{"rendered":"https:\/\/colomboarchitecture.com\/?page_id=1051"},"modified":"2025-11-14T08:21:28","modified_gmt":"2025-11-14T08:21:28","slug":"globe-fold-sconce-by-metalware","status":"publish","type":"page","link":"https:\/\/colomboarchitecture.com\/es\/globe-fold-sconce-by-metalware\/","title":{"rendered":"Globe Fold Sconce by Metalware"},"content":{"rendered":"<div data-elementor-type=\"wp-page\" data-elementor-id=\"1051\" class=\"elementor elementor-1051\" data-elementor-post-type=\"page\">\n\t\t\t\t<div class=\"elementor-element elementor-element-9a9d110 e-con-full e-flex e-con e-parent\" data-id=\"9a9d110\" data-element_type=\"container\" data-settings=\"{&quot;background_background&quot;:&quot;classic&quot;}\">\n\t\t\t\t<div class=\"elementor-element elementor-element-d262f63 elementor-widget elementor-widget-spacer\" data-id=\"d262f63\" data-element_type=\"widget\" data-widget_type=\"spacer.default\">\n\t\t\t\t\t\t\t<div class=\"elementor-spacer\">\n\t\t\t<div class=\"elementor-spacer-inner\"><\/div>\n\t\t<\/div>\n\t\t\t\t\t\t<\/div>\n\t\t\t\t<\/div>\n\t\t<div class=\"elementor-element elementor-element-546147b e-con-full e-flex e-con e-parent\" data-id=\"546147b\" data-element_type=\"container\">\n\t\t<div class=\"elementor-element elementor-element-44e2889 e-con-full e-flex e-con e-child\" data-id=\"44e2889\" data-element_type=\"container\">\n\t\t\t\t<div class=\"elementor-element elementor-element-4c1374b elementor-widget elementor-widget-heading\" data-id=\"4c1374b\" data-element_type=\"widget\" data-widget_type=\"heading.default\">\n\t\t\t\t\t<h1 class=\"elementor-heading-title elementor-size-default\">Globe Fold Sconce by Metalware\n<\/h1>\t\t\t\t<\/div>\n\t\t\t\t<div class=\"elementor-element elementor-element-6f2e96c elementor-widget elementor-widget-text-editor\" data-id=\"6f2e96c\" data-element_type=\"widget\" data-widget_type=\"text-editor.default\">\n\t\t\t\t\t\t\t\t\t<h4>2017<\/h4>\t\t\t\t\t\t\t\t<\/div>\n\t\t\t\t<\/div>\n\t\t<div class=\"elementor-element elementor-element-7ed9e33 e-con-full e-flex e-con e-child\" data-id=\"7ed9e33\" data-element_type=\"container\">\n\t\t\t\t<div class=\"elementor-element elementor-element-4a028c4 elementor-widget elementor-widget-text-editor\" data-id=\"4a028c4\" data-element_type=\"widget\" data-widget_type=\"text-editor.default\">\n\t\t\t\t\t\t\t\t\t<p class=\"sqsrte-small\"><strong>CATEGOR\u00cdA<br \/><\/strong><\/p><p class=\"sqsrte-small\">DESIGN \/ WALL MOUNTED LAMP<br \/><br \/><strong>EQUIPO<br \/><\/strong><\/p><p class=\"sqsrte-small\">COLOMBO AND SERBOLI ARCHITECTURE<\/p><p class=\"sqsrte-small\"><strong>DIAMETER<br \/><\/strong><\/p><p class=\"sqsrte-small\">50CM<\/p><p class=\"sqsrte-small\"><strong>ESTADO<br \/><\/strong><\/p><p class=\"sqsrte-small\">AVAILABLE AT <a href=\"https:\/\/metalware.com\/\">METALWARE.COM<\/a><\/p><p class=\"sqsrte-small\"><strong>FOTOGRAF\u00cdA<br \/><\/strong><\/p><p class=\"sqsrte-small\"><a href=\"http:\/\/www.robertoruiz.eu\/\">ROBERTO RUIZ<\/a><\/p>\t\t\t\t\t\t\t\t<\/div>\n\t\t\t\t<\/div>\n\t\t<div class=\"elementor-element elementor-element-5d8185a e-con-full e-flex e-con e-child\" data-id=\"5d8185a\" data-element_type=\"container\">\n\t\t\t\t<div class=\"elementor-element elementor-element-363c8a3 elementor-widget elementor-widget-text-editor\" data-id=\"363c8a3\" data-element_type=\"widget\" data-widget_type=\"text-editor.default\">\n\t\t\t\t\t\t\t\t\t<p class=\"\">Nacida expresamente de la necesidad, en una de nuestras reformas, de contar con una l\u00e1mpara de pared con gran presencia a un precio asequible, esta pieza se dise\u00f1\u00f3 para nuestro proyecto Apartment in Born.<\/p><p class=\"\">Nuestro estudio colabor\u00f3 con la firma barcelonesa METALWARE <a href=\"http:\/\/metalware.co\/\">http:\/\/metalware.co\/<\/a> en el desarrollo de un aplique sofisticado y a la vez sencillo, cuidado al detalle y de gran calidad.<\/p><p class=\"\">Su disco de lat\u00f3n cepillado de 50 cm de di\u00e1metro se pliega delicadamente sobre su eje para alojar un difusor esf\u00e9rico de opal. El disco refleja c\u00e1lidamente la luz del globo y, al separarse con elegancia del paramento mediante una sombra, parece posarse en la pared como lo har\u00eda una mariposa.<\/p><p class=\"\">Para m\u00e1s informaci\u00f3n o pedidos, contacta con \n. <a href=\"mailto:info@metalware.co\">info@metalware.co<\/a><\/p>\t\t\t\t\t\t\t\t<\/div>\n\t\t\t\t<\/div>\n\t\t\t\t<\/div>\n\t\t<div class=\"elementor-element elementor-element-ed1c59f e-con-full e-flex e-con e-parent\" data-id=\"ed1c59f\" data-element_type=\"container\">\n\t\t<div class=\"elementor-element elementor-element-9e09b81 e-con-full e-flex e-con e-child\" data-id=\"9e09b81\" data-element_type=\"container\">\n\t\t\t\t<div class=\"elementor-element elementor-element-d24fa80 elementor-widget elementor-widget-image\" data-id=\"d24fa80\" data-element_type=\"widget\" data-widget_type=\"image.default\">\n\t\t\t\t\t\t\t\t\t\t\t\t\t\t\t<img fetchpriority=\"high\" decoding=\"async\" width=\"2500\" height=\"1667\" src=\"https:\/\/colomboarchitecture.com\/wp-content\/uploads\/2025\/10\/3_Rect.jpg\" class=\"attachment-full size-full wp-image-1054\" alt=\"\" srcset=\"https:\/\/colomboarchitecture.com\/wp-content\/uploads\/2025\/10\/3_Rect.jpg 2500w, https:\/\/colomboarchitecture.com\/wp-content\/uploads\/2025\/10\/3_Rect-300x200.jpg 300w, https:\/\/colomboarchitecture.com\/wp-content\/uploads\/2025\/10\/3_Rect-1024x683.jpg 1024w, https:\/\/colomboarchitecture.com\/wp-content\/uploads\/2025\/10\/3_Rect-768x512.jpg 768w, https:\/\/colomboarchitecture.com\/wp-content\/uploads\/2025\/10\/3_Rect-1536x1024.jpg 1536w, https:\/\/colomboarchitecture.com\/wp-content\/uploads\/2025\/10\/3_Rect-2048x1366.jpg 2048w\" sizes=\"(max-width: 2500px) 100vw, 2500px\" \/>\t\t\t\t\t\t\t\t\t\t\t\t\t\t\t<\/div>\n\t\t\t\t<\/div>\n\t\t\t\t<\/div>\n\t\t<div class=\"elementor-element elementor-element-cb4eb63 e-con-full e-flex e-con e-parent\" data-id=\"cb4eb63\" data-element_type=\"container\">\n\t\t<div class=\"elementor-element elementor-element-705d171 e-con-full e-flex e-con e-child\" data-id=\"705d171\" data-element_type=\"container\">\n\t\t\t\t<div class=\"elementor-element elementor-element-57edec8 elementor-widget elementor-widget-image\" data-id=\"57edec8\" data-element_type=\"widget\" data-widget_type=\"image.default\">\n\t\t\t\t\t\t\t\t\t\t\t\t\t\t\t<img decoding=\"async\" width=\"2500\" height=\"2500\" src=\"https:\/\/colomboarchitecture.com\/wp-content\/uploads\/2025\/10\/GLOBEFOLDSKETCH.jpg\" class=\"attachment-full size-full wp-image-1055\" alt=\"\" srcset=\"https:\/\/colomboarchitecture.com\/wp-content\/uploads\/2025\/10\/GLOBEFOLDSKETCH.jpg 2500w, https:\/\/colomboarchitecture.com\/wp-content\/uploads\/2025\/10\/GLOBEFOLDSKETCH-300x300.jpg 300w, https:\/\/colomboarchitecture.com\/wp-content\/uploads\/2025\/10\/GLOBEFOLDSKETCH-1024x1024.jpg 1024w, https:\/\/colomboarchitecture.com\/wp-content\/uploads\/2025\/10\/GLOBEFOLDSKETCH-150x150.jpg 150w, https:\/\/colomboarchitecture.com\/wp-content\/uploads\/2025\/10\/GLOBEFOLDSKETCH-768x768.jpg 768w, https:\/\/colomboarchitecture.com\/wp-content\/uploads\/2025\/10\/GLOBEFOLDSKETCH-1536x1536.jpg 1536w, https:\/\/colomboarchitecture.com\/wp-content\/uploads\/2025\/10\/GLOBEFOLDSKETCH-2048x2048.jpg 2048w\" sizes=\"(max-width: 2500px) 100vw, 2500px\" \/>\t\t\t\t\t\t\t\t\t\t\t\t\t\t\t<\/div>\n\t\t\t\t<\/div>\n\t\t<div class=\"elementor-element elementor-element-a846917 e-con-full e-flex e-con e-child\" data-id=\"a846917\" data-element_type=\"container\">\n\t\t\t\t<div class=\"elementor-element elementor-element-dd8f488 elementor-widget elementor-widget-image\" data-id=\"dd8f488\" data-element_type=\"widget\" data-widget_type=\"image.default\">\n\t\t\t\t\t\t\t\t\t\t\t\t\t\t\t<img decoding=\"async\" width=\"1708\" height=\"2560\" src=\"https:\/\/colomboarchitecture.com\/wp-content\/uploads\/2025\/10\/2-7-scaled.jpg\" class=\"attachment-full size-full wp-image-1056\" alt=\"\" srcset=\"https:\/\/colomboarchitecture.com\/wp-content\/uploads\/2025\/10\/2-7-scaled.jpg 1708w, https:\/\/colomboarchitecture.com\/wp-content\/uploads\/2025\/10\/2-7-200x300.jpg 200w, https:\/\/colomboarchitecture.com\/wp-content\/uploads\/2025\/10\/2-7-683x1024.jpg 683w, https:\/\/colomboarchitecture.com\/wp-content\/uploads\/2025\/10\/2-7-768x1151.jpg 768w, https:\/\/colomboarchitecture.com\/wp-content\/uploads\/2025\/10\/2-7-1025x1536.jpg 1025w, https:\/\/colomboarchitecture.com\/wp-content\/uploads\/2025\/10\/2-7-1367x2048.jpg 1367w\" sizes=\"(max-width: 1708px) 100vw, 1708px\" \/>\t\t\t\t\t\t\t\t\t\t\t\t\t\t\t<\/div>\n\t\t\t\t<\/div>\n\t\t\t\t<\/div>\n\t\t<div class=\"elementor-element elementor-element-0c1f027 e-con-full e-flex e-con e-parent\" data-id=\"0c1f027\" data-element_type=\"container\">\n\t\t<div class=\"elementor-element elementor-element-cd9661b e-con-full e-flex e-con e-child\" data-id=\"cd9661b\" data-element_type=\"container\">\n\t\t\t\t<div class=\"elementor-element elementor-element-15c94da elementor-widget elementor-widget-image\" data-id=\"15c94da\" data-element_type=\"widget\" data-widget_type=\"image.default\">\n\t\t\t\t\t\t\t\t\t\t\t\t\t\t\t<img loading=\"lazy\" decoding=\"async\" width=\"1981\" height=\"1321\" src=\"https:\/\/colomboarchitecture.com\/wp-content\/uploads\/2025\/10\/16b_DSC_8245-1.jpg\" class=\"attachment-full size-full wp-image-1057\" alt=\"\" srcset=\"https:\/\/colomboarchitecture.com\/wp-content\/uploads\/2025\/10\/16b_DSC_8245-1.jpg 1981w, https:\/\/colomboarchitecture.com\/wp-content\/uploads\/2025\/10\/16b_DSC_8245-1-300x200.jpg 300w, https:\/\/colomboarchitecture.com\/wp-content\/uploads\/2025\/10\/16b_DSC_8245-1-1024x683.jpg 1024w, https:\/\/colomboarchitecture.com\/wp-content\/uploads\/2025\/10\/16b_DSC_8245-1-768x512.jpg 768w, https:\/\/colomboarchitecture.com\/wp-content\/uploads\/2025\/10\/16b_DSC_8245-1-1536x1024.jpg 1536w\" sizes=\"(max-width: 1981px) 100vw, 1981px\" \/>\t\t\t\t\t\t\t\t\t\t\t\t\t\t\t<\/div>\n\t\t\t\t<div class=\"elementor-element elementor-element-15c98da elementor-widget elementor-widget-image\" data-id=\"15c98da\" data-element_type=\"widget\" data-widget_type=\"image.default\">\n\t\t\t\t\t\t\t\t\t\t\t\t\t\t\t<img loading=\"lazy\" decoding=\"async\" width=\"1708\" height=\"2560\" src=\"https:\/\/colomboarchitecture.com\/wp-content\/uploads\/2025\/10\/42-scaled.jpg\" class=\"attachment-full size-full wp-image-1059\" alt=\"\" srcset=\"https:\/\/colomboarchitecture.com\/wp-content\/uploads\/2025\/10\/42-scaled.jpg 1708w, https:\/\/colomboarchitecture.com\/wp-content\/uploads\/2025\/10\/42-200x300.jpg 200w, https:\/\/colomboarchitecture.com\/wp-content\/uploads\/2025\/10\/42-683x1024.jpg 683w, https:\/\/colomboarchitecture.com\/wp-content\/uploads\/2025\/10\/42-768x1151.jpg 768w, https:\/\/colomboarchitecture.com\/wp-content\/uploads\/2025\/10\/42-1025x1536.jpg 1025w, https:\/\/colomboarchitecture.com\/wp-content\/uploads\/2025\/10\/42-1367x2048.jpg 1367w\" sizes=\"(max-width: 1708px) 100vw, 1708px\" \/>\t\t\t\t\t\t\t\t\t\t\t\t\t\t\t<\/div>\n\t\t\t\t<div class=\"elementor-element elementor-element-076cfce elementor-widget elementor-widget-image\" data-id=\"076cfce\" data-element_type=\"widget\" data-widget_type=\"image.default\">\n\t\t\t\t\t\t\t\t\t\t\t\t\t\t\t<img loading=\"lazy\" decoding=\"async\" width=\"2500\" height=\"1668\" src=\"https:\/\/colomboarchitecture.com\/wp-content\/uploads\/2025\/10\/6-1.jpg\" class=\"attachment-full size-full wp-image-1061\" alt=\"\" srcset=\"https:\/\/colomboarchitecture.com\/wp-content\/uploads\/2025\/10\/6-1.jpg 2500w, https:\/\/colomboarchitecture.com\/wp-content\/uploads\/2025\/10\/6-1-300x200.jpg 300w, https:\/\/colomboarchitecture.com\/wp-content\/uploads\/2025\/10\/6-1-1024x683.jpg 1024w, https:\/\/colomboarchitecture.com\/wp-content\/uploads\/2025\/10\/6-1-768x512.jpg 768w, https:\/\/colomboarchitecture.com\/wp-content\/uploads\/2025\/10\/6-1-1536x1025.jpg 1536w, https:\/\/colomboarchitecture.com\/wp-content\/uploads\/2025\/10\/6-1-2048x1366.jpg 2048w\" sizes=\"(max-width: 2500px) 100vw, 2500px\" \/>\t\t\t\t\t\t\t\t\t\t\t\t\t\t\t<\/div>\n\t\t\t\t<div class=\"elementor-element elementor-element-7098c94 elementor-widget elementor-widget-image\" data-id=\"7098c94\" data-element_type=\"widget\" data-widget_type=\"image.default\">\n\t\t\t\t\t\t\t\t\t\t\t\t\t\t\t<img loading=\"lazy\" decoding=\"async\" width=\"1321\" height=\"1981\" src=\"https:\/\/colomboarchitecture.com\/wp-content\/uploads\/2025\/10\/17_DSC_1836.jpg\" class=\"attachment-full size-full wp-image-1063\" alt=\"\" srcset=\"https:\/\/colomboarchitecture.com\/wp-content\/uploads\/2025\/10\/17_DSC_1836.jpg 1321w, https:\/\/colomboarchitecture.com\/wp-content\/uploads\/2025\/10\/17_DSC_1836-200x300.jpg 200w, https:\/\/colomboarchitecture.com\/wp-content\/uploads\/2025\/10\/17_DSC_1836-683x1024.jpg 683w, https:\/\/colomboarchitecture.com\/wp-content\/uploads\/2025\/10\/17_DSC_1836-768x1152.jpg 768w, https:\/\/colomboarchitecture.com\/wp-content\/uploads\/2025\/10\/17_DSC_1836-1024x1536.jpg 1024w\" sizes=\"(max-width: 1321px) 100vw, 1321px\" \/>\t\t\t\t\t\t\t\t\t\t\t\t\t\t\t<\/div>\n\t\t\t\t<\/div>\n\t\t<div class=\"elementor-element elementor-element-b891cec e-con-full e-flex e-con e-child\" data-id=\"b891cec\" data-element_type=\"container\">\n\t\t\t\t<div class=\"elementor-element elementor-element-ea49968 elementor-widget elementor-widget-image\" data-id=\"ea49968\" data-element_type=\"widget\" data-widget_type=\"image.default\">\n\t\t\t\t\t\t\t\t\t\t\t\t\t\t\t<img loading=\"lazy\" decoding=\"async\" width=\"1708\" height=\"2560\" src=\"https:\/\/colomboarchitecture.com\/wp-content\/uploads\/2025\/10\/3-10-scaled.jpg\" class=\"attachment-full size-full wp-image-1058\" alt=\"\" srcset=\"https:\/\/colomboarchitecture.com\/wp-content\/uploads\/2025\/10\/3-10-scaled.jpg 1708w, https:\/\/colomboarchitecture.com\/wp-content\/uploads\/2025\/10\/3-10-200x300.jpg 200w, https:\/\/colomboarchitecture.com\/wp-content\/uploads\/2025\/10\/3-10-683x1024.jpg 683w, https:\/\/colomboarchitecture.com\/wp-content\/uploads\/2025\/10\/3-10-768x1151.jpg 768w, https:\/\/colomboarchitecture.com\/wp-content\/uploads\/2025\/10\/3-10-1025x1536.jpg 1025w, https:\/\/colomboarchitecture.com\/wp-content\/uploads\/2025\/10\/3-10-1367x2048.jpg 1367w\" sizes=\"(max-width: 1708px) 100vw, 1708px\" \/>\t\t\t\t\t\t\t\t\t\t\t\t\t\t\t<\/div>\n\t\t\t\t<div class=\"elementor-element elementor-element-df2c276 elementor-widget elementor-widget-image\" data-id=\"df2c276\" data-element_type=\"widget\" data-widget_type=\"image.default\">\n\t\t\t\t\t\t\t\t\t\t\t\t\t\t\t<img loading=\"lazy\" decoding=\"async\" width=\"2500\" height=\"1667\" src=\"https:\/\/colomboarchitecture.com\/wp-content\/uploads\/2025\/10\/4-5.jpg\" class=\"attachment-full size-full wp-image-1060\" alt=\"\" srcset=\"https:\/\/colomboarchitecture.com\/wp-content\/uploads\/2025\/10\/4-5.jpg 2500w, https:\/\/colomboarchitecture.com\/wp-content\/uploads\/2025\/10\/4-5-300x200.jpg 300w, https:\/\/colomboarchitecture.com\/wp-content\/uploads\/2025\/10\/4-5-1024x683.jpg 1024w, https:\/\/colomboarchitecture.com\/wp-content\/uploads\/2025\/10\/4-5-768x512.jpg 768w, https:\/\/colomboarchitecture.com\/wp-content\/uploads\/2025\/10\/4-5-1536x1024.jpg 1536w, https:\/\/colomboarchitecture.com\/wp-content\/uploads\/2025\/10\/4-5-2048x1366.jpg 2048w\" sizes=\"(max-width: 2500px) 100vw, 2500px\" \/>\t\t\t\t\t\t\t\t\t\t\t\t\t\t\t<\/div>\n\t\t\t\t<div class=\"elementor-element elementor-element-86b3401 elementor-widget elementor-widget-image\" data-id=\"86b3401\" data-element_type=\"widget\" data-widget_type=\"image.default\">\n\t\t\t\t\t\t\t\t\t\t\t\t\t\t\t<img loading=\"lazy\" decoding=\"async\" width=\"2500\" height=\"1668\" src=\"https:\/\/colomboarchitecture.com\/wp-content\/uploads\/2025\/10\/7-1.jpg\" class=\"attachment-full size-full wp-image-1062\" alt=\"\" srcset=\"https:\/\/colomboarchitecture.com\/wp-content\/uploads\/2025\/10\/7-1.jpg 2500w, https:\/\/colomboarchitecture.com\/wp-content\/uploads\/2025\/10\/7-1-300x200.jpg 300w, https:\/\/colomboarchitecture.com\/wp-content\/uploads\/2025\/10\/7-1-1024x683.jpg 1024w, https:\/\/colomboarchitecture.com\/wp-content\/uploads\/2025\/10\/7-1-768x512.jpg 768w, https:\/\/colomboarchitecture.com\/wp-content\/uploads\/2025\/10\/7-1-1536x1025.jpg 1536w, https:\/\/colomboarchitecture.com\/wp-content\/uploads\/2025\/10\/7-1-2048x1366.jpg 2048w\" sizes=\"(max-width: 2500px) 100vw, 2500px\" \/>\t\t\t\t\t\t\t\t\t\t\t\t\t\t\t<\/div>\n\t\t\t\t<div class=\"elementor-element elementor-element-5b100fd elementor-widget elementor-widget-image\" data-id=\"5b100fd\" data-element_type=\"widget\" data-widget_type=\"image.default\">\n\t\t\t\t\t\t\t\t\t\t\t\t\t\t\t<img loading=\"lazy\" decoding=\"async\" width=\"1321\" height=\"1981\" src=\"https:\/\/colomboarchitecture.com\/wp-content\/uploads\/2025\/10\/18bis_Globe_Fold_Sconce_by_Metalware_SLIDE.jpg\" class=\"attachment-full size-full wp-image-1064\" alt=\"\" srcset=\"https:\/\/colomboarchitecture.com\/wp-content\/uploads\/2025\/10\/18bis_Globe_Fold_Sconce_by_Metalware_SLIDE.jpg 1321w, https:\/\/colomboarchitecture.com\/wp-content\/uploads\/2025\/10\/18bis_Globe_Fold_Sconce_by_Metalware_SLIDE-200x300.jpg 200w, https:\/\/colomboarchitecture.com\/wp-content\/uploads\/2025\/10\/18bis_Globe_Fold_Sconce_by_Metalware_SLIDE-683x1024.jpg 683w, https:\/\/colomboarchitecture.com\/wp-content\/uploads\/2025\/10\/18bis_Globe_Fold_Sconce_by_Metalware_SLIDE-768x1152.jpg 768w, https:\/\/colomboarchitecture.com\/wp-content\/uploads\/2025\/10\/18bis_Globe_Fold_Sconce_by_Metalware_SLIDE-1024x1536.jpg 1024w\" sizes=\"(max-width: 1321px) 100vw, 1321px\" \/>\t\t\t\t\t\t\t\t\t\t\t\t\t\t\t<\/div>\n\t\t\t\t<\/div>\n\t\t\t\t<\/div>\n\t\t<div class=\"elementor-element elementor-element-a4adad5 e-con-full e-flex e-con e-parent\" data-id=\"a4adad5\" data-element_type=\"container\">\n\t\t<div class=\"elementor-element elementor-element-d3c0031 e-con-full e-flex e-con e-child\" data-id=\"d3c0031\" data-element_type=\"container\">\n\t\t\t\t<div class=\"elementor-element elementor-element-3b1b427 elementor-widget elementor-widget-text-editor\" data-id=\"3b1b427\" data-element_type=\"widget\" data-widget_type=\"text-editor.default\">\n\t\t\t\t\t\t\t\t\t<h4 class=\"translation-block\">Si deseas m\u00e1s informaci\u00f3n sobre este proyecto o hablar sobre una posible colaboraci\u00f3n con nosotros, ponte en contacto en <span style=\"text-decoration: underline\"><a href=\"mailto:info@colomboarchitecture.com?\" target=\"\">info@colomboarchitecture.com<\/a><\/span><\/h4>\t\t\t\t\t\t\t\t<\/div>\n\t\t\t\t<\/div>\n\t\t\t\t<\/div>\n\t\t\t\t<\/div>","protected":false},"excerpt":{"rendered":"<p>Globe Fold Sconce by Metalware 2017 CATEGORY DESIGN \/ WALL MOUNTED LAMP TEAM COLOMBO AND SERBOLI ARCHITECTURE DIAMETER 50CM STATUS AVAILABLE AT METALWARE.COM PHOTOGRAPHY ROBERTO RUIZ Born expressly from the need in one of our renovation to have a wall-mounted lamp with a great presence at an affordable price, this piece was designed for our [&hellip;]<\/p>","protected":false},"author":1,"featured_media":0,"parent":0,"menu_order":0,"comment_status":"closed","ping_status":"closed","template":"","meta":{"footnotes":""},"class_list":["post-1051","page","type-page","status-publish","hentry"],"_links":{"self":[{"href":"https:\/\/colomboarchitecture.com\/es\/wp-json\/wp\/v2\/pages\/1051","targetHints":{"allow":["GET"]}}],"collection":[{"href":"https:\/\/colomboarchitecture.com\/es\/wp-json\/wp\/v2\/pages"}],"about":[{"href":"https:\/\/colomboarchitecture.com\/es\/wp-json\/wp\/v2\/types\/page"}],"author":[{"embeddable":true,"href":"https:\/\/colomboarchitecture.com\/es\/wp-json\/wp\/v2\/users\/1"}],"replies":[{"embeddable":true,"href":"https:\/\/colomboarchitecture.com\/es\/wp-json\/wp\/v2\/comments?post=1051"}],"version-history":[{"count":7,"href":"https:\/\/colomboarchitecture.com\/es\/wp-json\/wp\/v2\/pages\/1051\/revisions"}],"predecessor-version":[{"id":1109,"href":"https:\/\/colomboarchitecture.com\/es\/wp-json\/wp\/v2\/pages\/1051\/revisions\/1109"}],"wp:attachment":[{"href":"https:\/\/colomboarchitecture.com\/es\/wp-json\/wp\/v2\/media?parent=1051"}],"curies":[{"name":"wp","href":"https:\/\/api.w.org\/{rel}","templated":true}]}}