{"id":1037,"date":"2025-10-05T15:19:50","date_gmt":"2025-10-05T15:19:50","guid":{"rendered":"https:\/\/colomboarchitecture.com\/?page_id=1037"},"modified":"2026-03-11T14:23:06","modified_gmt":"2026-03-11T14:23:06","slug":"apartment-in-la-ribera-barcelona","status":"publish","type":"page","link":"https:\/\/colomboarchitecture.com\/es\/apartment-in-la-ribera-barcelona\/","title":{"rendered":"Apartmento en La Ribera, Barcelona"},"content":{"rendered":"<div data-elementor-type=\"wp-page\" data-elementor-id=\"1037\" class=\"elementor elementor-1037\" data-elementor-post-type=\"page\">\n\t\t\t\t<div class=\"elementor-element elementor-element-9a9d110 e-con-full e-flex e-con e-parent\" data-id=\"9a9d110\" data-element_type=\"container\" data-settings=\"{&quot;background_background&quot;:&quot;classic&quot;}\">\n\t\t\t\t<div class=\"elementor-element elementor-element-d262f63 elementor-widget elementor-widget-spacer\" data-id=\"d262f63\" data-element_type=\"widget\" data-widget_type=\"spacer.default\">\n\t\t\t\t\t\t\t<div class=\"elementor-spacer\">\n\t\t\t<div class=\"elementor-spacer-inner\"><\/div>\n\t\t<\/div>\n\t\t\t\t\t\t<\/div>\n\t\t\t\t<\/div>\n\t\t<div class=\"elementor-element elementor-element-546147b e-con-full e-flex e-con e-parent\" data-id=\"546147b\" data-element_type=\"container\">\n\t\t<div class=\"elementor-element elementor-element-44e2889 e-con-full e-flex e-con e-child\" data-id=\"44e2889\" data-element_type=\"container\">\n\t\t\t\t<div class=\"elementor-element elementor-element-4c1374b elementor-widget elementor-widget-heading\" data-id=\"4c1374b\" data-element_type=\"widget\" data-widget_type=\"heading.default\">\n\t\t\t\t\t<h1 class=\"elementor-heading-title elementor-size-default\">Apartment in La Ribera\n<\/h1>\t\t\t\t<\/div>\n\t\t\t\t<div class=\"elementor-element elementor-element-6f2e96c elementor-widget elementor-widget-text-editor\" data-id=\"6f2e96c\" data-element_type=\"widget\" data-widget_type=\"text-editor.default\">\n\t\t\t\t\t\t\t\t\t<h4 class=\"translation-block\">Barcelona, Spain<br>Completed<\/h4>\t\t\t\t\t\t\t\t<\/div>\n\t\t\t\t<\/div>\n\t\t<div class=\"elementor-element elementor-element-7ed9e33 e-con-full e-flex e-con e-child\" data-id=\"7ed9e33\" data-element_type=\"container\">\n\t\t\t\t<div class=\"elementor-element elementor-element-4a028c4 elementor-widget elementor-widget-text-editor\" data-id=\"4a028c4\" data-element_type=\"widget\" data-widget_type=\"text-editor.default\">\n\t\t\t\t\t\t\t\t\t<p><strong>CATEGOR\u00cdA<\/strong><\/p><p>RESIDENTIAL \/ APARTMENT COMPLETE REHABILITATION<\/p><p><strong>EQUIPO<\/strong><\/p><p>Colombo Architecture<\/p><p><strong>SUPERFICIE<\/strong><\/p><p>40 m2<\/p><p><strong>ESTADO<\/strong><\/p><p>WORK IN PROGRESS<\/p>\t\t\t\t\t\t\t\t<\/div>\n\t\t\t\t<\/div>\n\t\t<div class=\"elementor-element elementor-element-5d8185a e-con-full e-flex e-con e-child\" data-id=\"5d8185a\" data-element_type=\"container\">\n\t\t\t\t<div class=\"elementor-element elementor-element-363c8a3 elementor-widget elementor-widget-text-editor\" data-id=\"363c8a3\" data-element_type=\"widget\" data-widget_type=\"text-editor.default\">\n\t\t\t\t\t\t\t\t\t<p>Un apartamento compacto para reformar por completo en el casco antiguo de Barcelona, para un cliente alem\u00e1n.<\/p>\t\t\t\t\t\t\t\t<\/div>\n\t\t\t\t<\/div>\n\t\t\t\t<\/div>\n\t\t<div class=\"elementor-element elementor-element-ed1c59f e-con-full e-flex e-con e-parent\" data-id=\"ed1c59f\" data-element_type=\"container\">\n\t\t<div class=\"elementor-element elementor-element-9e09b81 e-con-full e-flex e-con e-child\" data-id=\"9e09b81\" data-element_type=\"container\">\n\t\t\t\t<div class=\"elementor-element elementor-element-d24fa80 elementor-widget elementor-widget-image\" data-id=\"d24fa80\" data-element_type=\"widget\" data-widget_type=\"image.default\">\n\t\t\t\t\t\t\t\t\t\t\t\t\t\t\t<img fetchpriority=\"high\" decoding=\"async\" width=\"2500\" height=\"1915\" src=\"https:\/\/colomboarchitecture.com\/wp-content\/uploads\/2025\/10\/Persp5.COLOR_.jpg\" class=\"attachment-full size-full wp-image-1040\" alt=\"\" srcset=\"https:\/\/colomboarchitecture.com\/wp-content\/uploads\/2025\/10\/Persp5.COLOR_.jpg 2500w, https:\/\/colomboarchitecture.com\/wp-content\/uploads\/2025\/10\/Persp5.COLOR_-300x230.jpg 300w, https:\/\/colomboarchitecture.com\/wp-content\/uploads\/2025\/10\/Persp5.COLOR_-1024x784.jpg 1024w, https:\/\/colomboarchitecture.com\/wp-content\/uploads\/2025\/10\/Persp5.COLOR_-768x588.jpg 768w, https:\/\/colomboarchitecture.com\/wp-content\/uploads\/2025\/10\/Persp5.COLOR_-1536x1177.jpg 1536w, https:\/\/colomboarchitecture.com\/wp-content\/uploads\/2025\/10\/Persp5.COLOR_-2048x1569.jpg 2048w\" sizes=\"(max-width: 2500px) 100vw, 2500px\" \/>\t\t\t\t\t\t\t\t\t\t\t\t\t\t\t<\/div>\n\t\t\t\t<\/div>\n\t\t\t\t<\/div>\n\t\t<div class=\"elementor-element elementor-element-cb4eb63 e-con-full e-flex e-con e-parent\" data-id=\"cb4eb63\" data-element_type=\"container\">\n\t\t<div class=\"elementor-element elementor-element-705d171 e-con-full e-flex e-con e-child\" data-id=\"705d171\" data-element_type=\"container\">\n\t\t\t\t<div class=\"elementor-element elementor-element-57edec8 elementor-widget elementor-widget-image\" data-id=\"57edec8\" data-element_type=\"widget\" data-widget_type=\"image.default\">\n\t\t\t\t\t\t\t\t\t\t\t\t\t\t\t<img decoding=\"async\" width=\"2500\" height=\"1645\" src=\"https:\/\/colomboarchitecture.com\/wp-content\/uploads\/2025\/10\/Plano.jpg\" class=\"attachment-full size-full wp-image-1041\" alt=\"\" srcset=\"https:\/\/colomboarchitecture.com\/wp-content\/uploads\/2025\/10\/Plano.jpg 2500w, https:\/\/colomboarchitecture.com\/wp-content\/uploads\/2025\/10\/Plano-300x197.jpg 300w, https:\/\/colomboarchitecture.com\/wp-content\/uploads\/2025\/10\/Plano-1024x674.jpg 1024w, https:\/\/colomboarchitecture.com\/wp-content\/uploads\/2025\/10\/Plano-768x505.jpg 768w, https:\/\/colomboarchitecture.com\/wp-content\/uploads\/2025\/10\/Plano-1536x1011.jpg 1536w, https:\/\/colomboarchitecture.com\/wp-content\/uploads\/2025\/10\/Plano-2048x1348.jpg 2048w\" sizes=\"(max-width: 2500px) 100vw, 2500px\" \/>\t\t\t\t\t\t\t\t\t\t\t\t\t\t\t<\/div>\n\t\t\t\t<div class=\"elementor-element elementor-element-39f793a elementor-widget elementor-widget-text-editor\" data-id=\"39f793a\" data-element_type=\"widget\" data-widget_type=\"text-editor.default\">\n\t\t\t\t\t\t\t\t\t<h4>Permanece atento para ver el resultado final.<\/h4>\t\t\t\t\t\t\t\t<\/div>\n\t\t\t\t<\/div>\n\t\t<div class=\"elementor-element elementor-element-a846917 e-con-full e-flex e-con e-child\" data-id=\"a846917\" data-element_type=\"container\">\n\t\t\t\t<div class=\"elementor-element elementor-element-dd8f488 elementor-widget elementor-widget-image\" data-id=\"dd8f488\" data-element_type=\"widget\" data-widget_type=\"image.default\">\n\t\t\t\t\t\t\t\t\t\t\t\t\t\t\t<img decoding=\"async\" width=\"1756\" height=\"2560\" src=\"https:\/\/colomboarchitecture.com\/wp-content\/uploads\/2025\/10\/Persp4COLOR-scaled.jpg\" class=\"attachment-full size-full wp-image-1042\" alt=\"\" srcset=\"https:\/\/colomboarchitecture.com\/wp-content\/uploads\/2025\/10\/Persp4COLOR-scaled.jpg 1756w, https:\/\/colomboarchitecture.com\/wp-content\/uploads\/2025\/10\/Persp4COLOR-206x300.jpg 206w, https:\/\/colomboarchitecture.com\/wp-content\/uploads\/2025\/10\/Persp4COLOR-703x1024.jpg 703w, https:\/\/colomboarchitecture.com\/wp-content\/uploads\/2025\/10\/Persp4COLOR-768x1119.jpg 768w, https:\/\/colomboarchitecture.com\/wp-content\/uploads\/2025\/10\/Persp4COLOR-1054x1536.jpg 1054w, https:\/\/colomboarchitecture.com\/wp-content\/uploads\/2025\/10\/Persp4COLOR-1405x2048.jpg 1405w\" sizes=\"(max-width: 1756px) 100vw, 1756px\" \/>\t\t\t\t\t\t\t\t\t\t\t\t\t\t\t<\/div>\n\t\t\t\t<\/div>\n\t\t\t\t<\/div>\n\t\t<div class=\"elementor-element elementor-element-0c1f027 e-con-full e-flex e-con e-parent\" data-id=\"0c1f027\" data-element_type=\"container\">\n\t\t<div class=\"elementor-element elementor-element-cd9661b e-con-full e-flex e-con e-child\" data-id=\"cd9661b\" data-element_type=\"container\">\n\t\t\t\t<div class=\"elementor-element elementor-element-15c94da elementor-widget elementor-widget-image\" data-id=\"15c94da\" data-element_type=\"widget\" data-widget_type=\"image.default\">\n\t\t\t\t\t\t\t\t\t\t\t\t\t\t\t<img loading=\"lazy\" decoding=\"async\" width=\"2500\" height=\"1961\" src=\"https:\/\/colomboarchitecture.com\/wp-content\/uploads\/2025\/10\/Persp3.jpg\" class=\"attachment-full size-full wp-image-1043\" alt=\"\" srcset=\"https:\/\/colomboarchitecture.com\/wp-content\/uploads\/2025\/10\/Persp3.jpg 2500w, https:\/\/colomboarchitecture.com\/wp-content\/uploads\/2025\/10\/Persp3-300x235.jpg 300w, https:\/\/colomboarchitecture.com\/wp-content\/uploads\/2025\/10\/Persp3-1024x803.jpg 1024w, https:\/\/colomboarchitecture.com\/wp-content\/uploads\/2025\/10\/Persp3-768x602.jpg 768w, https:\/\/colomboarchitecture.com\/wp-content\/uploads\/2025\/10\/Persp3-1536x1205.jpg 1536w, https:\/\/colomboarchitecture.com\/wp-content\/uploads\/2025\/10\/Persp3-2048x1606.jpg 2048w\" sizes=\"(max-width: 2500px) 100vw, 2500px\" \/>\t\t\t\t\t\t\t\t\t\t\t\t\t\t\t<\/div>\n\t\t\t\t<\/div>\n\t\t<div class=\"elementor-element elementor-element-b891cec e-con-full e-flex e-con e-child\" data-id=\"b891cec\" data-element_type=\"container\">\n\t\t\t\t<div class=\"elementor-element elementor-element-ea49968 elementor-widget elementor-widget-image\" data-id=\"ea49968\" data-element_type=\"widget\" data-widget_type=\"image.default\">\n\t\t\t\t\t\t\t\t\t\t\t\t\t\t\t<img loading=\"lazy\" decoding=\"async\" width=\"2500\" height=\"1875\" src=\"https:\/\/colomboarchitecture.com\/wp-content\/uploads\/2025\/10\/Persp2.jpg\" class=\"attachment-full size-full wp-image-1044\" alt=\"\" srcset=\"https:\/\/colomboarchitecture.com\/wp-content\/uploads\/2025\/10\/Persp2.jpg 2500w, https:\/\/colomboarchitecture.com\/wp-content\/uploads\/2025\/10\/Persp2-300x225.jpg 300w, https:\/\/colomboarchitecture.com\/wp-content\/uploads\/2025\/10\/Persp2-1024x768.jpg 1024w, https:\/\/colomboarchitecture.com\/wp-content\/uploads\/2025\/10\/Persp2-768x576.jpg 768w, https:\/\/colomboarchitecture.com\/wp-content\/uploads\/2025\/10\/Persp2-1536x1152.jpg 1536w, https:\/\/colomboarchitecture.com\/wp-content\/uploads\/2025\/10\/Persp2-2048x1536.jpg 2048w\" sizes=\"(max-width: 2500px) 100vw, 2500px\" \/>\t\t\t\t\t\t\t\t\t\t\t\t\t\t\t<\/div>\n\t\t\t\t<\/div>\n\t\t\t\t<\/div>\n\t\t<div class=\"elementor-element elementor-element-a4adad5 e-con-full e-flex e-con e-parent\" data-id=\"a4adad5\" data-element_type=\"container\">\n\t\t<div class=\"elementor-element elementor-element-d3c0031 e-con-full e-flex e-con e-child\" data-id=\"d3c0031\" data-element_type=\"container\">\n\t\t\t\t<div class=\"elementor-element elementor-element-3b1b427 elementor-widget elementor-widget-text-editor\" data-id=\"3b1b427\" data-element_type=\"widget\" data-widget_type=\"text-editor.default\">\n\t\t\t\t\t\t\t\t\t<h4 class=\"translation-block\">Si deseas m\u00e1s informaci\u00f3n sobre este proyecto o hablar sobre una posible colaboraci\u00f3n con nosotros, ponte en contacto en <span style=\"text-decoration: underline\"><a href=\"mailto:info@colomboarchitecture.com?\" target=\"\">info@colomboarchitecture.com<\/a><\/span><\/h4>\t\t\t\t\t\t\t\t<\/div>\n\t\t\t\t<\/div>\n\t\t\t\t<\/div>\n\t\t\t\t<\/div>","protected":false},"excerpt":{"rendered":"<p>Apartment in La Ribera Barcelona, SpainCompleted CATEGORY RESIDENTIAL \/ APARTMENT COMPLETE REHABILITATION TEAM Colombo Architecture SURFACE 40 m2 STATUS WORK IN PROGRESS A compact Apartment to be completely refurbished in Barcelona old town, for a german client. Stay tuned to see the built result. If you would like to have more information about this project [&hellip;]<\/p>","protected":false},"author":1,"featured_media":0,"parent":0,"menu_order":0,"comment_status":"closed","ping_status":"closed","template":"","meta":{"footnotes":""},"class_list":["post-1037","page","type-page","status-publish","hentry"],"_links":{"self":[{"href":"https:\/\/colomboarchitecture.com\/es\/wp-json\/wp\/v2\/pages\/1037","targetHints":{"allow":["GET"]}}],"collection":[{"href":"https:\/\/colomboarchitecture.com\/es\/wp-json\/wp\/v2\/pages"}],"about":[{"href":"https:\/\/colomboarchitecture.com\/es\/wp-json\/wp\/v2\/types\/page"}],"author":[{"embeddable":true,"href":"https:\/\/colomboarchitecture.com\/es\/wp-json\/wp\/v2\/users\/1"}],"replies":[{"embeddable":true,"href":"https:\/\/colomboarchitecture.com\/es\/wp-json\/wp\/v2\/comments?post=1037"}],"version-history":[{"count":13,"href":"https:\/\/colomboarchitecture.com\/es\/wp-json\/wp\/v2\/pages\/1037\/revisions"}],"predecessor-version":[{"id":1558,"href":"https:\/\/colomboarchitecture.com\/es\/wp-json\/wp\/v2\/pages\/1037\/revisions\/1558"}],"wp:attachment":[{"href":"https:\/\/colomboarchitecture.com\/es\/wp-json\/wp\/v2\/media?parent=1037"}],"curies":[{"name":"wp","href":"https:\/\/api.w.org\/{rel}","templated":true}]}}