{"id":1013,"date":"2025-10-05T15:16:25","date_gmt":"2025-10-05T15:16:25","guid":{"rendered":"https:\/\/colomboarchitecture.com\/?page_id=1013"},"modified":"2026-03-11T14:21:15","modified_gmt":"2026-03-11T14:21:15","slug":"seaside-apartment-gijon","status":"publish","type":"page","link":"https:\/\/colomboarchitecture.com\/es\/seaside-apartment-gijon\/","title":{"rendered":"Seaside Apartment, Gij\u00f3n"},"content":{"rendered":"<div data-elementor-type=\"wp-page\" data-elementor-id=\"1013\" class=\"elementor elementor-1013\" data-elementor-post-type=\"page\">\n\t\t\t\t<div class=\"elementor-element elementor-element-9a9d110 e-con-full e-flex e-con e-parent\" data-id=\"9a9d110\" data-element_type=\"container\" data-settings=\"{&quot;background_background&quot;:&quot;classic&quot;}\">\n\t\t\t\t<div class=\"elementor-element elementor-element-d262f63 elementor-widget elementor-widget-spacer\" data-id=\"d262f63\" data-element_type=\"widget\" data-widget_type=\"spacer.default\">\n\t\t\t\t\t\t\t<div class=\"elementor-spacer\">\n\t\t\t<div class=\"elementor-spacer-inner\"><\/div>\n\t\t<\/div>\n\t\t\t\t\t\t<\/div>\n\t\t\t\t<\/div>\n\t\t<div class=\"elementor-element elementor-element-546147b e-con-full e-flex e-con e-parent\" data-id=\"546147b\" data-element_type=\"container\">\n\t\t<div class=\"elementor-element elementor-element-44e2889 e-con-full e-flex e-con e-child\" data-id=\"44e2889\" data-element_type=\"container\">\n\t\t\t\t<div class=\"elementor-element elementor-element-4c1374b elementor-widget elementor-widget-heading\" data-id=\"4c1374b\" data-element_type=\"widget\" data-widget_type=\"heading.default\">\n\t\t\t\t\t<h1 class=\"elementor-heading-title elementor-size-default\">Seaside Apartment\n<\/h1>\t\t\t\t<\/div>\n\t\t\t\t<div class=\"elementor-element elementor-element-6f2e96c elementor-widget elementor-widget-text-editor\" data-id=\"6f2e96c\" data-element_type=\"widget\" data-widget_type=\"text-editor.default\">\n\t\t\t\t\t\t\t\t\t<p class=\"translation-block\">Gij\u00f3n, Spain<br>Completed<\/p>\t\t\t\t\t\t\t\t<\/div>\n\t\t\t\t<\/div>\n\t\t<div class=\"elementor-element elementor-element-7ed9e33 e-con-full e-flex e-con e-child\" data-id=\"7ed9e33\" data-element_type=\"container\">\n\t\t\t\t<div class=\"elementor-element elementor-element-4a028c4 elementor-widget elementor-widget-text-editor\" data-id=\"4a028c4\" data-element_type=\"widget\" data-widget_type=\"text-editor.default\">\n\t\t\t\t\t\t\t\t\t<p><strong>CATEGOR\u00cdA<\/strong><\/p><p>RESIDENTIAL \/ APARTMENT COMPLETE REHABILITATION<\/p><p><strong>EQUIPO<\/strong><\/p><p>Colombo Architecture<\/p><p>Pedro Arrate (project manager)<\/p><p><strong>SUPERFICIE<\/strong><\/p><p>55 m2 + 9m2 TERRACE<\/p><p><strong>ESTADO<\/strong><\/p><p>WORK IN PROGRESS<\/p>\t\t\t\t\t\t\t\t<\/div>\n\t\t\t\t<\/div>\n\t\t<div class=\"elementor-element elementor-element-5d8185a e-con-full e-flex e-con e-child\" data-id=\"5d8185a\" data-element_type=\"container\">\n\t\t\t\t<div class=\"elementor-element elementor-element-363c8a3 elementor-widget elementor-widget-text-editor\" data-id=\"363c8a3\" data-element_type=\"widget\" data-widget_type=\"text-editor.default\">\n\t\t\t\t\t\t\t\t\t<p>Una propiedad, durante mucho tiempo descuidada, con vistas a la playa de San Lorenzo, en Gij\u00f3n, que se transformar\u00e1 en un apartamento costero de ensue\u00f1o para una familia asturiano-belga. Una atm\u00f3sfera fresca y abierta, con acabados sencillos y t\u00e1ctiles, busca maximizar las impresionantes vistas sobre el golfo de Vizcaya, convirti\u00e9ndolas en el punto central del proyecto.<\/p>\t\t\t\t\t\t\t\t<\/div>\n\t\t\t\t<div class=\"elementor-element elementor-element-bce0885 elementor-widget elementor-widget-image\" data-id=\"bce0885\" data-element_type=\"widget\" data-widget_type=\"image.default\">\n\t\t\t\t\t\t\t\t\t\t\t\t\t\t\t<img fetchpriority=\"high\" decoding=\"async\" width=\"1729\" height=\"1009\" src=\"https:\/\/colomboarchitecture.com\/wp-content\/uploads\/2025\/10\/PHOTO-2022-11-09-14-57-15.jpg\" class=\"attachment-full size-full wp-image-1016\" alt=\"\" srcset=\"https:\/\/colomboarchitecture.com\/wp-content\/uploads\/2025\/10\/PHOTO-2022-11-09-14-57-15.jpg 1729w, https:\/\/colomboarchitecture.com\/wp-content\/uploads\/2025\/10\/PHOTO-2022-11-09-14-57-15-300x175.jpg 300w, https:\/\/colomboarchitecture.com\/wp-content\/uploads\/2025\/10\/PHOTO-2022-11-09-14-57-15-1024x598.jpg 1024w, https:\/\/colomboarchitecture.com\/wp-content\/uploads\/2025\/10\/PHOTO-2022-11-09-14-57-15-768x448.jpg 768w, https:\/\/colomboarchitecture.com\/wp-content\/uploads\/2025\/10\/PHOTO-2022-11-09-14-57-15-1536x896.jpg 1536w\" sizes=\"(max-width: 1729px) 100vw, 1729px\" \/>\t\t\t\t\t\t\t\t\t\t\t\t\t\t\t<\/div>\n\t\t\t\t<\/div>\n\t\t\t\t<\/div>\n\t\t<div class=\"elementor-element elementor-element-ed1c59f e-con-full e-flex e-con e-parent\" data-id=\"ed1c59f\" data-element_type=\"container\">\n\t\t<div class=\"elementor-element elementor-element-9e09b81 e-con-full e-flex e-con e-child\" data-id=\"9e09b81\" data-element_type=\"container\">\n\t\t\t\t<div class=\"elementor-element elementor-element-d24fa80 elementor-widget elementor-widget-image\" data-id=\"d24fa80\" data-element_type=\"widget\" data-widget_type=\"image.default\">\n\t\t\t\t\t\t\t\t\t\t\t\t\t\t\t<img decoding=\"async\" width=\"2500\" height=\"1258\" src=\"https:\/\/colomboarchitecture.com\/wp-content\/uploads\/2025\/10\/3PERSPVENTANAScolor.jpg\" class=\"attachment-full size-full wp-image-1017\" alt=\"\" srcset=\"https:\/\/colomboarchitecture.com\/wp-content\/uploads\/2025\/10\/3PERSPVENTANAScolor.jpg 2500w, https:\/\/colomboarchitecture.com\/wp-content\/uploads\/2025\/10\/3PERSPVENTANAScolor-300x151.jpg 300w, https:\/\/colomboarchitecture.com\/wp-content\/uploads\/2025\/10\/3PERSPVENTANAScolor-1024x515.jpg 1024w, https:\/\/colomboarchitecture.com\/wp-content\/uploads\/2025\/10\/3PERSPVENTANAScolor-768x386.jpg 768w, https:\/\/colomboarchitecture.com\/wp-content\/uploads\/2025\/10\/3PERSPVENTANAScolor-1536x773.jpg 1536w, https:\/\/colomboarchitecture.com\/wp-content\/uploads\/2025\/10\/3PERSPVENTANAScolor-2048x1031.jpg 2048w\" sizes=\"(max-width: 2500px) 100vw, 2500px\" \/>\t\t\t\t\t\t\t\t\t\t\t\t\t\t\t<\/div>\n\t\t\t\t<\/div>\n\t\t\t\t<\/div>\n\t\t<div class=\"elementor-element elementor-element-cb4eb63 e-con-full e-flex e-con e-parent\" data-id=\"cb4eb63\" data-element_type=\"container\">\n\t\t<div class=\"elementor-element elementor-element-705d171 e-con-full e-flex e-con e-child\" data-id=\"705d171\" data-element_type=\"container\">\n\t\t\t\t<div class=\"elementor-element elementor-element-57edec8 elementor-widget elementor-widget-image\" data-id=\"57edec8\" data-element_type=\"widget\" data-widget_type=\"image.default\">\n\t\t\t\t\t\t\t\t\t\t\t\t\t\t\t<img decoding=\"async\" width=\"2251\" height=\"1592\" src=\"https:\/\/colomboarchitecture.com\/wp-content\/uploads\/2025\/10\/Copiadi2.02_PROPUESTA_pl.graf_DEF.jpg\" class=\"attachment-full size-full wp-image-1018\" alt=\"\" srcset=\"https:\/\/colomboarchitecture.com\/wp-content\/uploads\/2025\/10\/Copiadi2.02_PROPUESTA_pl.graf_DEF.jpg 2251w, https:\/\/colomboarchitecture.com\/wp-content\/uploads\/2025\/10\/Copiadi2.02_PROPUESTA_pl.graf_DEF-300x212.jpg 300w, https:\/\/colomboarchitecture.com\/wp-content\/uploads\/2025\/10\/Copiadi2.02_PROPUESTA_pl.graf_DEF-1024x724.jpg 1024w, https:\/\/colomboarchitecture.com\/wp-content\/uploads\/2025\/10\/Copiadi2.02_PROPUESTA_pl.graf_DEF-768x543.jpg 768w, https:\/\/colomboarchitecture.com\/wp-content\/uploads\/2025\/10\/Copiadi2.02_PROPUESTA_pl.graf_DEF-1536x1086.jpg 1536w, https:\/\/colomboarchitecture.com\/wp-content\/uploads\/2025\/10\/Copiadi2.02_PROPUESTA_pl.graf_DEF-2048x1448.jpg 2048w\" sizes=\"(max-width: 2251px) 100vw, 2251px\" \/>\t\t\t\t\t\t\t\t\t\t\t\t\t\t\t<\/div>\n\t\t\t\t<div class=\"elementor-element elementor-element-34aedc1 elementor-widget elementor-widget-text-editor\" data-id=\"34aedc1\" data-element_type=\"widget\" data-widget_type=\"text-editor.default\">\n\t\t\t\t\t\t\t\t\t<p>La entrada se abre suavemente hacia la zona de estar a trav\u00e9s de dos paredes curvas que disimulan un ba\u00f1o peque\u00f1o pero luminoso y una kitchenette abierta.<\/p><p>El apartamento se concibe como un espacio di\u00e1fano para disfrutar del tiempo en com\u00fan. Asientos de obra empotrados para la zona de comedor y un sof\u00e1 sobredimensionado para contemplar las vistas del horizonte, as\u00ed como otro asiento en la terraza pensado para comer al aire libre, articulan el espacio.<\/p><p>Un dormitorio acogedor, tambi\u00e9n dise\u00f1ado para aprovechar al m\u00e1ximo las vistas al mar, completa la propuesta.<\/p><p>Los materiales son sencillos, naturales y t\u00e1ctiles: microcemento, paredes blancas y detalles en madera, todo para realzar y acompa\u00f1ar la presencia del mar. Un acabado tosco y rugoso recorre vigas y techos, y tambi\u00e9n el muro grueso con grandes ventanas estriadas, para modular la luz.<\/p>\t\t\t\t\t\t\t\t<\/div>\n\t\t\t\t<div class=\"elementor-element elementor-element-50f0d2e elementor-widget elementor-widget-text-editor\" data-id=\"50f0d2e\" data-element_type=\"widget\" data-widget_type=\"text-editor.default\">\n\t\t\t\t\t\t\t\t\t<p>Permanece atento para ver el resultado final.<\/p>\t\t\t\t\t\t\t\t<\/div>\n\t\t\t\t<\/div>\n\t\t<div class=\"elementor-element elementor-element-a846917 e-con-full e-flex e-con e-child\" data-id=\"a846917\" data-element_type=\"container\">\n\t\t\t\t<div class=\"elementor-element elementor-element-dd8f488 elementor-widget elementor-widget-image\" data-id=\"dd8f488\" data-element_type=\"widget\" data-widget_type=\"image.default\">\n\t\t\t\t\t\t\t\t\t\t\t\t\t\t\t<img loading=\"lazy\" decoding=\"async\" width=\"2500\" height=\"1752\" src=\"https:\/\/colomboarchitecture.com\/wp-content\/uploads\/2025\/10\/1PERSPENTRADAcolor.jpg\" class=\"attachment-full size-full wp-image-1019\" alt=\"\" srcset=\"https:\/\/colomboarchitecture.com\/wp-content\/uploads\/2025\/10\/1PERSPENTRADAcolor.jpg 2500w, https:\/\/colomboarchitecture.com\/wp-content\/uploads\/2025\/10\/1PERSPENTRADAcolor-300x210.jpg 300w, https:\/\/colomboarchitecture.com\/wp-content\/uploads\/2025\/10\/1PERSPENTRADAcolor-1024x718.jpg 1024w, https:\/\/colomboarchitecture.com\/wp-content\/uploads\/2025\/10\/1PERSPENTRADAcolor-768x538.jpg 768w, https:\/\/colomboarchitecture.com\/wp-content\/uploads\/2025\/10\/1PERSPENTRADAcolor-1536x1076.jpg 1536w, https:\/\/colomboarchitecture.com\/wp-content\/uploads\/2025\/10\/1PERSPENTRADAcolor-2048x1435.jpg 2048w\" sizes=\"(max-width: 2500px) 100vw, 2500px\" \/>\t\t\t\t\t\t\t\t\t\t\t\t\t\t\t<\/div>\n\t\t\t\t<\/div>\n\t\t\t\t<\/div>\n\t\t<div class=\"elementor-element elementor-element-2ff3342 e-con-full e-flex e-con e-parent\" data-id=\"2ff3342\" data-element_type=\"container\">\n\t\t<div class=\"elementor-element elementor-element-843c434 e-con-full e-flex e-con e-child\" data-id=\"843c434\" data-element_type=\"container\">\n\t\t\t\t<div class=\"elementor-element elementor-element-653e199 elementor-widget elementor-widget-image\" data-id=\"653e199\" data-element_type=\"widget\" data-widget_type=\"image.default\">\n\t\t\t\t\t\t\t\t\t\t\t\t\t\t\t<img loading=\"lazy\" decoding=\"async\" width=\"2500\" height=\"1760\" src=\"https:\/\/colomboarchitecture.com\/wp-content\/uploads\/2025\/10\/2PERSPCOMEDORcolor.jpg\" class=\"attachment-full size-full wp-image-1020\" alt=\"\" srcset=\"https:\/\/colomboarchitecture.com\/wp-content\/uploads\/2025\/10\/2PERSPCOMEDORcolor.jpg 2500w, https:\/\/colomboarchitecture.com\/wp-content\/uploads\/2025\/10\/2PERSPCOMEDORcolor-300x211.jpg 300w, https:\/\/colomboarchitecture.com\/wp-content\/uploads\/2025\/10\/2PERSPCOMEDORcolor-1024x721.jpg 1024w, https:\/\/colomboarchitecture.com\/wp-content\/uploads\/2025\/10\/2PERSPCOMEDORcolor-768x541.jpg 768w, https:\/\/colomboarchitecture.com\/wp-content\/uploads\/2025\/10\/2PERSPCOMEDORcolor-1536x1081.jpg 1536w, https:\/\/colomboarchitecture.com\/wp-content\/uploads\/2025\/10\/2PERSPCOMEDORcolor-2048x1442.jpg 2048w\" sizes=\"(max-width: 2500px) 100vw, 2500px\" \/>\t\t\t\t\t\t\t\t\t\t\t\t\t\t\t<\/div>\n\t\t\t\t<\/div>\n\t\t\t\t<\/div>\n\t\t<div class=\"elementor-element elementor-element-08b17ba e-con-full e-flex e-con e-parent\" data-id=\"08b17ba\" data-element_type=\"container\">\n\t\t<div class=\"elementor-element elementor-element-450252a e-con-full e-flex e-con e-child\" data-id=\"450252a\" data-element_type=\"container\">\n\t\t\t\t<div class=\"elementor-element elementor-element-17df8ab elementor-widget elementor-widget-image\" data-id=\"17df8ab\" data-element_type=\"widget\" data-widget_type=\"image.default\">\n\t\t\t\t\t\t\t\t\t\t\t\t\t\t\t<img loading=\"lazy\" decoding=\"async\" width=\"2500\" height=\"1775\" src=\"https:\/\/colomboarchitecture.com\/wp-content\/uploads\/2025\/10\/5PERSPDORMcolor.jpg\" class=\"attachment-full size-full wp-image-1021\" alt=\"\" srcset=\"https:\/\/colomboarchitecture.com\/wp-content\/uploads\/2025\/10\/5PERSPDORMcolor.jpg 2500w, https:\/\/colomboarchitecture.com\/wp-content\/uploads\/2025\/10\/5PERSPDORMcolor-300x213.jpg 300w, https:\/\/colomboarchitecture.com\/wp-content\/uploads\/2025\/10\/5PERSPDORMcolor-1024x727.jpg 1024w, https:\/\/colomboarchitecture.com\/wp-content\/uploads\/2025\/10\/5PERSPDORMcolor-768x545.jpg 768w, https:\/\/colomboarchitecture.com\/wp-content\/uploads\/2025\/10\/5PERSPDORMcolor-1536x1091.jpg 1536w, https:\/\/colomboarchitecture.com\/wp-content\/uploads\/2025\/10\/5PERSPDORMcolor-2048x1454.jpg 2048w\" sizes=\"(max-width: 2500px) 100vw, 2500px\" \/>\t\t\t\t\t\t\t\t\t\t\t\t\t\t\t<\/div>\n\t\t\t\t<\/div>\n\t\t<div class=\"elementor-element elementor-element-e491796 e-con-full elementor-hidden-tablet elementor-hidden-mobile e-flex e-con e-child\" data-id=\"e491796\" data-element_type=\"container\">\n\t\t\t\t<div class=\"elementor-element elementor-element-31b9398 elementor-widget elementor-widget-image\" data-id=\"31b9398\" data-element_type=\"widget\" data-widget_type=\"image.default\">\n\t\t\t\t\t\t\t\t\t\t\t\t\t\t\t<img loading=\"lazy\" decoding=\"async\" width=\"2500\" height=\"1751\" src=\"https:\/\/colomboarchitecture.com\/wp-content\/uploads\/2025\/10\/4PERSPSOFA.color_.jpg\" class=\"attachment-full size-full wp-image-1022\" alt=\"\" srcset=\"https:\/\/colomboarchitecture.com\/wp-content\/uploads\/2025\/10\/4PERSPSOFA.color_.jpg 2500w, https:\/\/colomboarchitecture.com\/wp-content\/uploads\/2025\/10\/4PERSPSOFA.color_-300x210.jpg 300w, https:\/\/colomboarchitecture.com\/wp-content\/uploads\/2025\/10\/4PERSPSOFA.color_-1024x717.jpg 1024w, https:\/\/colomboarchitecture.com\/wp-content\/uploads\/2025\/10\/4PERSPSOFA.color_-768x538.jpg 768w, https:\/\/colomboarchitecture.com\/wp-content\/uploads\/2025\/10\/4PERSPSOFA.color_-1536x1076.jpg 1536w, https:\/\/colomboarchitecture.com\/wp-content\/uploads\/2025\/10\/4PERSPSOFA.color_-2048x1434.jpg 2048w\" sizes=\"(max-width: 2500px) 100vw, 2500px\" \/>\t\t\t\t\t\t\t\t\t\t\t\t\t\t\t<\/div>\n\t\t\t\t<\/div>\n\t\t\t\t<\/div>\n\t\t<div class=\"elementor-element elementor-element-45eabe0 e-con-full e-flex e-con e-parent\" data-id=\"45eabe0\" data-element_type=\"container\">\n\t\t<div class=\"elementor-element elementor-element-12b9ea0 e-con-full e-flex e-con e-child\" data-id=\"12b9ea0\" data-element_type=\"container\">\n\t\t\t\t<div class=\"elementor-element elementor-element-b05813c elementor-widget elementor-widget-image\" data-id=\"b05813c\" data-element_type=\"widget\" data-widget_type=\"image.default\">\n\t\t\t\t\t\t\t\t\t\t\t\t\t\t\t<img loading=\"lazy\" decoding=\"async\" width=\"1103\" height=\"520\" src=\"https:\/\/colomboarchitecture.com\/wp-content\/uploads\/2025\/10\/b1829340-0743-4517-886d-99e8c0b841cd.jpg\" class=\"attachment-full size-full wp-image-1023\" alt=\"\" srcset=\"https:\/\/colomboarchitecture.com\/wp-content\/uploads\/2025\/10\/b1829340-0743-4517-886d-99e8c0b841cd.jpg 1103w, https:\/\/colomboarchitecture.com\/wp-content\/uploads\/2025\/10\/b1829340-0743-4517-886d-99e8c0b841cd-300x141.jpg 300w, https:\/\/colomboarchitecture.com\/wp-content\/uploads\/2025\/10\/b1829340-0743-4517-886d-99e8c0b841cd-1024x483.jpg 1024w, https:\/\/colomboarchitecture.com\/wp-content\/uploads\/2025\/10\/b1829340-0743-4517-886d-99e8c0b841cd-768x362.jpg 768w\" sizes=\"(max-width: 1103px) 100vw, 1103px\" \/>\t\t\t\t\t\t\t\t\t\t\t\t\t\t\t<\/div>\n\t\t\t\t<\/div>\n\t\t\t\t<\/div>\n\t\t<div class=\"elementor-element elementor-element-ba8bb24 e-con-full e-flex e-con e-parent\" data-id=\"ba8bb24\" data-element_type=\"container\">\n\t\t<div class=\"elementor-element elementor-element-f1fb40c e-con-full e-flex e-con e-child\" data-id=\"f1fb40c\" data-element_type=\"container\">\n\t\t\t\t<div class=\"elementor-element elementor-element-0ce1288 elementor-widget elementor-widget-image\" data-id=\"0ce1288\" data-element_type=\"widget\" data-widget_type=\"image.default\">\n\t\t\t\t\t\t\t\t\t\t\t\t\t\t\t<img loading=\"lazy\" decoding=\"async\" width=\"1969\" height=\"890\" src=\"https:\/\/colomboarchitecture.com\/wp-content\/uploads\/2025\/10\/PHOTO-2022-11-09-14-57-16copia.jpg\" class=\"attachment-full size-full wp-image-1024\" alt=\"\" srcset=\"https:\/\/colomboarchitecture.com\/wp-content\/uploads\/2025\/10\/PHOTO-2022-11-09-14-57-16copia.jpg 1969w, https:\/\/colomboarchitecture.com\/wp-content\/uploads\/2025\/10\/PHOTO-2022-11-09-14-57-16copia-300x136.jpg 300w, https:\/\/colomboarchitecture.com\/wp-content\/uploads\/2025\/10\/PHOTO-2022-11-09-14-57-16copia-1024x463.jpg 1024w, https:\/\/colomboarchitecture.com\/wp-content\/uploads\/2025\/10\/PHOTO-2022-11-09-14-57-16copia-768x347.jpg 768w, https:\/\/colomboarchitecture.com\/wp-content\/uploads\/2025\/10\/PHOTO-2022-11-09-14-57-16copia-1536x694.jpg 1536w\" sizes=\"(max-width: 1969px) 100vw, 1969px\" \/>\t\t\t\t\t\t\t\t\t\t\t\t\t\t\t<\/div>\n\t\t\t\t<\/div>\n\t\t<div class=\"elementor-element elementor-element-52f19d5 e-con-full elementor-hidden-tablet elementor-hidden-mobile e-flex e-con e-child\" data-id=\"52f19d5\" data-element_type=\"container\">\n\t\t\t\t<div class=\"elementor-element elementor-element-65932e7 elementor-widget elementor-widget-image\" data-id=\"65932e7\" data-element_type=\"widget\" data-widget_type=\"image.default\">\n\t\t\t\t\t\t\t\t\t\t\t\t\t\t\t<img loading=\"lazy\" decoding=\"async\" width=\"2048\" height=\"967\" src=\"https:\/\/colomboarchitecture.com\/wp-content\/uploads\/2025\/10\/7ce95cc0-9530-49b7-be47-b64ce0c02690.jpg\" class=\"attachment-full size-full wp-image-1027\" alt=\"\" srcset=\"https:\/\/colomboarchitecture.com\/wp-content\/uploads\/2025\/10\/7ce95cc0-9530-49b7-be47-b64ce0c02690.jpg 2048w, https:\/\/colomboarchitecture.com\/wp-content\/uploads\/2025\/10\/7ce95cc0-9530-49b7-be47-b64ce0c02690-300x142.jpg 300w, https:\/\/colomboarchitecture.com\/wp-content\/uploads\/2025\/10\/7ce95cc0-9530-49b7-be47-b64ce0c02690-1024x484.jpg 1024w, https:\/\/colomboarchitecture.com\/wp-content\/uploads\/2025\/10\/7ce95cc0-9530-49b7-be47-b64ce0c02690-768x363.jpg 768w, https:\/\/colomboarchitecture.com\/wp-content\/uploads\/2025\/10\/7ce95cc0-9530-49b7-be47-b64ce0c02690-1536x725.jpg 1536w\" sizes=\"(max-width: 2048px) 100vw, 2048px\" \/>\t\t\t\t\t\t\t\t\t\t\t\t\t\t\t<\/div>\n\t\t\t\t<\/div>\n\t\t\t\t<\/div>\n\t\t<div class=\"elementor-element elementor-element-343c58a e-con-full e-flex e-con e-parent\" data-id=\"343c58a\" data-element_type=\"container\">\n\t\t<div class=\"elementor-element elementor-element-b036425 e-con-full e-flex e-con e-child\" data-id=\"b036425\" data-element_type=\"container\">\n\t\t\t\t<div class=\"elementor-element elementor-element-b6dd151 elementor-widget__width-initial elementor-widget elementor-widget-image\" data-id=\"b6dd151\" data-element_type=\"widget\" data-widget_type=\"image.default\">\n\t\t\t\t\t\t\t\t\t\t\t\t\t\t\t<img loading=\"lazy\" decoding=\"async\" width=\"1170\" height=\"2077\" src=\"https:\/\/colomboarchitecture.com\/wp-content\/uploads\/2025\/10\/IMG_8915.jpg\" class=\"attachment-full size-full wp-image-1025\" alt=\"\" srcset=\"https:\/\/colomboarchitecture.com\/wp-content\/uploads\/2025\/10\/IMG_8915.jpg 1170w, https:\/\/colomboarchitecture.com\/wp-content\/uploads\/2025\/10\/IMG_8915-169x300.jpg 169w, https:\/\/colomboarchitecture.com\/wp-content\/uploads\/2025\/10\/IMG_8915-577x1024.jpg 577w, https:\/\/colomboarchitecture.com\/wp-content\/uploads\/2025\/10\/IMG_8915-768x1363.jpg 768w, https:\/\/colomboarchitecture.com\/wp-content\/uploads\/2025\/10\/IMG_8915-865x1536.jpg 865w, https:\/\/colomboarchitecture.com\/wp-content\/uploads\/2025\/10\/IMG_8915-1154x2048.jpg 1154w\" sizes=\"(max-width: 1170px) 100vw, 1170px\" \/>\t\t\t\t\t\t\t\t\t\t\t\t\t\t\t<\/div>\n\t\t\t\t<div class=\"elementor-element elementor-element-16a5682 elementor-widget__width-initial elementor-widget elementor-widget-image\" data-id=\"16a5682\" data-element_type=\"widget\" data-widget_type=\"image.default\">\n\t\t\t\t\t\t\t\t\t\t\t\t\t\t\t<img loading=\"lazy\" decoding=\"async\" width=\"1170\" height=\"2054\" src=\"https:\/\/colomboarchitecture.com\/wp-content\/uploads\/2025\/10\/IMG_8919.jpg\" class=\"attachment-full size-full wp-image-1026\" alt=\"\" srcset=\"https:\/\/colomboarchitecture.com\/wp-content\/uploads\/2025\/10\/IMG_8919.jpg 1170w, https:\/\/colomboarchitecture.com\/wp-content\/uploads\/2025\/10\/IMG_8919-171x300.jpg 171w, https:\/\/colomboarchitecture.com\/wp-content\/uploads\/2025\/10\/IMG_8919-583x1024.jpg 583w, https:\/\/colomboarchitecture.com\/wp-content\/uploads\/2025\/10\/IMG_8919-768x1348.jpg 768w, https:\/\/colomboarchitecture.com\/wp-content\/uploads\/2025\/10\/IMG_8919-875x1536.jpg 875w, https:\/\/colomboarchitecture.com\/wp-content\/uploads\/2025\/10\/IMG_8919-1167x2048.jpg 1167w\" sizes=\"(max-width: 1170px) 100vw, 1170px\" \/>\t\t\t\t\t\t\t\t\t\t\t\t\t\t\t<\/div>\n\t\t\t\t<\/div>\n\t\t<div class=\"elementor-element elementor-element-4534d21 e-con-full e-flex e-con e-child\" data-id=\"4534d21\" data-element_type=\"container\">\n\t\t\t\t<\/div>\n\t\t\t\t<\/div>\n\t\t<div class=\"elementor-element elementor-element-0c1f027 e-con-full e-flex e-con e-parent\" data-id=\"0c1f027\" data-element_type=\"container\">\n\t\t<div class=\"elementor-element elementor-element-cd9661b e-con-full e-flex e-con e-child\" data-id=\"cd9661b\" data-element_type=\"container\">\n\t\t\t\t<\/div>\n\t\t<div class=\"elementor-element elementor-element-35db6b4 e-con-full e-flex e-con e-child\" data-id=\"35db6b4\" data-element_type=\"container\">\n\t\t\t\t<div class=\"elementor-element elementor-element-6754ffe elementor-widget__width-initial elementor-widget elementor-widget-image\" data-id=\"6754ffe\" data-element_type=\"widget\" data-widget_type=\"image.default\">\n\t\t\t\t\t\t\t\t\t\t\t\t\t\t\t<img loading=\"lazy\" decoding=\"async\" width=\"1599\" height=\"1599\" src=\"https:\/\/colomboarchitecture.com\/wp-content\/uploads\/2025\/10\/PHOTO-2023-07-23-20-07-011.jpg\" class=\"attachment-full size-full wp-image-1028\" alt=\"\" srcset=\"https:\/\/colomboarchitecture.com\/wp-content\/uploads\/2025\/10\/PHOTO-2023-07-23-20-07-011.jpg 1599w, https:\/\/colomboarchitecture.com\/wp-content\/uploads\/2025\/10\/PHOTO-2023-07-23-20-07-011-300x300.jpg 300w, https:\/\/colomboarchitecture.com\/wp-content\/uploads\/2025\/10\/PHOTO-2023-07-23-20-07-011-1024x1024.jpg 1024w, https:\/\/colomboarchitecture.com\/wp-content\/uploads\/2025\/10\/PHOTO-2023-07-23-20-07-011-150x150.jpg 150w, https:\/\/colomboarchitecture.com\/wp-content\/uploads\/2025\/10\/PHOTO-2023-07-23-20-07-011-768x768.jpg 768w, https:\/\/colomboarchitecture.com\/wp-content\/uploads\/2025\/10\/PHOTO-2023-07-23-20-07-011-1536x1536.jpg 1536w\" sizes=\"(max-width: 1599px) 100vw, 1599px\" \/>\t\t\t\t\t\t\t\t\t\t\t\t\t\t\t<\/div>\n\t\t\t\t<div class=\"elementor-element elementor-element-5e09b71 elementor-widget__width-initial elementor-widget elementor-widget-image\" data-id=\"5e09b71\" data-element_type=\"widget\" data-widget_type=\"image.default\">\n\t\t\t\t\t\t\t\t\t\t\t\t\t\t\t<img loading=\"lazy\" decoding=\"async\" width=\"1599\" height=\"1599\" src=\"https:\/\/colomboarchitecture.com\/wp-content\/uploads\/2026\/01\/PHOTO-2023-07-23-20-07-01.jpg\" class=\"attachment-full size-full wp-image-1428\" alt=\"\" srcset=\"https:\/\/colomboarchitecture.com\/wp-content\/uploads\/2026\/01\/PHOTO-2023-07-23-20-07-01.jpg 1599w, https:\/\/colomboarchitecture.com\/wp-content\/uploads\/2026\/01\/PHOTO-2023-07-23-20-07-01-300x300.jpg 300w, https:\/\/colomboarchitecture.com\/wp-content\/uploads\/2026\/01\/PHOTO-2023-07-23-20-07-01-1024x1024.jpg 1024w, https:\/\/colomboarchitecture.com\/wp-content\/uploads\/2026\/01\/PHOTO-2023-07-23-20-07-01-150x150.jpg 150w, https:\/\/colomboarchitecture.com\/wp-content\/uploads\/2026\/01\/PHOTO-2023-07-23-20-07-01-768x768.jpg 768w, https:\/\/colomboarchitecture.com\/wp-content\/uploads\/2026\/01\/PHOTO-2023-07-23-20-07-01-1536x1536.jpg 1536w, https:\/\/colomboarchitecture.com\/wp-content\/uploads\/2026\/01\/PHOTO-2023-07-23-20-07-01-12x12.jpg 12w\" sizes=\"(max-width: 1599px) 100vw, 1599px\" \/>\t\t\t\t\t\t\t\t\t\t\t\t\t\t\t<\/div>\n\t\t\t\t<\/div>\n\t\t\t\t<\/div>\n\t\t<div class=\"elementor-element elementor-element-a4adad5 e-con-full e-flex e-con e-parent\" data-id=\"a4adad5\" data-element_type=\"container\">\n\t\t<div class=\"elementor-element elementor-element-d3c0031 e-con-full e-flex e-con e-child\" data-id=\"d3c0031\" data-element_type=\"container\">\n\t\t\t\t<div class=\"elementor-element elementor-element-3b1b427 elementor-widget elementor-widget-text-editor\" data-id=\"3b1b427\" data-element_type=\"widget\" data-widget_type=\"text-editor.default\">\n\t\t\t\t\t\t\t\t\t<h4 class=\"translation-block\">Si deseas m\u00e1s informaci\u00f3n sobre este proyecto o hablar sobre una posible colaboraci\u00f3n con nosotros, ponte en contacto en <span style=\"text-decoration: underline\"><a href=\"mailto:info@colomboarchitecture.com?\" target=\"\">info@colomboarchitecture.com<\/a><\/span><\/h4>\t\t\t\t\t\t\t\t<\/div>\n\t\t\t\t<\/div>\n\t\t\t\t<\/div>\n\t\t\t\t<\/div>","protected":false},"excerpt":{"rendered":"<p>Seaside Apartment Gij\u00f3n, SpainCompleted CATEGORY RESIDENTIAL \/ APARTMENT COMPLETE REHABILITATION TEAM Colombo Architecture Pedro Arrate (project manager) SURFACE 55 m2 + 9m2 TERRACE STATUS WORK IN PROGRESS A long time neglected property overlooking the San Lorenzo beach of Gij\u00f3n, to be turned into a dreamy seaside apartment for an Asturian-Belgian family. A fresh, open atmosphere, [&hellip;]<\/p>","protected":false},"author":1,"featured_media":0,"parent":0,"menu_order":0,"comment_status":"closed","ping_status":"closed","template":"","meta":{"footnotes":""},"class_list":["post-1013","page","type-page","status-publish","hentry"],"_links":{"self":[{"href":"https:\/\/colomboarchitecture.com\/es\/wp-json\/wp\/v2\/pages\/1013","targetHints":{"allow":["GET"]}}],"collection":[{"href":"https:\/\/colomboarchitecture.com\/es\/wp-json\/wp\/v2\/pages"}],"about":[{"href":"https:\/\/colomboarchitecture.com\/es\/wp-json\/wp\/v2\/types\/page"}],"author":[{"embeddable":true,"href":"https:\/\/colomboarchitecture.com\/es\/wp-json\/wp\/v2\/users\/1"}],"replies":[{"embeddable":true,"href":"https:\/\/colomboarchitecture.com\/es\/wp-json\/wp\/v2\/comments?post=1013"}],"version-history":[{"count":16,"href":"https:\/\/colomboarchitecture.com\/es\/wp-json\/wp\/v2\/pages\/1013\/revisions"}],"predecessor-version":[{"id":1549,"href":"https:\/\/colomboarchitecture.com\/es\/wp-json\/wp\/v2\/pages\/1013\/revisions\/1549"}],"wp:attachment":[{"href":"https:\/\/colomboarchitecture.com\/es\/wp-json\/wp\/v2\/media?parent=1013"}],"curies":[{"name":"wp","href":"https:\/\/api.w.org\/{rel}","templated":true}]}}